{"id":3487,"date":"2024-05-15T22:54:20","date_gmt":"2024-05-15T19:54:20","guid":{"rendered":"https:\/\/ecoshop.ee\/?page_id=3487"},"modified":"2026-02-16T19:21:29","modified_gmt":"2026-02-16T16:21:29","slug":"myyntiehdot","status":"publish","type":"page","link":"https:\/\/ecoshop.ee\/fi\/muugitingimused\/","title":{"rendered":"Myyntiehdot"},"content":{"rendered":"<div data-elementor-type=\"wp-page\" data-elementor-id=\"3487\" class=\"elementor elementor-3487\">\n\t\t\t\t<div class=\"elementor-element elementor-element-488a1bc e-flex e-con-boxed e-con e-parent\" data-id=\"488a1bc\" data-element_type=\"container\">\n\t\t\t\t\t<div class=\"e-con-inner\">\n\t\t\t\t<div class=\"elementor-element elementor-element-6564d95 elementor-widget elementor-widget-heading\" data-id=\"6564d95\" data-element_type=\"widget\" data-widget_type=\"heading.default\">\n\t\t\t\t\t<h2 class=\"elementor-heading-title elementor-size-default\">Verkkokaupan k\u00e4ytt\u00f6ehdot<\/h2>\t\t\t\t<\/div>\n\t\t\t\t<div class=\"elementor-element elementor-element-9ef4474 elementor-widget elementor-widget-spacer\" data-id=\"9ef4474\" data-element_type=\"widget\" data-widget_type=\"spacer.default\">\n\t\t\t\t\t\t\t<div class=\"elementor-spacer\">\n\t\t\t<div class=\"elementor-spacer-inner\"><\/div>\n\t\t<\/div>\n\t\t\t\t\t\t<\/div>\n\t\t\t\t<div class=\"elementor-element elementor-element-fb2574c elementor-widget elementor-widget-text-editor\" data-id=\"fb2574c\" data-element_type=\"widget\" data-widget_type=\"text-editor.default\">\n\t\t\t\t\t\t\t\t\t<p><span style=\"color: var(--text-color); font-size: 14px; font-weight: 400; letter-spacing: 0.02em; text-align: var(--text-align-left); font-family: var(--font-text);\">Verkkokaupan ecoshop.ee omistaja on PlantBased O\u00dc (rekisterinumero 17045194<\/span><span style=\"color: var(--text-color); font-size: 14px; font-weight: 400; letter-spacing: 0.02em; text-align: var(--text-align-left); font-family: var(--font-text);\">).<\/span><\/p>\t\t\t\t\t\t\t\t<\/div>\n\t\t\t\t<div class=\"elementor-element elementor-element-2ef49ae elementor-widget elementor-widget-spacer\" data-id=\"2ef49ae\" data-element_type=\"widget\" data-widget_type=\"spacer.default\">\n\t\t\t\t\t\t\t<div class=\"elementor-spacer\">\n\t\t\t<div class=\"elementor-spacer-inner\"><\/div>\n\t\t<\/div>\n\t\t\t\t\t\t<\/div>\n\t\t\t\t<div class=\"elementor-element elementor-element-5b99c36 elementor-widget elementor-widget-heading\" data-id=\"5b99c36\" data-element_type=\"widget\" data-widget_type=\"heading.default\">\n\t\t\t\t\t<h2 class=\"elementor-heading-title elementor-size-default\">Myyntisopimuksen, tuote- ja hintatietojen p\u00e4tevyys<\/h2>\t\t\t\t<\/div>\n\t\t\t\t<div class=\"elementor-element elementor-element-5f658a3 elementor-widget elementor-widget-spacer\" data-id=\"5f658a3\" data-element_type=\"widget\" data-widget_type=\"spacer.default\">\n\t\t\t\t\t\t\t<div class=\"elementor-spacer\">\n\t\t\t<div class=\"elementor-spacer-inner\"><\/div>\n\t\t<\/div>\n\t\t\t\t\t\t<\/div>\n\t\t\t\t<div class=\"elementor-element elementor-element-bfc24cb elementor-widget elementor-widget-text-editor\" data-id=\"bfc24cb\" data-element_type=\"widget\" data-widget_type=\"text-editor.default\">\n\t\t\t\t\t\t\t\t\t<p>Myyntiehdot koskevat verkkokaupasta ostettuja tuotteita.<\/p><p>Verkkokaupassa myyt\u00e4vien tuotteiden hinnat on ilmoitettu tuotteiden vieress\u00e4. Hintaan lis\u00e4t\u00e4\u00e4n toimitusmaksu. Kaikkien verkkokaupassa myyt\u00e4vien tuotteiden hinnat ovat euroissa.<\/p><p>Toimitusmaksu riippuu ostajan sijainnista ja toimitustavasta. Toimitusmaksu n\u00e4ytet\u00e4\u00e4n ostajalle tilauksen teon yhteydess\u00e4.<\/p><p>Tuotteen tiedot l\u00f6ytyv\u00e4t verkkokaupasta suoraan tuotteen vierest\u00e4.<\/p>\t\t\t\t\t\t\t\t<\/div>\n\t\t\t\t<div class=\"elementor-element elementor-element-83b24d8 elementor-widget elementor-widget-spacer\" data-id=\"83b24d8\" data-element_type=\"widget\" data-widget_type=\"spacer.default\">\n\t\t\t\t\t\t\t<div class=\"elementor-spacer\">\n\t\t\t<div class=\"elementor-spacer-inner\"><\/div>\n\t\t<\/div>\n\t\t\t\t\t\t<\/div>\n\t\t\t\t<div class=\"elementor-element elementor-element-3ed3db8 elementor-widget elementor-widget-heading\" data-id=\"3ed3db8\" data-element_type=\"widget\" data-widget_type=\"heading.default\">\n\t\t\t\t\t<h2 class=\"elementor-heading-title elementor-size-default\">Tilauksen k\u00e4sittely<\/h2>\t\t\t\t<\/div>\n\t\t\t\t<div class=\"elementor-element elementor-element-658bdc4 elementor-widget elementor-widget-spacer\" data-id=\"658bdc4\" data-element_type=\"widget\" data-widget_type=\"spacer.default\">\n\t\t\t\t\t\t\t<div class=\"elementor-spacer\">\n\t\t\t<div class=\"elementor-spacer-inner\"><\/div>\n\t\t<\/div>\n\t\t\t\t\t\t<\/div>\n\t\t\t\t<div class=\"elementor-element elementor-element-148a99c elementor-widget elementor-widget-text-editor\" data-id=\"148a99c\" data-element_type=\"widget\" data-widget_type=\"text-editor.default\">\n\t\t\t\t\t\t\t\t\t<p>Tilataksesi tuotteita sinun on lis\u00e4tt\u00e4v\u00e4 haluamasi tuotteet ostoskoriin. Tilauksen viimeistelemiseksi sinun on t\u00e4ytett\u00e4v\u00e4 pakolliset tietokent\u00e4t ja valittava tuotteille sopiva toimitustapa. Maksun summa n\u00e4kyy sitten n\u00e4yt\u00f6ll\u00e4, ja sen voi maksaa turvallisesti seuraavilla maksutavoilla:<\/p><ul><li>Virolaiset pankkimaksut: Swedbank, SEB, Luminor, LHV, Coop Pank, Citadele jne.<\/li><li>Visa\/Mastercard\/Apple Pay\/Google Pay -korttimaksut<\/li><li>Yli 75 euron ostokset voi maksaa Inbankin kautta jopa kolmessa er\u00e4ss\u00e4 ilman korkoa.<\/li><li>Yli 100 euron ostokset voi maksaa osamaksulla jopa 72 kuukauden ajan Inbankin kautta.<\/li><\/ul><p>Huom! Maksaessasi pankkilinkill\u00e4, muista klikata pankkisivulla olevaa &quot;Palaa kauppiaalle&quot; -painiketta.<\/p><p>Maksut suoritetaan <a href=\"https:\/\/montonio.ee\/\" target=\"_blank\" rel=\"noopener\">Montonio Finance UAB<\/a>. Maksu tapahtuu verkkokaupan ulkopuolella turvallisessa ymp\u00e4rist\u00f6ss\u00e4 \u2013 pankkilinkill\u00e4 maksettaessa kyseisen pankin turvallisessa ymp\u00e4rist\u00f6ss\u00e4 ja luottokortilla maksettaessa Montonio Finance UAB:n turvallisessa ymp\u00e4rist\u00f6ss\u00e4. Myyj\u00e4ll\u00e4 ei ole p\u00e4\u00e4sy\u00e4 asiakkaan pankki- ja luottokorttitietoihin. Sopimus tulee voimaan, kun maksettava summa on vastaanotettu verkkokaupan k\u00e4ytt\u00f6tilille.<\/p><p>Ecoshop.ee tarjoaa mahdollisuuden vastaanottaa verkkolaskun ostoksistasi. T\u00e4m\u00e4 on erityisen t\u00e4rke\u00e4\u00e4 julkisen sektorin laitoksille (paikallishallinnot, p\u00e4iv\u00e4kodit, koulut jne.), jotka eiv\u00e4t hyv\u00e4ksy tavallisia laskuja. Jos haluat verkkolaskun, l\u00e4het\u00e4 tilauksesi seuraavaan s\u00e4hk\u00f6postiosoitteeseen: <a class=\"underline underline underline-offset-2 decoration-1 decoration-current\/40 hover:decoration-current focus:decoration-current\" href=\"mailto:info@ecoshop.ee\">info@ecoshop.ee<\/a>. Muista kirjoittaa s\u00e4hk\u00f6postiin, mitk\u00e4 tuotteet ja kuinka monta kappaletta haluat tilata, ja sis\u00e4llytt\u00e4\u00e4 mukaan verkkolaskun vastaanottavan laitoksen tiedot sek\u00e4 toimitusosoite.<\/p><p>Verkkokaupan omistaja on henkil\u00f6tietojen rekisterinpit\u00e4j\u00e4 ja siirt\u00e4\u00e4 maksujen suorittamiseen tarvittavat henkil\u00f6tiedot valtuutetulle k\u00e4sittelij\u00e4lle Montonio Finance UAB:lle.<\/p><p>Jos tilattuja tavaroita ei voida toimittaa tuotteiden loppumisen tai muun syyn vuoksi, ostajalle ilmoitetaan asiasta mahdollisimman pian ja maksetut rahat (mukaan lukien tuotteiden toimituskulut) palautetaan v\u00e4litt\u00f6m\u00e4sti, mutta viimeist\u00e4\u00e4n 14 p\u00e4iv\u00e4n kuluessa ilmoituksen l\u00e4hett\u00e4misest\u00e4.<\/p>\t\t\t\t\t\t\t\t<\/div>\n\t\t\t\t<div class=\"elementor-element elementor-element-3f10d38 elementor-widget elementor-widget-spacer\" data-id=\"3f10d38\" data-element_type=\"widget\" data-widget_type=\"spacer.default\">\n\t\t\t\t\t\t\t<div class=\"elementor-spacer\">\n\t\t\t<div class=\"elementor-spacer-inner\"><\/div>\n\t\t<\/div>\n\t\t\t\t\t\t<\/div>\n\t\t\t\t<div class=\"elementor-element elementor-element-28670ec elementor-widget elementor-widget-heading\" data-id=\"28670ec\" data-element_type=\"widget\" data-widget_type=\"heading.default\">\n\t\t\t\t\t<h2 class=\"elementor-heading-title elementor-size-default\">Toimitus<\/h2>\t\t\t\t<\/div>\n\t\t\t\t<div class=\"elementor-element elementor-element-84ae915 elementor-widget elementor-widget-spacer\" data-id=\"84ae915\" data-element_type=\"widget\" data-widget_type=\"spacer.default\">\n\t\t\t\t\t\t\t<div class=\"elementor-spacer\">\n\t\t\t<div class=\"elementor-spacer-inner\"><\/div>\n\t\t<\/div>\n\t\t\t\t\t\t<\/div>\n\t\t\t\t<div class=\"elementor-element elementor-element-91219f9 elementor-widget elementor-widget-text-editor\" data-id=\"91219f9\" data-element_type=\"widget\" data-widget_type=\"text-editor.default\">\n\t\t\t\t\t\t\t\t\t<p>Tuotteita toimitetaan seuraaviin maihin: Viro<\/p><p>Ostajalla on seuraavat vaihtoehdot tavaroiden vastaanottamiseen: Kaikki Smartpostin, DPD:n ja Omnivan pakettiautomaatit kaikkialla Virossa. Lis\u00e4ksi tavarat on mahdollista tilata kotiin Venipak-kuriirilla.<\/p><p>Ostaja vastaa tavaroiden toimituskuluista ja vastaava hintatieto n\u00e4kyy toimitustavan vieress\u00e4.<\/p><p>Viron sis\u00e4iset l\u00e4hetykset saapuvat yleens\u00e4 ostajan ilmoittamaan m\u00e4\u00e4r\u00e4np\u00e4\u00e4h\u00e4n kolmen arkip\u00e4iv\u00e4n kuluessa myyntisopimuksen voimaantulosta.<\/p><p>Poikkeustapauksissa verkkokaupalla on oikeus toimittaa tavarat asiakkaalle edell\u00e4 mainittua ajanjaksoa my\u00f6hemmin. Syit\u00e4 voivat olla kuriiriyritysten odottamattomat ylikuormitukset, ty\u00f6ntekij\u00f6iden sairaudet tai poissaolot henkil\u00f6kohtaisista syist\u00e4.<\/p><p>Poikkeustapauksissa verkkokaupalla on oikeus kielt\u00e4yty\u00e4 toimittamasta tavaroita. Syyn\u00e4 voi olla tavallista korkeammat toimituskulut, esimerkiksi toimitus saarille. T\u00e4llaisissa tapauksissa veloitamme lis\u00e4maksun toimituksesta tai peruutamme tilauksen ja l\u00e4het\u00e4mme hyvityksen.<\/p>\t\t\t\t\t\t\t\t<\/div>\n\t\t\t\t<div class=\"elementor-element elementor-element-6ef61f2 elementor-widget elementor-widget-spacer\" data-id=\"6ef61f2\" data-element_type=\"widget\" data-widget_type=\"spacer.default\">\n\t\t\t\t\t\t\t<div class=\"elementor-spacer\">\n\t\t\t<div class=\"elementor-spacer-inner\"><\/div>\n\t\t<\/div>\n\t\t\t\t\t\t<\/div>\n\t\t\t\t<div class=\"elementor-element elementor-element-7808d2b elementor-widget elementor-widget-heading\" data-id=\"7808d2b\" data-element_type=\"widget\" data-widget_type=\"heading.default\">\n\t\t\t\t\t<h2 class=\"elementor-heading-title elementor-size-default\">Peruuttamisoikeus<\/h2>\t\t\t\t<\/div>\n\t\t\t\t<div class=\"elementor-element elementor-element-d8b4c38 elementor-widget elementor-widget-spacer\" data-id=\"d8b4c38\" data-element_type=\"widget\" data-widget_type=\"spacer.default\">\n\t\t\t\t\t\t\t<div class=\"elementor-spacer\">\n\t\t\t<div class=\"elementor-spacer-inner\"><\/div>\n\t\t<\/div>\n\t\t\t\t\t\t<\/div>\n\t\t\t\t<div class=\"elementor-element elementor-element-0d328a4 elementor-widget elementor-widget-text-editor\" data-id=\"0d328a4\" data-element_type=\"widget\" data-widget_type=\"text-editor.default\">\n\t\t\t\t\t\t\t\t\t<p>Tilauksen vastaanottamisen j\u00e4lkeen ostajalla on oikeus peruuttaa verkkokaupassa tehty sopimus 14 p\u00e4iv\u00e4n kuluessa.<\/p>\n<p>Peruuttamisoikeus ei ole voimassa, jos ostaja on oikeushenkil\u00f6.<\/p>\n<p>14 p\u00e4iv\u00e4n palautusoikeuden k\u00e4ytt\u00e4miseksi tilattuja tuotteita ei saa k\u00e4ytt\u00e4\u00e4 muulla tavoin kuin on tarpeen tavaroiden luonteen, ominaisuuksien ja toiminnan varmistamiseksi samalla tavalla kuin niit\u00e4 on sallittu testata fyysisess\u00e4 myym\u00e4l\u00e4ss\u00e4.<\/p>\n<p>Palautusoikeus ei koske tuotteita, joiden pakkaus on avattu tai vaurioitunut. Palautettujen tuotteiden on oltava alkuper\u00e4isess\u00e4 kunnossa, eik\u00e4 niiden saa olla vaurioituneita mill\u00e4\u00e4n tavalla. Tuotteen sis\u00e4ll\u00f6n tai pakkauksen vaurioituminen s\u00e4ilytysolosuhteiden tai muiden k\u00e4sittelyyn liittyvien syiden vuoksi mit\u00e4t\u00f6i palautusoikeuden. Lyhyen s\u00e4ilyvyyden omaavien tuoreiden elintarvikkeiden ja parasta ennen -p\u00e4iv\u00e4yksen ylitt\u00e4neiden tuotteiden palautus toimituksen j\u00e4lkeen ei ole sallittua.<\/p>\n<p>Palauttaaksesi tavarat sinun on l\u00e4hetett\u00e4v\u00e4 peruutuslomake k\u00e4ytt\u00e4m\u00e4ll\u00e4&nbsp;<a href=\"http:\/\/ecoshop.ee\/fi\/yhteystiedot\/\">yhteydenottolomake<\/a> tai l\u00e4hett\u00e4m\u00e4ll\u00e4 s\u00e4hk\u00f6postia osoitteeseen info@ecoshop.ee viimeist\u00e4\u00e4n 14 p\u00e4iv\u00e4n kuluessa tavaran vastaanottamisesta. Ilmoita hakemuksessa, mitk\u00e4 tuotteet haluat peruuttaa, tilausnumerosi ja yhteystietosi; voit sitten tehd\u00e4 palautuksen valitsemasi pakettiautomaatin kautta. Palautukset on l\u00e4hetett\u00e4v\u00e4 Rimin pakettiautomaattiin Tarton Rebasessa.<\/p>\n<p>Myyj\u00e4 vastaa tavaroiden palautuskustannuksista, mutta vain jos palautuksesta on etuk\u00e4teen sovittu myyj\u00e4n kanssa eik\u00e4 se ylit\u00e4 myyntihetkell\u00e4 hinnastossa ilmoitettua toimituskulua. Ostaja vastaa virheellisesti tai kohtuuttomilla palautuskuluilla palautetun tuotteen palautuskustannuksista, jotka v\u00e4hennet\u00e4\u00e4n hyvityksen summasta.<\/p>\n<p>Ostajan on palautettava tavarat viipym\u00e4tt\u00e4 14 p\u00e4iv\u00e4n kuluessa hakemuksen j\u00e4tt\u00e4misest\u00e4 tai esitett\u00e4v\u00e4 todiste siit\u00e4, ett\u00e4 h\u00e4n on luovuttanut tavarat kuljettajalle edell\u00e4 mainitussa ajassa.<\/p>\n<p>Verkkokauppa hyvitt\u00e4\u00e4 ostajalle palautetut tavarat v\u00e4litt\u00f6m\u00e4sti, mutta viimeist\u00e4\u00e4n 14 p\u00e4iv\u00e4n kuluessa peruuttamislomakkeen vastaanottamisesta, kaikki ostajalta sopimuksen nojalla saadut maksut.<\/p>\n<p>Verkkokauppa voi kielt\u00e4yty\u00e4 hyvityksist\u00e4, kunnes se on vastaanottanut sopimuksen kohteena olevan tuotteen.<\/p>\n<p>Jos ostaja on nimenomaisesti valinnut toimitustavaksi muun kuin Verkkokaupan tarjoaman halvimman vakiotoimitustavan, Verkkokauppa ei ole velvollinen palauttamaan kuluttajalle mit\u00e4\u00e4n kuluja, jotka ylitt\u00e4v\u00e4t vakiotoimitustapaan liittyv\u00e4t kustannukset.<\/p>\n<p>Verkkokaupalla on oikeus peruuttaa myyntitapahtuma ja vaatia ostajalta tuotteen palautusta, jos tuotteen hinta verkkokaupassa on virheen vuoksi merkitty merkitt\u00e4v\u00e4sti tuotteen markkinahintaa alhaisemmaksi tai jos on vahingossa l\u00e4hetetty v\u00e4\u00e4r\u00e4 tuote.<\/p>\t\t\t\t\t\t\t\t<\/div>\n\t\t\t\t<div class=\"elementor-element elementor-element-cc8d126 elementor-widget elementor-widget-spacer\" data-id=\"cc8d126\" data-element_type=\"widget\" data-widget_type=\"spacer.default\">\n\t\t\t\t\t\t\t<div class=\"elementor-spacer\">\n\t\t\t<div class=\"elementor-spacer-inner\"><\/div>\n\t\t<\/div>\n\t\t\t\t\t\t<\/div>\n\t\t\t\t<div class=\"elementor-element elementor-element-106bd13 elementor-widget elementor-widget-heading\" data-id=\"106bd13\" data-element_type=\"widget\" data-widget_type=\"heading.default\">\n\t\t\t\t\t<h2 class=\"elementor-heading-title elementor-size-default\">Oikeus tehd\u00e4 korvausvaatimus<\/h2>\t\t\t\t<\/div>\n\t\t\t\t<div class=\"elementor-element elementor-element-468f5fd elementor-widget elementor-widget-spacer\" data-id=\"468f5fd\" data-element_type=\"widget\" data-widget_type=\"spacer.default\">\n\t\t\t\t\t\t\t<div class=\"elementor-spacer\">\n\t\t\t<div class=\"elementor-spacer-inner\"><\/div>\n\t\t<\/div>\n\t\t\t\t\t\t<\/div>\n\t\t\t\t<div class=\"elementor-element elementor-element-51aa5ca elementor-widget elementor-widget-text-editor\" data-id=\"51aa5ca\" data-element_type=\"widget\" data-widget_type=\"text-editor.default\">\n\t\t\t\t\t\t\t\t\t<p>Verkkokauppa on vastuussa kaikista sopimusehtojen vastaisista tai ostajalle myydyiss\u00e4 tavaroissa olevista virheist\u00e4, jotka olivat olemassa jo toimitushetkell\u00e4 ja jotka ilmenev\u00e4t tavaroiden alkuper\u00e4isen tarkastuksen yhteydess\u00e4 viimeist\u00e4\u00e4n kahden viikon kuluessa tavaroiden toimittamisesta ostajalle.<\/p><p>Ostajalla on oikeus ottaa yhteytt\u00e4 verkkokauppaan kahden viikon kuluessa virheen havaitsemisesta l\u00e4hett\u00e4m\u00e4ll\u00e4 s\u00e4hk\u00f6postia osoitteeseen info@ecoshop.ee tai soittamalla numeroon +372 5555 1911.<\/p><p>Verkkokauppa ei ole vastuussa virheist\u00e4, jotka ovat syntyneet sen j\u00e4lkeen, kun tavarat on toimitettu ostajalle.<\/p><p>Jos verkkokaupasta ostetuissa tuotteissa on virheit\u00e4, joista verkkokauppa on vastuussa, verkkokauppa korjaa tai vaihtaa viallisen tuotteen. Jos tuotetta ei voida korjata tai vaihtaa, verkkokauppa hyvitt\u00e4\u00e4 ostajalle kaikki myyntisopimuksesta aiheutuneet maksut.<\/p><p>Verkkokauppa vastaa kuluttajan tekem\u00e4\u00e4n valitukseen kirjallisesti tai kirjallisen toisinnon mahdollistavassa muodossa 14 p\u00e4iv\u00e4n kuluessa.<\/p>\t\t\t\t\t\t\t\t<\/div>\n\t\t\t\t<div class=\"elementor-element elementor-element-7449fef elementor-widget elementor-widget-spacer\" data-id=\"7449fef\" data-element_type=\"widget\" data-widget_type=\"spacer.default\">\n\t\t\t\t\t\t\t<div class=\"elementor-spacer\">\n\t\t\t<div class=\"elementor-spacer-inner\"><\/div>\n\t\t<\/div>\n\t\t\t\t\t\t<\/div>\n\t\t\t\t<div class=\"elementor-element elementor-element-738c776 elementor-widget elementor-widget-heading\" data-id=\"738c776\" data-element_type=\"widget\" data-widget_type=\"heading.default\">\n\t\t\t\t\t<h2 class=\"elementor-heading-title elementor-size-default\">Suoramarkkinointi ja henkil\u00f6tietojen k\u00e4sittely\n\n<\/h2>\t\t\t\t<\/div>\n\t\t\t\t<div class=\"elementor-element elementor-element-6d4134b elementor-widget elementor-widget-spacer\" data-id=\"6d4134b\" data-element_type=\"widget\" data-widget_type=\"spacer.default\">\n\t\t\t\t\t\t\t<div class=\"elementor-spacer\">\n\t\t\t<div class=\"elementor-spacer-inner\"><\/div>\n\t\t<\/div>\n\t\t\t\t\t\t<\/div>\n\t\t\t\t<div class=\"elementor-element elementor-element-ff837cb elementor-widget elementor-widget-text-editor\" data-id=\"ff837cb\" data-element_type=\"widget\" data-widget_type=\"text-editor.default\">\n\t\t\t\t\t\t\t\t\t<p>Verkkokauppa k\u00e4ytt\u00e4\u00e4 ostajan antamia henkil\u00f6tietoja ainoastaan tilauksen k\u00e4sittelyyn ja tavaroiden l\u00e4hett\u00e4miseen ostajalle. Verkkokauppa siirt\u00e4\u00e4 henkil\u00f6tiedot toimituspalvelun tarjoavalle yritykselle tavaroiden toimittamiseksi.<\/p><p>Verkkokauppa l\u00e4hett\u00e4\u00e4 uutiskirjeit\u00e4 ja tarjouksia ostajan s\u00e4hk\u00f6postiosoitteeseen vain, jos ostaja on ilmaissut halunsa l\u00e4hett\u00e4\u00e4 ne antamalla s\u00e4hk\u00f6postiosoitteensa verkkosivustolla ja ilmoittanut haluavansa vastaanottaa suoramainontailmoituksia.<\/p><p>Ostaja voi milloin tahansa kielt\u00e4yty\u00e4 s\u00e4hk\u00f6postiinsa l\u00e4hetetyist\u00e4 tarjouksista ja uutiskirjeist\u00e4 ilmoittamalla siit\u00e4 meille s\u00e4hk\u00f6postitse tai noudattamalla tarjouksia sis\u00e4lt\u00e4v\u00e4ss\u00e4 s\u00e4hk\u00f6postiviestiss\u00e4 annettuja ohjeita.<\/p>\t\t\t\t\t\t\t\t<\/div>\n\t\t\t\t<div class=\"elementor-element elementor-element-d75b36a elementor-widget elementor-widget-spacer\" data-id=\"d75b36a\" data-element_type=\"widget\" data-widget_type=\"spacer.default\">\n\t\t\t\t\t\t\t<div class=\"elementor-spacer\">\n\t\t\t<div class=\"elementor-spacer-inner\"><\/div>\n\t\t<\/div>\n\t\t\t\t\t\t<\/div>\n\t\t\t\t<div class=\"elementor-element elementor-element-a19a87a elementor-widget elementor-widget-heading\" data-id=\"a19a87a\" data-element_type=\"widget\" data-widget_type=\"heading.default\">\n\t\t\t\t\t<h2 class=\"elementor-heading-title elementor-size-default\">Riitojenratkaisu<\/h2>\t\t\t\t<\/div>\n\t\t\t\t<div class=\"elementor-element elementor-element-f381710 elementor-widget elementor-widget-spacer\" data-id=\"f381710\" data-element_type=\"widget\" data-widget_type=\"spacer.default\">\n\t\t\t\t\t\t\t<div class=\"elementor-spacer\">\n\t\t\t<div class=\"elementor-spacer-inner\"><\/div>\n\t\t<\/div>\n\t\t\t\t\t\t<\/div>\n\t\t\t\t<div class=\"elementor-element elementor-element-6f10c97 elementor-widget elementor-widget-text-editor\" data-id=\"6f10c97\" data-element_type=\"widget\" data-widget_type=\"text-editor.default\">\n\t\t\t\t\t\t\t\t\t<p>Jos ostajalla on valituksia verkkokaupasta, ne tulee l\u00e4hett\u00e4\u00e4 s\u00e4hk\u00f6postitse osoitteeseen info@ecoshop.ee tai puhelimitse numeroon +372 5555 1911.<\/p><p>Jos ostaja ja verkkokauppa eiv\u00e4t pysty ratkaisemaan riitaa sopimuksella, ostaja voi ottaa yhteytt\u00e4 kuluttajariitalautakuntaan. Voit tarkastella menettelyehtoja ja tehd\u00e4 hakemuksen.\u00a0<a href=\"https:\/\/ttja.ee\/tarbijavaidluste-komisjon\">t\u00e4ss\u00e4<\/a>. Kuluttajariitalautakunta on toimivaltainen ratkaisemaan ostajan ja verkkokaupan v\u00e4lisest\u00e4 sopimuksesta johtuvat riidat. Ostajan valituksen k\u00e4sittely lautakunnassa on maksutonta.<\/p><p>Ostaja voi ottaa yhteytt\u00e4 Euroopan unionin kuluttajariitojen ratkaisufoorumiin\u00a0<a href=\"https:\/\/ec.europa.eu\/consumers\/odr\/main\/index.cfm?event=main.home2.show&amp;lng=ET\" target=\"_blank\" rel=\"noopener noreferrer\">puoli<\/a>.<\/p>\t\t\t\t\t\t\t\t<\/div>\n\t\t\t\t<div class=\"elementor-element elementor-element-91a246b elementor-widget elementor-widget-spacer\" data-id=\"91a246b\" data-element_type=\"widget\" data-widget_type=\"spacer.default\">\n\t\t\t\t\t\t\t<div class=\"elementor-spacer\">\n\t\t\t<div class=\"elementor-spacer-inner\"><\/div>\n\t\t<\/div>\n\t\t\t\t\t\t<\/div>\n\t\t\t\t<div class=\"elementor-element elementor-element-6ad361c elementor-widget elementor-widget-text-editor\" data-id=\"6ad361c\" data-element_type=\"widget\" data-widget_type=\"text-editor.default\">\n\t\t\t\t\t\t\t\t\t<p>Viimeksi p\u00e4ivitetty: 28.12.2025<\/p>\t\t\t\t\t\t\t\t<\/div>\n\t\t\t\t\t<\/div>\n\t\t\t\t<\/div>\n\t\t\t\t<\/div>","protected":false},"excerpt":{"rendered":"<p>Veebipoe m\u00fc\u00fcgitingimused Veebipoe ecoshop.ee omanik on PlantBased O\u00dc (registrikood 17045194). M\u00fc\u00fcgilepingu kehtivus, kauba- ja hinnainfo M\u00fc\u00fcgitingimused kehtivad Veebipoest kaupade ostmisel. Veebipoes m\u00fc\u00fcdavate&hellip;<\/p>","protected":false},"author":1,"featured_media":0,"parent":0,"menu_order":0,"comment_status":"closed","ping_status":"closed","template":"","meta":{"wprm-recipe-roundup-name":"","wprm-recipe-roundup-description":"","footnotes":""},"class_list":["post-3487","page","type-page","status-publish","hentry"],"aioseo_notices":[],"_links":{"self":[{"href":"https:\/\/ecoshop.ee\/fi\/wp-json\/wp\/v2\/pages\/3487","targetHints":{"allow":["GET"]}}],"collection":[{"href":"https:\/\/ecoshop.ee\/fi\/wp-json\/wp\/v2\/pages"}],"about":[{"href":"https:\/\/ecoshop.ee\/fi\/wp-json\/wp\/v2\/types\/page"}],"author":[{"embeddable":true,"href":"https:\/\/ecoshop.ee\/fi\/wp-json\/wp\/v2\/users\/1"}],"replies":[{"embeddable":true,"href":"https:\/\/ecoshop.ee\/fi\/wp-json\/wp\/v2\/comments?post=3487"}],"version-history":[{"count":0,"href":"https:\/\/ecoshop.ee\/fi\/wp-json\/wp\/v2\/pages\/3487\/revisions"}],"wp:attachment":[{"href":"https:\/\/ecoshop.ee\/fi\/wp-json\/wp\/v2\/media?parent=3487"}],"curies":[{"name":"wp","href":"https:\/\/api.w.org\/{rel}","templated":true}]}}