{"id":10084,"date":"2024-12-05T23:30:22","date_gmt":"2024-12-05T20:30:22","guid":{"rendered":"https:\/\/ecoshop.ee\/?post_type=product&#038;p=10084"},"modified":"2026-05-11T23:17:32","modified_gmt":"2026-05-11T20:17:32","slug":"vegaaninen-monivitamiini-lapsille-n60","status":"publish","type":"product","link":"https:\/\/ecoshop.ee\/fi\/vegan-toidulisandid\/vegan-multivitamiin-lastele-n60\/","title":{"rendered":"Lasten monivitamiini, N60"},"content":{"rendered":"<p><strong>Pureskelutabletit jokap\u00e4iv\u00e4iseen terveyteen \u2013 18 v\u00e4ltt\u00e4m\u00e4t\u00f6nt\u00e4 vitamiinia ja kivenn\u00e4isainetta.<\/strong><\/p>\n<p>Tue lapsesi tervett\u00e4 kasvua ja kehityst\u00e4 Vegetologyn vegaanisella monivitamiinilla, joka on erityisesti lapsille kehitetty! Lasten MultiVit sis\u00e4lt\u00e4\u00e4 18 v\u00e4ltt\u00e4m\u00e4t\u00f6nt\u00e4 ravintoainetta, mukaan lukien A-, C-, D3-, E-, K2- ja B-vitamiinikompleksi, sek\u00e4 foolihappoa, rautaa ja sinkki\u00e4. N\u00e4m\u00e4 ravintoaineet tukevat immuunij\u00e4rjestelm\u00e4\u00e4, energiantuotantoa, keskittymiskyky\u00e4, luuston vahvuutta ja silmien terveytt\u00e4. Pureskeltavat tabletit, joissa on hienovarainen mansikka-vaniljan maku, tekev\u00e4t terveen\u00e4 pysymisest\u00e4 herkullista ja hauskaa.<\/p>\n<p><strong>T\u00e4rkeimm\u00e4t edut:<\/strong><\/p>\n<ul>\n<li><strong>Immuunij\u00e4rjestelm\u00e4n tuki:<\/strong> C- ja D3-vitamiinit sek\u00e4 sinkki vahvistavat lapsesi vastustuskyky\u00e4 ja auttavat pit\u00e4m\u00e4\u00e4n h\u00e4net terveen\u00e4 ja kest\u00e4v\u00e4n\u00e4.<\/li>\n<li><strong>Kasvu ja kehitys:<\/strong> A-, D3- ja K2-vitamiinit sek\u00e4 B-vitamiinikompleksi tukevat luuston kehityst\u00e4, lihasten toimintaa ja yleist\u00e4 kasvua. Rauta edist\u00e4\u00e4 lasten rautavarastojen asianmukaista yll\u00e4pitoa ja kognitiivista kehityst\u00e4.<\/li>\n<li><strong>Energiavaraus:<\/strong> B-vitamiinit, mukaan lukien B6- ja B12-vitamiinit, sek\u00e4 foolihappo auttavat muuntamaan ruoan energiaksi pit\u00e4en lapsesi aktiivisena koko p\u00e4iv\u00e4n.<\/li>\n<li><strong>Aivotoiminnan tukeminen:<\/strong> E-vitamiini ja rauta tukevat keskittymiskyky\u00e4 ja aivojen kehityst\u00e4, auttaen lapsia pysym\u00e4\u00e4n valppaina koulussa ja leikkien aikana.<\/li>\n<li><strong>Ruoansulatuskanavan terveys:<\/strong> Inuliini tukee ruoansulatusta ja v\u00e4hent\u00e4\u00e4 ummetusta auttamalla ravintoaineita imeytym\u00e4\u00e4n paremmin.<\/li>\n<li><strong>Terve iho ja n\u00e4k\u00f6:<\/strong> A-vitamiini auttaa pit\u00e4m\u00e4\u00e4n ihon terveen\u00e4, kun taas E-vitamiini tukee silmien terveytt\u00e4.<\/li>\n<\/ul>\n<p><strong>Miksi valita Kids MultiVit?<\/strong><\/p>\n<ul>\n<li><strong>Vegaaninen ja tehokas koostumus:<\/strong> Sis\u00e4lt\u00e4\u00e4 huolella valittuja korkealaatuisia ravintoaineita, kuten D3-vitamiinia (kolekalsiferoli), K2-vitamiinia (MK-7), foolihappoa (5-MTHF) ja rautaa (rautafumaraatti), jotka varmistavat parhaan imeytymisen.<\/li>\n<li><strong>Puhdas ja luonnollinen:<\/strong> Sokeroimaton, ilman keinotekoisia v\u00e4riaineita tai s\u00e4il\u00f6nt\u00e4aineita.<\/li>\n<li><strong>Herkullisen herkullinen:<\/strong> Mansikka-vaniljan maku tekee vitamiinien nauttimisesta nautinnollisen p\u00e4ivitt\u00e4isen tavan.<\/li>\n<\/ul>\n<p>Vegetology Kids MultiVit \u2013 helppo tapa tukea lapsesi terveytt\u00e4 ja kehityst\u00e4!<\/p>\n<p>&nbsp;<\/p>\n<p><iframe title=\"L\u00f6yd\u00e4 paras lasten monivitamiini: vahva, loistava maku, ei kompromisseja!\" width=\"1160\" height=\"653\" src=\"https:\/\/www.youtube.com\/embed\/ZWGR_kQs8Do?feature=oembed\" frameborder=\"0\" allow=\"accelerometer; autoplay; clipboard-write; encrypted-media; gyroscope; picture-in-picture; web-share\" referrerpolicy=\"strict-origin-when-cross-origin\" allowfullscreen><\/iframe><\/p>","protected":false},"excerpt":{"rendered":"<p>N\u00e4rimistabletid igap\u00e4evaseks terviseks \u2013 18 olulist vitamiini ja mineraali. Toeta oma lapse tervislikku kasvu ja arengut spetsiaalselt lastele loodud Vegetology vegan multivitamiiniga!&hellip;<\/p>","protected":false},"featured_media":10093,"comment_status":"open","ping_status":"closed","template":"","meta":{"wprm-recipe-roundup-name":"","wprm-recipe-roundup-description":""},"product_brand":[12063],"product_cat":[318],"product_tag":[534,335],"class_list":{"0":"post-10084","1":"product","2":"type-product","3":"status-publish","4":"has-post-thumbnail","6":"product_brand-vegetology","7":"product_cat-vegan-toidulisandid","8":"product_tag-laste","9":"product_tag-multivitamiin","10":"j79_wcxd_expiry_type-best-before","12":"first","13":"instock","14":"taxable","15":"shipping-taxable","16":"purchasable","17":"product-type-simple"},"supplier_id":9147,"supplier_sku":"","barcode":"5060351380768","atum_controlled":true,"out_stock_date":null,"out_stock_threshold":null,"inheritable":false,"inbound_stock":0,"stock_on_hold":0,"sold_today":0,"sales_last_days":4,"reserved_stock":0,"customer_returns":0,"warehouse_damage":0,"lost_in_post":0,"other_logs":0,"out_stock_days":0,"lost_sales":0,"has_location":false,"update_date":"2026-05-12T21:04:38","atum_locations":[],"atum_stock_status":"instock","restock_status":true,"low_stock_amount":"","sales_update_date":"2026-05-12T21:04:38","calc_backorders":null,"aioseo_notices":[],"_links":{"self":[{"href":"https:\/\/ecoshop.ee\/fi\/wp-json\/wp\/v2\/product\/10084","targetHints":{"allow":["GET"]}}],"collection":[{"href":"https:\/\/ecoshop.ee\/fi\/wp-json\/wp\/v2\/product"}],"about":[{"href":"https:\/\/ecoshop.ee\/fi\/wp-json\/wp\/v2\/types\/product"}],"replies":[{"embeddable":true,"href":"https:\/\/ecoshop.ee\/fi\/wp-json\/wp\/v2\/comments?post=10084"}],"version-history":[{"count":0,"href":"https:\/\/ecoshop.ee\/fi\/wp-json\/wp\/v2\/product\/10084\/revisions"}],"wp:featuredmedia":[{"embeddable":true,"href":"https:\/\/ecoshop.ee\/fi\/wp-json\/wp\/v2\/media\/10093"}],"wp:attachment":[{"href":"https:\/\/ecoshop.ee\/fi\/wp-json\/wp\/v2\/media?parent=10084"}],"wp:term":[{"taxonomy":"product_brand","embeddable":true,"href":"https:\/\/ecoshop.ee\/fi\/wp-json\/wp\/v2\/product_brand?post=10084"},{"taxonomy":"product_cat","embeddable":true,"href":"https:\/\/ecoshop.ee\/fi\/wp-json\/wp\/v2\/product_cat?post=10084"},{"taxonomy":"product_tag","embeddable":true,"href":"https:\/\/ecoshop.ee\/fi\/wp-json\/wp\/v2\/product_tag?post=10084"}],"curies":[{"name":"wp","href":"https:\/\/api.w.org\/{rel}","templated":true}]}}