{"id":105240,"date":"2025-04-09T13:44:55","date_gmt":"2025-04-09T11:44:55","guid":{"rendered":"https:\/\/ecoshop.ee\/?post_type=product&#038;p=105240"},"modified":"2025-04-24T00:15:43","modified_gmt":"2025-04-23T21:15:43","slug":"yrttisuitsukkeita-ja-putoavaa-savua-violetti-lilja","status":"publish","type":"product","link":"https:\/\/ecoshop.ee\/fi\/viirukid\/taimsed-langeva-suitsuga-viirukikoonused-violett-liilia\/","title":{"rendered":"Yrttisuitsukekartiot putoavalla savulla \u2013 Violetti lilja"},"content":{"rendered":"<p class=\"\" data-start=\"125\" data-end=\"432\">K\u00e4sintehdyt suitsukekartiot, jotka luovat lumoavan savusuihkuefektin putoavalla savulla. Vahvemman tuoksupitoisuuden ansiosta tuoksu on intensiivinen ja pitk\u00e4kestoinen. Sopii k\u00e4ytett\u00e4v\u00e4ksi putoavaa savua k\u00e4ytt\u00e4vien suitsukepolttimien kanssa. Elegantti violetin liljan tuoksu auttaa luomaan rauhoittavan ja aistillisen tunnelman.<\/p>\n<ul>\n<li data-start=\"434\" data-end=\"578\">Valmistettu korkealaatuisista kasvimateriaaleista ja hartseista<\/li>\n<li data-start=\"434\" data-end=\"578\">Paloaika noin 30 minuuttia<\/li>\n<li data-start=\"434\" data-end=\"578\">M\u00e4\u00e4r\u00e4 per pakkaus: ~12 kappaletta<\/li>\n<\/ul>","protected":false},"excerpt":{"rendered":"<p>K\u00e4sitsi valmistatud viirukikoonused, mis loovad lummava suitsujugaefekti langeva suitsuga. Tugevama l\u00f5hnakontsentratsiooniga, mis tagab intensiivse ja kauakestva aroomi. Sobivad kasutamiseks langeva-suitsu viiruki p\u00f5letitega.&hellip;<\/p>","protected":false},"featured_media":105241,"comment_status":"open","ping_status":"closed","template":"","meta":{"wprm-recipe-roundup-name":"","wprm-recipe-roundup-description":""},"product_brand":[],"product_cat":[5751],"product_tag":[5752,5753],"class_list":{"0":"post-105240","1":"product","2":"type-product","3":"status-publish","4":"has-post-thumbnail","6":"product_cat-viirukid","7":"product_tag-langeva-suitsuga","8":"product_tag-viiruk","10":"first","11":"instock","12":"taxable","13":"shipping-taxable","14":"purchasable","15":"product-type-simple"},"supplier_id":105232,"supplier_sku":"","barcode":"5028769474264","atum_controlled":true,"out_stock_date":null,"out_stock_threshold":null,"inheritable":false,"inbound_stock":0,"stock_on_hold":0,"sold_today":0,"sales_last_days":0,"reserved_stock":0,"customer_returns":0,"warehouse_damage":0,"lost_in_post":0,"other_logs":0,"out_stock_days":0,"lost_sales":0,"has_location":false,"update_date":"2026-03-07T01:16:04","atum_locations":[],"atum_stock_status":"instock","restock_status":false,"low_stock_amount":"","sales_update_date":"2026-03-07T01:16:04","calc_backorders":null,"aioseo_notices":[],"_links":{"self":[{"href":"https:\/\/ecoshop.ee\/fi\/wp-json\/wp\/v2\/product\/105240","targetHints":{"allow":["GET"]}}],"collection":[{"href":"https:\/\/ecoshop.ee\/fi\/wp-json\/wp\/v2\/product"}],"about":[{"href":"https:\/\/ecoshop.ee\/fi\/wp-json\/wp\/v2\/types\/product"}],"replies":[{"embeddable":true,"href":"https:\/\/ecoshop.ee\/fi\/wp-json\/wp\/v2\/comments?post=105240"}],"version-history":[{"count":0,"href":"https:\/\/ecoshop.ee\/fi\/wp-json\/wp\/v2\/product\/105240\/revisions"}],"wp:featuredmedia":[{"embeddable":true,"href":"https:\/\/ecoshop.ee\/fi\/wp-json\/wp\/v2\/media\/105241"}],"wp:attachment":[{"href":"https:\/\/ecoshop.ee\/fi\/wp-json\/wp\/v2\/media?parent=105240"}],"wp:term":[{"taxonomy":"product_brand","embeddable":true,"href":"https:\/\/ecoshop.ee\/fi\/wp-json\/wp\/v2\/product_brand?post=105240"},{"taxonomy":"product_cat","embeddable":true,"href":"https:\/\/ecoshop.ee\/fi\/wp-json\/wp\/v2\/product_cat?post=105240"},{"taxonomy":"product_tag","embeddable":true,"href":"https:\/\/ecoshop.ee\/fi\/wp-json\/wp\/v2\/product_tag?post=105240"}],"curies":[{"name":"wp","href":"https:\/\/api.w.org\/{rel}","templated":true}]}}