{"id":105249,"date":"2025-04-09T14:25:05","date_gmt":"2025-04-09T12:25:05","guid":{"rendered":"https:\/\/ecoshop.ee\/?post_type=product&#038;p=105249"},"modified":"2025-04-24T00:14:05","modified_gmt":"2025-04-23T21:14:05","slug":"heimojen-sielun-putoava-savu-suitsukekartiot-valkoinen-kopali","status":"publish","type":"product","link":"https:\/\/ecoshop.ee\/fi\/viirukid\/tribal-soul-langeva-suitsuga-viirukikoonused-valge-kopaal\/","title":{"rendered":"Tribal Soul -suitsuketikku putoavalla savulla used \u2013 valkoinen kopali"},"content":{"rendered":"<p class=\"\" data-start=\"242\" data-end=\"588\">Kopalia pidet\u00e4\u00e4n pyh\u00e4n\u00e4 hartsina Keski-Amerikan alkuper\u00e4iskansojen keskuudessa. Mayat ja atsteekit tarjosivat sit\u00e4 jumalille tupakan ja kaakaon ohella arvokkaimpana lahjana. Nyky\u00e4\u00e4n kopalia k\u00e4ytet\u00e4\u00e4n shamanistisissa rituaaleissa energian puhdistamiseen ja suojelemiseen. Sen rikas, makea m\u00e4nnyn tuoksu auttaa luomaan rauhaa ja harmoniaa ja edist\u00e4\u00e4 positiivista muutosta.<\/p>\n<p class=\"\" data-start=\"590\" data-end=\"717\">K\u00e4sintehdyt suitsukekartiot, jotka luovat tehokkaan putoavan savusuihkun. Sopii ainoastaan putoavan savun suitsukepolttimille.<\/p>\n<ul>\n<li data-start=\"719\" data-end=\"863\">Valmistettu korkealaatuisista kasvimateriaaleista ja hartseista<\/li>\n<li data-start=\"719\" data-end=\"863\">Paloaika noin 30 minuuttia<\/li>\n<li data-start=\"719\" data-end=\"863\">M\u00e4\u00e4r\u00e4 per pakkaus: 10 kappaletta<\/li>\n<\/ul>\n<p class=\"\" data-start=\"865\" data-end=\"1022\"><strong data-start=\"865\" data-end=\"880\">K\u00e4ytt\u00f6:<\/strong> Sytyt\u00e4 kartion ter\u00e4v\u00e4 p\u00e4\u00e4 5\u201310 sekuntia, kunnes se alkaa hehkua. Sammuta liekki ja aseta kartio polttimeen. Parhaan tuloksen saavuttamiseksi pid\u00e4 poissa vedosta.<\/p>","protected":false},"excerpt":{"rendered":"<p>Kopaali peetakse Kesk-Ameerika p\u00f5lisrahvaste seas p\u00fchaks vaiguks. Maiad ja asteegid pakkusid seda jumalatele koos tubaka ja kakaoga kui k\u00f5ige v\u00e4\u00e4rtuslikumat andi. T\u00e4nap\u00e4eval&hellip;<\/p>","protected":false},"featured_media":105251,"comment_status":"open","ping_status":"closed","template":"","meta":{"wprm-recipe-roundup-name":"","wprm-recipe-roundup-description":""},"product_brand":[12009],"product_cat":[5751],"product_tag":[5752,5753],"class_list":{"0":"post-105249","1":"product","2":"type-product","3":"status-publish","4":"has-post-thumbnail","6":"product_brand-tribal-soul","7":"product_cat-viirukid","8":"product_tag-langeva-suitsuga","9":"product_tag-viiruk","11":"first","12":"instock","13":"sale","14":"taxable","15":"shipping-taxable","16":"purchasable","17":"product-type-simple"},"supplier_id":105232,"supplier_sku":"","barcode":"8901684617275","atum_controlled":true,"out_stock_date":null,"out_stock_threshold":null,"inheritable":false,"inbound_stock":0,"stock_on_hold":0,"sold_today":0,"sales_last_days":0,"reserved_stock":0,"customer_returns":0,"warehouse_damage":0,"lost_in_post":0,"other_logs":0,"out_stock_days":0,"lost_sales":0,"has_location":false,"update_date":"2026-03-07T01:16:04","atum_locations":[],"atum_stock_status":"instock","restock_status":false,"low_stock_amount":"","sales_update_date":"2026-03-07T01:16:04","calc_backorders":null,"aioseo_notices":[],"_links":{"self":[{"href":"https:\/\/ecoshop.ee\/fi\/wp-json\/wp\/v2\/product\/105249","targetHints":{"allow":["GET"]}}],"collection":[{"href":"https:\/\/ecoshop.ee\/fi\/wp-json\/wp\/v2\/product"}],"about":[{"href":"https:\/\/ecoshop.ee\/fi\/wp-json\/wp\/v2\/types\/product"}],"replies":[{"embeddable":true,"href":"https:\/\/ecoshop.ee\/fi\/wp-json\/wp\/v2\/comments?post=105249"}],"version-history":[{"count":0,"href":"https:\/\/ecoshop.ee\/fi\/wp-json\/wp\/v2\/product\/105249\/revisions"}],"wp:featuredmedia":[{"embeddable":true,"href":"https:\/\/ecoshop.ee\/fi\/wp-json\/wp\/v2\/media\/105251"}],"wp:attachment":[{"href":"https:\/\/ecoshop.ee\/fi\/wp-json\/wp\/v2\/media?parent=105249"}],"wp:term":[{"taxonomy":"product_brand","embeddable":true,"href":"https:\/\/ecoshop.ee\/fi\/wp-json\/wp\/v2\/product_brand?post=105249"},{"taxonomy":"product_cat","embeddable":true,"href":"https:\/\/ecoshop.ee\/fi\/wp-json\/wp\/v2\/product_cat?post=105249"},{"taxonomy":"product_tag","embeddable":true,"href":"https:\/\/ecoshop.ee\/fi\/wp-json\/wp\/v2\/product_tag?post=105249"}],"curies":[{"name":"wp","href":"https:\/\/api.w.org\/{rel}","templated":true}]}}