{"id":105253,"date":"2025-04-09T14:41:22","date_gmt":"2025-04-09T12:41:22","guid":{"rendered":"https:\/\/ecoshop.ee\/?post_type=product&#038;p=105253"},"modified":"2025-07-21T11:40:57","modified_gmt":"2025-07-21T08:40:57","slug":"heimojen-sielun-suitsukekartiot-putoavalla-savulla-murinalla","status":"publish","type":"product","link":"https:\/\/ecoshop.ee\/fi\/viirukid\/tribal-soul-langeva-suitsuga-viirukikoonused-murr\/","title":{"rendered":"Tribal Soul -suitsuketikku putoavalla savulla used \u2013 Mirha"},"content":{"rendered":"<p class=\"\" data-start=\"162\" data-end=\"616\">Mirha on luonnollinen hartsi, jota saadaan <em data-start=\"200\" data-end=\"212\">Commiphora<\/em> puusta. Sit\u00e4 on k\u00e4ytetty tuhansia vuosia hajusteena, suitsukkeena ja l\u00e4\u00e4kkeen\u00e4. Mirhaa mainitaan my\u00f6s monissa muinaisissa teksteiss\u00e4, kuten Raamatussa ja Toorassa, pyh\u00e4n\u00e4 hartsina, joka auttaa yhdistym\u00e4\u00e4n korkeampaan voimaan. Mirhalla on puhdistavia ja suojaavia ominaisuuksia, se auttaa kirkastamaan mielt\u00e4 ja sielua ja edist\u00e4\u00e4 henkist\u00e4 tasapainoa. Sen l\u00e4mmin, mausteinen ja balsamivivahteinen tuoksu tukee meditaatiota ja sis\u00e4ist\u00e4 rauhaa.<\/p>\n<p class=\"\" data-start=\"618\" data-end=\"745\">K\u00e4sintehdyt suitsukekartiot, jotka luovat tehokkaan putoavan savusuihkun. Sopii ainoastaan putoavan savun suitsukepolttimille.<\/p>\n<ul>\n<li data-start=\"747\" data-end=\"891\">Valmistettu korkealaatuisista kasvimateriaaleista ja hartseista<\/li>\n<li data-start=\"747\" data-end=\"891\">Paloaika noin 30 minuuttia<\/li>\n<li data-start=\"747\" data-end=\"891\">M\u00e4\u00e4r\u00e4 per pakkaus: 10 kappaletta<\/li>\n<\/ul>\n<p class=\"\" data-start=\"893\" data-end=\"1050\"><strong data-start=\"893\" data-end=\"908\">K\u00e4ytt\u00f6:<\/strong> Sytyt\u00e4 kartion ter\u00e4v\u00e4 p\u00e4\u00e4 5\u201310 sekuntia, kunnes se alkaa hehkua. Sammuta liekki ja aseta kartio polttimeen. Parhaan tuloksen saavuttamiseksi pid\u00e4 poissa vedosta.<\/p>","protected":false},"excerpt":{"rendered":"<p>M\u00fcrr on looduslik vaik, mida saadakse Commiphora puult. Seda on kasutatud tuhandeid aastaid l\u00f5hnastusena, viirukina ja ravimina. M\u00fcrr on mainitud ka paljudes&hellip;<\/p>","protected":false},"featured_media":105254,"comment_status":"open","ping_status":"closed","template":"","meta":{"wprm-recipe-roundup-name":"","wprm-recipe-roundup-description":""},"product_brand":[12009],"product_cat":[5751],"product_tag":[5752,5753],"class_list":{"0":"post-105253","1":"product","2":"type-product","3":"status-publish","4":"has-post-thumbnail","6":"product_brand-tribal-soul","7":"product_cat-viirukid","8":"product_tag-langeva-suitsuga","9":"product_tag-viiruk","11":"first","12":"instock","13":"sale","14":"taxable","15":"shipping-taxable","16":"purchasable","17":"product-type-simple"},"supplier_id":105232,"supplier_sku":"","barcode":"8901684617299","atum_controlled":true,"out_stock_date":null,"out_stock_threshold":null,"inheritable":false,"inbound_stock":0,"stock_on_hold":0,"sold_today":0,"sales_last_days":0,"reserved_stock":0,"customer_returns":0,"warehouse_damage":0,"lost_in_post":0,"other_logs":0,"out_stock_days":0,"lost_sales":0,"has_location":false,"update_date":"2026-03-07T01:16:04","atum_locations":[],"atum_stock_status":"instock","restock_status":false,"low_stock_amount":"","sales_update_date":"2026-03-07T01:16:04","calc_backorders":null,"aioseo_notices":[],"_links":{"self":[{"href":"https:\/\/ecoshop.ee\/fi\/wp-json\/wp\/v2\/product\/105253","targetHints":{"allow":["GET"]}}],"collection":[{"href":"https:\/\/ecoshop.ee\/fi\/wp-json\/wp\/v2\/product"}],"about":[{"href":"https:\/\/ecoshop.ee\/fi\/wp-json\/wp\/v2\/types\/product"}],"replies":[{"embeddable":true,"href":"https:\/\/ecoshop.ee\/fi\/wp-json\/wp\/v2\/comments?post=105253"}],"version-history":[{"count":0,"href":"https:\/\/ecoshop.ee\/fi\/wp-json\/wp\/v2\/product\/105253\/revisions"}],"wp:featuredmedia":[{"embeddable":true,"href":"https:\/\/ecoshop.ee\/fi\/wp-json\/wp\/v2\/media\/105254"}],"wp:attachment":[{"href":"https:\/\/ecoshop.ee\/fi\/wp-json\/wp\/v2\/media?parent=105253"}],"wp:term":[{"taxonomy":"product_brand","embeddable":true,"href":"https:\/\/ecoshop.ee\/fi\/wp-json\/wp\/v2\/product_brand?post=105253"},{"taxonomy":"product_cat","embeddable":true,"href":"https:\/\/ecoshop.ee\/fi\/wp-json\/wp\/v2\/product_cat?post=105253"},{"taxonomy":"product_tag","embeddable":true,"href":"https:\/\/ecoshop.ee\/fi\/wp-json\/wp\/v2\/product_tag?post=105253"}],"curies":[{"name":"wp","href":"https:\/\/api.w.org\/{rel}","templated":true}]}}