{"id":105256,"date":"2025-04-09T14:52:53","date_gmt":"2025-04-09T12:52:53","guid":{"rendered":"https:\/\/ecoshop.ee\/?post_type=product&#038;p=105256"},"modified":"2025-07-21T11:40:56","modified_gmt":"2025-07-21T08:40:56","slug":"heimojen-sielu-putoava-savu-suitsukekapyja-valkoinen-salvia","status":"publish","type":"product","link":"https:\/\/ecoshop.ee\/fi\/viirukid\/tribal-soul-langeva-suitsuga-viirukikoonused-valge-salvei\/","title":{"rendered":"Tribal Soul -suitsuketikku putoavalla savulla used \u2013 Valkoinen salvia"},"content":{"rendered":"<p class=\"\" data-start=\"150\" data-end=\"533\">Valkoinen salvia (<em data-start=\"164\" data-end=\"179\">Salvia apiana<\/em>) on mintun sukua oleva kasvi, jota Amerikan alkuper\u00e4iskansat ovat k\u00e4ytt\u00e4neet suitsukkeena puhdistusseremonioissa ja parannusrituaaleissa vuosisatojen ajan. Sen savua pidet\u00e4\u00e4n pyh\u00e4n\u00e4, ja sen uskotaan auttavan poistamaan negatiivista energiaa, tukemaan keskittymist\u00e4 ja tuomaan sis\u00e4ist\u00e4 rauhaa. Valkoisen salvian hartsimainen ja intensiivinen tuoksu luo syv\u00e4sti rentouttavan tunnelman.<\/p>\n<p class=\"\" data-start=\"535\" data-end=\"662\">K\u00e4sintehdyt suitsukekartiot, jotka luovat tehokkaan putoavan savusuihkun. Sopii ainoastaan putoavan savun suitsukepolttimille.<\/p>\n<ul>\n<li data-start=\"664\" data-end=\"808\">Valmistettu korkealaatuisista kasvimateriaaleista ja hartseista<\/li>\n<li data-start=\"664\" data-end=\"808\">Paloaika noin 30 minuuttia<\/li>\n<li data-start=\"664\" data-end=\"808\">M\u00e4\u00e4r\u00e4 per pakkaus: 10 kappaletta<\/li>\n<\/ul>\n<p class=\"\" data-start=\"810\" data-end=\"967\"><strong data-start=\"810\" data-end=\"825\">K\u00e4ytt\u00f6:<\/strong> Sytyt\u00e4 kartion ter\u00e4v\u00e4 p\u00e4\u00e4 5\u201310 sekuntia, kunnes se alkaa hehkua. Sammuta liekki ja aseta kartio polttimeen. Parhaan tuloksen saavuttamiseksi pid\u00e4 poissa vedosta.<\/p>","protected":false},"excerpt":{"rendered":"<p>Valge salvei (Salvia apiana) on m\u00fcndisugulane taim, mida on sajandeid kasutatud viirukina P\u00f5hja-Ameerika p\u00f5lisrahvaste puhastustseremooniates ja tervendavates rituaalides. Selle suitsu peetakse p\u00fchaks&hellip;<\/p>","protected":false},"featured_media":105257,"comment_status":"open","ping_status":"closed","template":"","meta":{"wprm-recipe-roundup-name":"","wprm-recipe-roundup-description":""},"product_brand":[12009],"product_cat":[5751],"product_tag":[5752,5753],"class_list":{"0":"post-105256","1":"product","2":"type-product","3":"status-publish","4":"has-post-thumbnail","6":"product_brand-tribal-soul","7":"product_cat-viirukid","8":"product_tag-langeva-suitsuga","9":"product_tag-viiruk","11":"first","12":"instock","13":"sale","14":"taxable","15":"shipping-taxable","16":"purchasable","17":"product-type-simple"},"supplier_id":105232,"supplier_sku":"","barcode":"8901684617312","atum_controlled":true,"out_stock_date":null,"out_stock_threshold":null,"inheritable":false,"inbound_stock":0,"stock_on_hold":0,"sold_today":0,"sales_last_days":0,"reserved_stock":0,"customer_returns":0,"warehouse_damage":0,"lost_in_post":0,"other_logs":0,"out_stock_days":0,"lost_sales":0,"has_location":false,"update_date":"2026-03-07T01:16:04","atum_locations":[],"atum_stock_status":"instock","restock_status":false,"low_stock_amount":"","sales_update_date":"2026-03-07T01:16:04","calc_backorders":null,"aioseo_notices":[],"_links":{"self":[{"href":"https:\/\/ecoshop.ee\/fi\/wp-json\/wp\/v2\/product\/105256","targetHints":{"allow":["GET"]}}],"collection":[{"href":"https:\/\/ecoshop.ee\/fi\/wp-json\/wp\/v2\/product"}],"about":[{"href":"https:\/\/ecoshop.ee\/fi\/wp-json\/wp\/v2\/types\/product"}],"replies":[{"embeddable":true,"href":"https:\/\/ecoshop.ee\/fi\/wp-json\/wp\/v2\/comments?post=105256"}],"version-history":[{"count":0,"href":"https:\/\/ecoshop.ee\/fi\/wp-json\/wp\/v2\/product\/105256\/revisions"}],"wp:featuredmedia":[{"embeddable":true,"href":"https:\/\/ecoshop.ee\/fi\/wp-json\/wp\/v2\/media\/105257"}],"wp:attachment":[{"href":"https:\/\/ecoshop.ee\/fi\/wp-json\/wp\/v2\/media?parent=105256"}],"wp:term":[{"taxonomy":"product_brand","embeddable":true,"href":"https:\/\/ecoshop.ee\/fi\/wp-json\/wp\/v2\/product_brand?post=105256"},{"taxonomy":"product_cat","embeddable":true,"href":"https:\/\/ecoshop.ee\/fi\/wp-json\/wp\/v2\/product_cat?post=105256"},{"taxonomy":"product_tag","embeddable":true,"href":"https:\/\/ecoshop.ee\/fi\/wp-json\/wp\/v2\/product_tag?post=105256"}],"curies":[{"name":"wp","href":"https:\/\/api.w.org\/{rel}","templated":true}]}}