{"id":105259,"date":"2025-04-09T15:23:22","date_gmt":"2025-04-09T13:23:22","guid":{"rendered":"https:\/\/ecoshop.ee\/?post_type=product&#038;p=105259"},"modified":"2025-04-09T15:23:23","modified_gmt":"2025-04-09T13:23:23","slug":"banjara-heimojen-suitsukkeet-maya-murre","status":"publish","type":"product","link":"https:\/\/ecoshop.ee\/fi\/viirukid\/banjara-tribal-viirukid-maiade-murr\/","title":{"rendered":"Banjara-heimosuitsuke \u2013 maya-mirha"},"content":{"rendered":"<p class=\"\" data-start=\"171\" data-end=\"469\">Banjara Tribal Incense vie sinut aromaattiselle matkalle muinaisten rituaalien maailmaan. Maya-mirha on luonnollinen hartsi, jolla on l\u00e4mmin, maanl\u00e4heinen tuoksu ja jota on k\u00e4ytetty vuosisatojen ajan. Mirhalla on puhdistavia ominaisuuksiaused, jotka auttavat poistamaan negatiivista energiaa ja suojaamaan henkisilt\u00e4 vaikutuksilta.<\/p>\n<p class=\"\" data-start=\"471\" data-end=\"661\">Perinteisesti suojelevana ja puhdistavana aineena arvostettu mirha voi my\u00f6s tukea hyvinvointia, auttaa lievitt\u00e4m\u00e4\u00e4n stressi\u00e4 ja rauhoittamaan aisteja. T\u00e4ydellinen meditaatioon tai tilojen puhdistamiseen.<\/p>\n<ul>\n<li data-start=\"663\" data-end=\"881\">100% luonnollinen koostumus<\/li>\n<li data-start=\"663\" data-end=\"881\">K\u00e4sintehty vanhojen perinteiden mukaan<\/li>\n<li data-start=\"663\" data-end=\"881\">Syv\u00e4 ja aistillinen tuoksu rituaaleihin tai jokap\u00e4iv\u00e4iseen k\u00e4ytt\u00f6\u00f6n<\/li>\n<li data-start=\"663\" data-end=\"881\">M\u00e4\u00e4r\u00e4 per pakkaus: 10 suitsuketikkua<\/li>\n<\/ul>","protected":false},"excerpt":{"rendered":"<p>Banjara Tribal viirukid viivad sind aroomide r\u00e4nnakule iidsete rituaalide maailma. Maiade m\u00fcrr on looduslik vaik, millel on soe, maal\u00e4hedane l\u00f5hn ja sajanditepikkune&hellip;<\/p>","protected":false},"featured_media":105260,"comment_status":"open","ping_status":"closed","template":"","meta":{"wprm-recipe-roundup-name":"","wprm-recipe-roundup-description":""},"product_brand":[12008],"product_cat":[5751],"product_tag":[5753],"class_list":{"0":"post-105259","1":"product","2":"type-product","3":"status-publish","4":"has-post-thumbnail","6":"product_brand-banjara","7":"product_cat-viirukid","8":"product_tag-viiruk","10":"first","11":"instock","12":"taxable","13":"shipping-taxable","14":"purchasable","15":"product-type-simple"},"supplier_id":105232,"supplier_sku":"","barcode":"8901234590140","atum_controlled":true,"out_stock_date":null,"out_stock_threshold":null,"inheritable":false,"inbound_stock":0,"stock_on_hold":0,"sold_today":0,"sales_last_days":0,"reserved_stock":0,"customer_returns":0,"warehouse_damage":0,"lost_in_post":0,"other_logs":0,"out_stock_days":0,"lost_sales":0,"has_location":false,"update_date":"2026-03-07T01:16:05","atum_locations":[],"atum_stock_status":"instock","restock_status":false,"low_stock_amount":"","sales_update_date":"2026-03-07T01:16:05","calc_backorders":null,"aioseo_notices":[],"_links":{"self":[{"href":"https:\/\/ecoshop.ee\/fi\/wp-json\/wp\/v2\/product\/105259","targetHints":{"allow":["GET"]}}],"collection":[{"href":"https:\/\/ecoshop.ee\/fi\/wp-json\/wp\/v2\/product"}],"about":[{"href":"https:\/\/ecoshop.ee\/fi\/wp-json\/wp\/v2\/types\/product"}],"replies":[{"embeddable":true,"href":"https:\/\/ecoshop.ee\/fi\/wp-json\/wp\/v2\/comments?post=105259"}],"version-history":[{"count":0,"href":"https:\/\/ecoshop.ee\/fi\/wp-json\/wp\/v2\/product\/105259\/revisions"}],"wp:featuredmedia":[{"embeddable":true,"href":"https:\/\/ecoshop.ee\/fi\/wp-json\/wp\/v2\/media\/105260"}],"wp:attachment":[{"href":"https:\/\/ecoshop.ee\/fi\/wp-json\/wp\/v2\/media?parent=105259"}],"wp:term":[{"taxonomy":"product_brand","embeddable":true,"href":"https:\/\/ecoshop.ee\/fi\/wp-json\/wp\/v2\/product_brand?post=105259"},{"taxonomy":"product_cat","embeddable":true,"href":"https:\/\/ecoshop.ee\/fi\/wp-json\/wp\/v2\/product_cat?post=105259"},{"taxonomy":"product_tag","embeddable":true,"href":"https:\/\/ecoshop.ee\/fi\/wp-json\/wp\/v2\/product_tag?post=105259"}],"curies":[{"name":"wp","href":"https:\/\/api.w.org\/{rel}","templated":true}]}}