{"id":105262,"date":"2025-04-09T17:02:39","date_gmt":"2025-04-09T15:02:39","guid":{"rendered":"https:\/\/ecoshop.ee\/?post_type=product&#038;p=105262"},"modified":"2025-04-09T17:02:41","modified_gmt":"2025-04-09T15:02:41","slug":"banjara-heimojen-suitsukkeita-valkoista-salviaa","status":"publish","type":"product","link":"https:\/\/ecoshop.ee\/fi\/viirukid\/banjara-tribal-viirukid-valge-salvei\/","title":{"rendered":"Banjaran heimosuitsuke \u2013 Valkoinen salvia"},"content":{"rendered":"<p class=\"\" data-start=\"103\" data-end=\"295\">Banjara Tribal -suitsuke on tuoksujen matka, joka ammentaa inspiraatiota muinaisista k\u00e4yt\u00e4nn\u00f6ist\u00e4 ja puhdistusrituaaleista. Jokainen rasia tuo sinulle luonnollisten tuoksujen maailman ja syv\u00e4n aistikokemuksen.<\/p>\n<p class=\"\" data-start=\"297\" data-end=\"483\">Valkoinen salvia on klassinen valinta energiseen puhdistukseen. Sen kirkas, yrttinen tuoksu auttaa h\u00e4lvent\u00e4m\u00e4\u00e4n negatiivista energiaa ja lis\u00e4\u00e4 raikkautta, tasapainoa ja henkist\u00e4 selkeytt\u00e4.<\/p>\n<ul>\n<li data-start=\"485\" data-end=\"663\">100% luonnollinen koostumus<\/li>\n<li data-start=\"485\" data-end=\"663\">K\u00e4sintehty vanhojen perinteiden mukaan<\/li>\n<li data-start=\"485\" data-end=\"663\">Puhdistava ja rauhoittava tuoksu kotiin tai rituaalik\u00e4ytt\u00f6\u00f6n<\/li>\n<li data-start=\"485\" data-end=\"663\">M\u00e4\u00e4r\u00e4 per pakkaus: 10 suitsuketikkua<\/li>\n<\/ul>","protected":false},"excerpt":{"rendered":"<p>Banjara Tribal viirukid on aroomide r\u00e4nnak, mis ammutab inspiratsiooni iidsetest tavadest ja puhastavatest rituaalidest. Iga karp toob sinuni looduslike l\u00f5hnade maailma ja&hellip;<\/p>","protected":false},"featured_media":105266,"comment_status":"open","ping_status":"closed","template":"","meta":{"wprm-recipe-roundup-name":"","wprm-recipe-roundup-description":""},"product_brand":[12008],"product_cat":[5751],"product_tag":[5753],"class_list":{"0":"post-105262","1":"product","2":"type-product","3":"status-publish","4":"has-post-thumbnail","6":"product_brand-banjara","7":"product_cat-viirukid","8":"product_tag-viiruk","10":"first","11":"instock","12":"taxable","13":"shipping-taxable","14":"purchasable","15":"product-type-simple"},"supplier_id":105232,"supplier_sku":"","barcode":"8901234589908","atum_controlled":true,"out_stock_date":null,"out_stock_threshold":null,"inheritable":false,"inbound_stock":0,"stock_on_hold":0,"sold_today":0,"sales_last_days":0,"reserved_stock":0,"customer_returns":0,"warehouse_damage":0,"lost_in_post":0,"other_logs":0,"out_stock_days":0,"lost_sales":0,"has_location":false,"update_date":"2026-03-07T01:16:05","atum_locations":[],"atum_stock_status":"instock","restock_status":false,"low_stock_amount":"","sales_update_date":"2026-03-07T01:16:05","calc_backorders":null,"aioseo_notices":[],"_links":{"self":[{"href":"https:\/\/ecoshop.ee\/fi\/wp-json\/wp\/v2\/product\/105262","targetHints":{"allow":["GET"]}}],"collection":[{"href":"https:\/\/ecoshop.ee\/fi\/wp-json\/wp\/v2\/product"}],"about":[{"href":"https:\/\/ecoshop.ee\/fi\/wp-json\/wp\/v2\/types\/product"}],"replies":[{"embeddable":true,"href":"https:\/\/ecoshop.ee\/fi\/wp-json\/wp\/v2\/comments?post=105262"}],"version-history":[{"count":0,"href":"https:\/\/ecoshop.ee\/fi\/wp-json\/wp\/v2\/product\/105262\/revisions"}],"wp:featuredmedia":[{"embeddable":true,"href":"https:\/\/ecoshop.ee\/fi\/wp-json\/wp\/v2\/media\/105266"}],"wp:attachment":[{"href":"https:\/\/ecoshop.ee\/fi\/wp-json\/wp\/v2\/media?parent=105262"}],"wp:term":[{"taxonomy":"product_brand","embeddable":true,"href":"https:\/\/ecoshop.ee\/fi\/wp-json\/wp\/v2\/product_brand?post=105262"},{"taxonomy":"product_cat","embeddable":true,"href":"https:\/\/ecoshop.ee\/fi\/wp-json\/wp\/v2\/product_cat?post=105262"},{"taxonomy":"product_tag","embeddable":true,"href":"https:\/\/ecoshop.ee\/fi\/wp-json\/wp\/v2\/product_tag?post=105262"}],"curies":[{"name":"wp","href":"https:\/\/api.w.org\/{rel}","templated":true}]}}