{"id":105268,"date":"2025-04-09T17:18:09","date_gmt":"2025-04-09T15:18:09","guid":{"rendered":"https:\/\/ecoshop.ee\/?post_type=product&#038;p=105268"},"modified":"2025-04-09T17:18:10","modified_gmt":"2025-04-09T15:18:10","slug":"banjara-tribal-suitsukkeita-valkoinen-arruda-square","status":"publish","type":"product","link":"https:\/\/ecoshop.ee\/fi\/viirukid\/banjara-tribal-viirukid-valge-arruda-ruut\/","title":{"rendered":"Banjara-heimon suitsukkeet \u2013 valkoinen Arruda (viitta)"},"content":{"rendered":"<p class=\"\" data-start=\"192\" data-end=\"392\">Banjaran Tribal Incense vie sinut matkalle tuoksujen pariin, joka on saanut inspiraationsa muinaisista rituaaleista ja luonnollisista puhdistusk\u00e4yt\u00e4nn\u00f6ist\u00e4. Jokainen rasia avaa oven syv\u00e4\u00e4n kokemukseen ja hengelliseen yhteyteen.<\/p>\n<p class=\"\" data-start=\"394\" data-end=\"646\">Valkoinen arruda, joka tunnetaan my\u00f6s nimell\u00e4 ryut, on kasvi, jolla on vahvat suojelevat voimat. Sen yrttim\u00e4inen ja intensiivinen tuoksu auttaa torjumaan negatiivisia vaikutuksia ja tukee henkist\u00e4 turvallisuutta ja tasapainoa. Ensisijainen valinta energeettisiin puhdistus- ja suojarituaaleihin.<\/p>\n<ul>\n<li data-start=\"648\" data-end=\"830\">100% luonnollinen koostumus<\/li>\n<li data-start=\"648\" data-end=\"830\">K\u00e4sintehty vanhojen perinteiden mukaan<\/li>\n<li data-start=\"648\" data-end=\"830\">Suojaava ja puhdistava yrttituoksu hengelliseen k\u00e4ytt\u00f6\u00f6n<\/li>\n<li data-start=\"648\" data-end=\"830\">M\u00e4\u00e4r\u00e4 per pakkaus: 10 suitsuketikkua<\/li>\n<\/ul>","protected":false},"excerpt":{"rendered":"<p>Banjara Tribal viirukid viivad sind aroomide r\u00e4nnakule, mis on inspireeritud iidsetest rituaalidest ja looduslikest puhastustavadest. Iga karp avab ukse s\u00fcgavale meeleelamusele ja&hellip;<\/p>","protected":false},"featured_media":105269,"comment_status":"open","ping_status":"closed","template":"","meta":{"wprm-recipe-roundup-name":"","wprm-recipe-roundup-description":""},"product_brand":[12008],"product_cat":[5751],"product_tag":[5753],"class_list":{"0":"post-105268","1":"product","2":"type-product","3":"status-publish","4":"has-post-thumbnail","6":"product_brand-banjara","7":"product_cat-viirukid","8":"product_tag-viiruk","10":"first","11":"instock","12":"sale","13":"taxable","14":"shipping-taxable","15":"purchasable","16":"product-type-simple"},"supplier_id":105232,"supplier_sku":"","barcode":"8901234589892","atum_controlled":true,"out_stock_date":null,"out_stock_threshold":null,"inheritable":false,"inbound_stock":0,"stock_on_hold":0,"sold_today":0,"sales_last_days":0,"reserved_stock":0,"customer_returns":0,"warehouse_damage":0,"lost_in_post":0,"other_logs":0,"out_stock_days":0,"lost_sales":0,"has_location":false,"update_date":"2026-03-07T01:16:05","atum_locations":[],"atum_stock_status":"instock","restock_status":false,"low_stock_amount":"","sales_update_date":"2026-03-07T01:16:05","calc_backorders":null,"aioseo_notices":[],"_links":{"self":[{"href":"https:\/\/ecoshop.ee\/fi\/wp-json\/wp\/v2\/product\/105268","targetHints":{"allow":["GET"]}}],"collection":[{"href":"https:\/\/ecoshop.ee\/fi\/wp-json\/wp\/v2\/product"}],"about":[{"href":"https:\/\/ecoshop.ee\/fi\/wp-json\/wp\/v2\/types\/product"}],"replies":[{"embeddable":true,"href":"https:\/\/ecoshop.ee\/fi\/wp-json\/wp\/v2\/comments?post=105268"}],"version-history":[{"count":0,"href":"https:\/\/ecoshop.ee\/fi\/wp-json\/wp\/v2\/product\/105268\/revisions"}],"wp:featuredmedia":[{"embeddable":true,"href":"https:\/\/ecoshop.ee\/fi\/wp-json\/wp\/v2\/media\/105269"}],"wp:attachment":[{"href":"https:\/\/ecoshop.ee\/fi\/wp-json\/wp\/v2\/media?parent=105268"}],"wp:term":[{"taxonomy":"product_brand","embeddable":true,"href":"https:\/\/ecoshop.ee\/fi\/wp-json\/wp\/v2\/product_brand?post=105268"},{"taxonomy":"product_cat","embeddable":true,"href":"https:\/\/ecoshop.ee\/fi\/wp-json\/wp\/v2\/product_cat?post=105268"},{"taxonomy":"product_tag","embeddable":true,"href":"https:\/\/ecoshop.ee\/fi\/wp-json\/wp\/v2\/product_tag?post=105268"}],"curies":[{"name":"wp","href":"https:\/\/api.w.org\/{rel}","templated":true}]}}