{"id":105271,"date":"2025-04-09T17:29:35","date_gmt":"2025-04-09T15:29:35","guid":{"rendered":"https:\/\/ecoshop.ee\/?post_type=product&#038;p=105271"},"modified":"2025-05-19T00:42:52","modified_gmt":"2025-05-18T21:42:52","slug":"banjara-heimojen-suitsukkeita-villiruusu","status":"publish","type":"product","link":"https:\/\/ecoshop.ee\/fi\/viirukid\/banjara-tribal-viirukid-metsik-roos\/","title":{"rendered":"Banjaran heimosuitsuke \u2013 Villiruusu"},"content":{"rendered":"<p class=\"\" data-start=\"139\" data-end=\"334\">Banjaran Tribal Incense vie sinut matkalle muinaisten perinteiden ja luonnollisten rituaalien inspiroimien tuoksujen pariin. Jokainen rasia tarjoaa syv\u00e4llisen aistikokemuksen luonnollisten tuoksujen kautta.<\/p>\n<p class=\"\" data-start=\"336\" data-end=\"554\">Villiruusun herkk\u00e4 ja kukkainen tuoksu tuo huoneeseen luonnollista raikkautta. T\u00e4m\u00e4 rauhoittava ja harmoninen tuoksu tukee rakkauden, sis\u00e4isen tasapainon ja emotionaalisen hyvinvoinnin tunteita. T\u00e4ydellinen kumppani rentoutumisen hetkiin.<\/p>\n<ul>\n<li data-start=\"556\" data-end=\"740\">100% luonnollinen koostumus<\/li>\n<li data-start=\"556\" data-end=\"740\">K\u00e4sintehty vanhojen perinteiden mukaan<\/li>\n<li data-start=\"556\" data-end=\"740\">Kukkainen ja rauhoittava tuoksu mielenrauhan ja rakkauden tukemiseen<\/li>\n<li data-start=\"556\" data-end=\"740\">M\u00e4\u00e4r\u00e4 per pakkaus: 10 suitsuketikkua<\/li>\n<\/ul>","protected":false},"excerpt":{"rendered":"<p>Banjara Tribal viirukid viivad sind aroomide r\u00e4nnakule, mis on inspireeritud iidsetest traditsioonidest ja looduslikest rituaalidest. Iga karp pakub s\u00fcgavat meeleelamust looduslike l\u00f5hnade&hellip;<\/p>","protected":false},"featured_media":105272,"comment_status":"open","ping_status":"closed","template":"","meta":{"wprm-recipe-roundup-name":"","wprm-recipe-roundup-description":""},"product_brand":[12008],"product_cat":[5751],"product_tag":[5753],"class_list":{"0":"post-105271","1":"product","2":"type-product","3":"status-publish","4":"has-post-thumbnail","6":"product_brand-banjara","7":"product_cat-viirukid","8":"product_tag-viiruk","10":"first","11":"instock","12":"sale","13":"taxable","14":"shipping-taxable","15":"purchasable","16":"product-type-simple"},"supplier_id":105232,"supplier_sku":"","barcode":"8901234590195","atum_controlled":true,"out_stock_date":null,"out_stock_threshold":null,"inheritable":false,"inbound_stock":0,"stock_on_hold":0,"sold_today":0,"sales_last_days":0,"reserved_stock":0,"customer_returns":0,"warehouse_damage":0,"lost_in_post":0,"other_logs":0,"out_stock_days":0,"lost_sales":0,"has_location":false,"update_date":"2026-03-07T01:16:05","atum_locations":[],"atum_stock_status":"instock","restock_status":false,"low_stock_amount":"","sales_update_date":"2026-03-07T01:16:05","calc_backorders":null,"aioseo_notices":[],"_links":{"self":[{"href":"https:\/\/ecoshop.ee\/fi\/wp-json\/wp\/v2\/product\/105271","targetHints":{"allow":["GET"]}}],"collection":[{"href":"https:\/\/ecoshop.ee\/fi\/wp-json\/wp\/v2\/product"}],"about":[{"href":"https:\/\/ecoshop.ee\/fi\/wp-json\/wp\/v2\/types\/product"}],"replies":[{"embeddable":true,"href":"https:\/\/ecoshop.ee\/fi\/wp-json\/wp\/v2\/comments?post=105271"}],"version-history":[{"count":0,"href":"https:\/\/ecoshop.ee\/fi\/wp-json\/wp\/v2\/product\/105271\/revisions"}],"wp:featuredmedia":[{"embeddable":true,"href":"https:\/\/ecoshop.ee\/fi\/wp-json\/wp\/v2\/media\/105272"}],"wp:attachment":[{"href":"https:\/\/ecoshop.ee\/fi\/wp-json\/wp\/v2\/media?parent=105271"}],"wp:term":[{"taxonomy":"product_brand","embeddable":true,"href":"https:\/\/ecoshop.ee\/fi\/wp-json\/wp\/v2\/product_brand?post=105271"},{"taxonomy":"product_cat","embeddable":true,"href":"https:\/\/ecoshop.ee\/fi\/wp-json\/wp\/v2\/product_cat?post=105271"},{"taxonomy":"product_tag","embeddable":true,"href":"https:\/\/ecoshop.ee\/fi\/wp-json\/wp\/v2\/product_tag?post=105271"}],"curies":[{"name":"wp","href":"https:\/\/api.w.org\/{rel}","templated":true}]}}