{"id":105277,"date":"2025-04-09T17:45:33","date_gmt":"2025-04-09T15:45:33","guid":{"rendered":"https:\/\/ecoshop.ee\/?post_type=product&#038;p=105277"},"modified":"2025-04-09T17:45:34","modified_gmt":"2025-04-09T15:45:34","slug":"banjara-heimon-suitsuke-lohikaarmeen-veri","status":"publish","type":"product","link":"https:\/\/ecoshop.ee\/fi\/viirukid\/banjara-tribal-viirukid-draakonivere\/","title":{"rendered":"Banjara-heimosuitsuke \u2013 Lohik\u00e4\u00e4rmeen veri"},"content":{"rendered":"<p class=\"\" data-start=\"143\" data-end=\"343\">Banjara Tribal -suitsuke vie sinut mystiselle aromaattiselle matkalle, ammentaen voimaa muinaisista rituaaleista ja luonnonyrteist\u00e4. Jokainen rasia tarjoaa syv\u00e4n yhteyden tunteen ja yhteyden muinaisiin k\u00e4yt\u00e4nt\u00f6ihin.<\/p>\n<p class=\"\" data-start=\"345\" data-end=\"623\">Lohik\u00e4\u00e4rmeen verihartsi, joka tunnetaan my\u00f6s nimell\u00e4 &quot;punainen kivioopiumi&quot;, omaa vahvan energeettisen voiman. Sit\u00e4 k\u00e4ytet\u00e4\u00e4n suojelun, rakkauden, puhdistuksen ja aistillisuuden rituaaleissa. Uuspakanallisissa ja shamaanisissa perinteiss\u00e4 lohik\u00e4\u00e4rmeen veri -suitsuke auttaa vahvistamaan aikomuksia ja rituaalikeskeisyytt\u00e4.<\/p>\n<ul>\n<li data-start=\"625\" data-end=\"809\">100% luonnollinen koostumus<\/li>\n<li data-start=\"625\" data-end=\"809\">K\u00e4sintehty vanhojen perinteiden mukaan<\/li>\n<li data-start=\"625\" data-end=\"809\">Intensiivinen ja mystinen tuoksu energisiin rituaaleihin<\/li>\n<li data-start=\"625\" data-end=\"809\">M\u00e4\u00e4r\u00e4 per pakkaus: 10 suitsuketikkua<\/li>\n<\/ul>","protected":false},"excerpt":{"rendered":"<p>Banjara Tribal viirukid viivad sind m\u00fcstilisele aroomir\u00e4nnakule, mis ammutab j\u00f5udu iidsetest rituaalidest ja looduslikest v\u00e4etaimedest. Iga karp pakub s\u00fcgavat meeleelamust ja \u00fchendust&hellip;<\/p>","protected":false},"featured_media":105278,"comment_status":"open","ping_status":"closed","template":"","meta":{"wprm-recipe-roundup-name":"","wprm-recipe-roundup-description":""},"product_brand":[12008],"product_cat":[5751],"product_tag":[5753],"class_list":{"0":"post-105277","1":"product","2":"type-product","3":"status-publish","4":"has-post-thumbnail","6":"product_brand-banjara","7":"product_cat-viirukid","8":"product_tag-viiruk","10":"first","11":"instock","12":"taxable","13":"shipping-taxable","14":"purchasable","15":"product-type-simple"},"supplier_id":105232,"supplier_sku":"","barcode":"8901234589915","atum_controlled":true,"out_stock_date":null,"out_stock_threshold":null,"inheritable":false,"inbound_stock":0,"stock_on_hold":0,"sold_today":0,"sales_last_days":0,"reserved_stock":0,"customer_returns":0,"warehouse_damage":0,"lost_in_post":0,"other_logs":0,"out_stock_days":0,"lost_sales":0,"has_location":false,"update_date":"2026-03-07T01:16:05","atum_locations":[],"atum_stock_status":"instock","restock_status":false,"low_stock_amount":"","sales_update_date":"2026-03-07T01:16:05","calc_backorders":null,"aioseo_notices":[],"_links":{"self":[{"href":"https:\/\/ecoshop.ee\/fi\/wp-json\/wp\/v2\/product\/105277","targetHints":{"allow":["GET"]}}],"collection":[{"href":"https:\/\/ecoshop.ee\/fi\/wp-json\/wp\/v2\/product"}],"about":[{"href":"https:\/\/ecoshop.ee\/fi\/wp-json\/wp\/v2\/types\/product"}],"replies":[{"embeddable":true,"href":"https:\/\/ecoshop.ee\/fi\/wp-json\/wp\/v2\/comments?post=105277"}],"version-history":[{"count":0,"href":"https:\/\/ecoshop.ee\/fi\/wp-json\/wp\/v2\/product\/105277\/revisions"}],"wp:featuredmedia":[{"embeddable":true,"href":"https:\/\/ecoshop.ee\/fi\/wp-json\/wp\/v2\/media\/105278"}],"wp:attachment":[{"href":"https:\/\/ecoshop.ee\/fi\/wp-json\/wp\/v2\/media?parent=105277"}],"wp:term":[{"taxonomy":"product_brand","embeddable":true,"href":"https:\/\/ecoshop.ee\/fi\/wp-json\/wp\/v2\/product_brand?post=105277"},{"taxonomy":"product_cat","embeddable":true,"href":"https:\/\/ecoshop.ee\/fi\/wp-json\/wp\/v2\/product_cat?post=105277"},{"taxonomy":"product_tag","embeddable":true,"href":"https:\/\/ecoshop.ee\/fi\/wp-json\/wp\/v2\/product_tag?post=105277"}],"curies":[{"name":"wp","href":"https:\/\/api.w.org\/{rel}","templated":true}]}}