{"id":105280,"date":"2025-04-09T20:13:28","date_gmt":"2025-04-09T18:13:28","guid":{"rendered":"https:\/\/ecoshop.ee\/?post_type=product&#038;p=105280"},"modified":"2025-04-09T20:13:29","modified_gmt":"2025-04-09T18:13:29","slug":"banjara-heimojen-suitsukkeita-makeaa-ruohoa","status":"publish","type":"product","link":"https:\/\/ecoshop.ee\/fi\/viirukid\/banjara-tribal-viirukid-magushein\/","title":{"rendered":"Banjara Tribal Suitsuke \u2013 Magushein"},"content":{"rendered":"<p class=\"\" data-start=\"150\" data-end=\"350\">Banjara Tribal -suitsukkeet viev\u00e4t sinut luonnollisten tuoksujen matkalle, joka on saanut inspiraationsa muinaisista puhdistusk\u00e4yt\u00e4nn\u00f6ist\u00e4 ja henkisist\u00e4 rituaaleista. Jokainen rasia sis\u00e4lt\u00e4\u00e4 syv\u00e4n yhteyden tunteen maan energioihin.<\/p>\n<p class=\"\" data-start=\"352\" data-end=\"618\">Makeanhein\u00e4 tunnetaan herk\u00e4st\u00e4, makeasta ja maanl\u00e4heisest\u00e4 tuoksustaan, jota k\u00e4ytet\u00e4\u00e4n tilojen puhdistamiseen, positiivisen energian houkuttelemiseen ja rauhan luomiseen. Sen rauhoittava tuoksu luo rentouttavan ja tukevan ilmapiirin sek\u00e4 meditaatioon ett\u00e4 arjen hyvinvointiin.<\/p>\n<ul>\n<li data-start=\"620\" data-end=\"793\">100% luonnollinen koostumus<\/li>\n<li data-start=\"620\" data-end=\"793\">K\u00e4sintehty vanhojen perinteiden mukaan<\/li>\n<li data-start=\"620\" data-end=\"793\">Rauhoittava ja tasapainottava tuoksu mielenterveydelle<\/li>\n<li data-start=\"620\" data-end=\"793\">M\u00e4\u00e4r\u00e4 per pakkaus: 10 suitsuketikkua<\/li>\n<\/ul>","protected":false},"excerpt":{"rendered":"<p>Banjara Tribal viirukid viivad sind looduslike l\u00f5hnade r\u00e4nnakule, mis p\u00f5hineb iidsetel puhastustavadel ja vaimsetel rituaalidel. Iga karp k\u00e4tkeb endas s\u00fcgavat meeleelamust ja&hellip;<\/p>","protected":false},"featured_media":105283,"comment_status":"open","ping_status":"closed","template":"","meta":{"wprm-recipe-roundup-name":"","wprm-recipe-roundup-description":""},"product_brand":[12008],"product_cat":[5751],"product_tag":[5753],"class_list":{"0":"post-105280","1":"product","2":"type-product","3":"status-publish","4":"has-post-thumbnail","6":"product_brand-banjara","7":"product_cat-viirukid","8":"product_tag-viiruk","10":"first","11":"instock","12":"sale","13":"taxable","14":"shipping-taxable","15":"purchasable","16":"product-type-simple"},"supplier_id":105232,"supplier_sku":"","barcode":"8901234590188","atum_controlled":true,"out_stock_date":null,"out_stock_threshold":null,"inheritable":false,"inbound_stock":0,"stock_on_hold":0,"sold_today":0,"sales_last_days":0,"reserved_stock":0,"customer_returns":0,"warehouse_damage":0,"lost_in_post":0,"other_logs":0,"out_stock_days":0,"lost_sales":0,"has_location":false,"update_date":"2026-03-07T01:16:05","atum_locations":[],"atum_stock_status":"instock","restock_status":false,"low_stock_amount":"","sales_update_date":"2026-03-07T01:16:05","calc_backorders":null,"aioseo_notices":[],"_links":{"self":[{"href":"https:\/\/ecoshop.ee\/fi\/wp-json\/wp\/v2\/product\/105280","targetHints":{"allow":["GET"]}}],"collection":[{"href":"https:\/\/ecoshop.ee\/fi\/wp-json\/wp\/v2\/product"}],"about":[{"href":"https:\/\/ecoshop.ee\/fi\/wp-json\/wp\/v2\/types\/product"}],"replies":[{"embeddable":true,"href":"https:\/\/ecoshop.ee\/fi\/wp-json\/wp\/v2\/comments?post=105280"}],"version-history":[{"count":0,"href":"https:\/\/ecoshop.ee\/fi\/wp-json\/wp\/v2\/product\/105280\/revisions"}],"wp:featuredmedia":[{"embeddable":true,"href":"https:\/\/ecoshop.ee\/fi\/wp-json\/wp\/v2\/media\/105283"}],"wp:attachment":[{"href":"https:\/\/ecoshop.ee\/fi\/wp-json\/wp\/v2\/media?parent=105280"}],"wp:term":[{"taxonomy":"product_brand","embeddable":true,"href":"https:\/\/ecoshop.ee\/fi\/wp-json\/wp\/v2\/product_brand?post=105280"},{"taxonomy":"product_cat","embeddable":true,"href":"https:\/\/ecoshop.ee\/fi\/wp-json\/wp\/v2\/product_cat?post=105280"},{"taxonomy":"product_tag","embeddable":true,"href":"https:\/\/ecoshop.ee\/fi\/wp-json\/wp\/v2\/product_tag?post=105280"}],"curies":[{"name":"wp","href":"https:\/\/api.w.org\/{rel}","templated":true}]}}