{"id":105285,"date":"2025-04-09T20:19:40","date_gmt":"2025-04-09T18:19:40","guid":{"rendered":"https:\/\/ecoshop.ee\/?post_type=product&#038;p=105285"},"modified":"2025-04-09T20:19:42","modified_gmt":"2025-04-09T18:19:42","slug":"banjara-tribal-suitsukkeita-nag-champa","status":"publish","type":"product","link":"https:\/\/ecoshop.ee\/fi\/viirukid\/banjara-tribal-viirukid-nag-champa\/","title":{"rendered":"Banjara Tribal Suitsuke \u2013 Nag Champa"},"content":{"rendered":"<p class=\"\" data-start=\"139\" data-end=\"310\">Banjara Tribal -suitsukkeet tarjoavat kiehtovan aromaattisen matkan, joka yhdist\u00e4\u00e4 luonnolliset tuoksut ja ikivanhat rituaalit. Jokainen rasia her\u00e4tt\u00e4\u00e4 syv\u00e4n rentoutumisen ja rauhan tunteen.<\/p>\n<p class=\"\" data-start=\"312\" data-end=\"563\">Nag Champa on rakastettu klassikko, jonka makeat, kukkaiset vivahteet luovat rauhallisen ja meditatiivisen tunnelman. Tasapainottavista vaikutuksistaan tunnettu tuoksu sopii t\u00e4ydellisesti hengelliseen uppoutumiseen, rentoutumiseen tai mielen kirkastamiseen.<\/p>\n<ul>\n<li data-start=\"565\" data-end=\"758\">100% luonnollinen koostumus<\/li>\n<li data-start=\"565\" data-end=\"758\">K\u00e4sintehty vanhojen perinteiden mukaan<\/li>\n<li data-start=\"565\" data-end=\"758\">Makea ja kukkainen tuoksu hengelliseen harjoitukseen tai arjen rauhaan<\/li>\n<li data-start=\"565\" data-end=\"758\">M\u00e4\u00e4r\u00e4 per pakkaus: 10 suitsuketikkua<\/li>\n<\/ul>","protected":false},"excerpt":{"rendered":"<p>Banjara Tribal viirukid pakuvad lummavat aroomir\u00e4nnakut, mis \u00fchendab endas looduslikud l\u00f5hnad ja iidsed rituaalid. Iga karp kutsub esile s\u00fcgava meeleelamuse ja rahu&hellip;<\/p>","protected":false},"featured_media":105286,"comment_status":"open","ping_status":"closed","template":"","meta":{"wprm-recipe-roundup-name":"","wprm-recipe-roundup-description":""},"product_brand":[12008],"product_cat":[5751],"product_tag":[5753],"class_list":{"0":"post-105285","1":"product","2":"type-product","3":"status-publish","4":"has-post-thumbnail","6":"product_brand-banjara","7":"product_cat-viirukid","8":"product_tag-viiruk","10":"first","11":"instock","12":"sale","13":"taxable","14":"shipping-taxable","15":"purchasable","16":"product-type-simple"},"supplier_id":105232,"supplier_sku":"","barcode":"8901234590218","atum_controlled":true,"out_stock_date":null,"out_stock_threshold":null,"inheritable":false,"inbound_stock":0,"stock_on_hold":0,"sold_today":0,"sales_last_days":0,"reserved_stock":0,"customer_returns":0,"warehouse_damage":0,"lost_in_post":0,"other_logs":0,"out_stock_days":0,"lost_sales":0,"has_location":false,"update_date":"2026-03-07T01:16:05","atum_locations":[],"atum_stock_status":"instock","restock_status":false,"low_stock_amount":"","sales_update_date":"2026-03-07T01:16:05","calc_backorders":null,"aioseo_notices":[],"_links":{"self":[{"href":"https:\/\/ecoshop.ee\/fi\/wp-json\/wp\/v2\/product\/105285","targetHints":{"allow":["GET"]}}],"collection":[{"href":"https:\/\/ecoshop.ee\/fi\/wp-json\/wp\/v2\/product"}],"about":[{"href":"https:\/\/ecoshop.ee\/fi\/wp-json\/wp\/v2\/types\/product"}],"replies":[{"embeddable":true,"href":"https:\/\/ecoshop.ee\/fi\/wp-json\/wp\/v2\/comments?post=105285"}],"version-history":[{"count":0,"href":"https:\/\/ecoshop.ee\/fi\/wp-json\/wp\/v2\/product\/105285\/revisions"}],"wp:featuredmedia":[{"embeddable":true,"href":"https:\/\/ecoshop.ee\/fi\/wp-json\/wp\/v2\/media\/105286"}],"wp:attachment":[{"href":"https:\/\/ecoshop.ee\/fi\/wp-json\/wp\/v2\/media?parent=105285"}],"wp:term":[{"taxonomy":"product_brand","embeddable":true,"href":"https:\/\/ecoshop.ee\/fi\/wp-json\/wp\/v2\/product_brand?post=105285"},{"taxonomy":"product_cat","embeddable":true,"href":"https:\/\/ecoshop.ee\/fi\/wp-json\/wp\/v2\/product_cat?post=105285"},{"taxonomy":"product_tag","embeddable":true,"href":"https:\/\/ecoshop.ee\/fi\/wp-json\/wp\/v2\/product_tag?post=105285"}],"curies":[{"name":"wp","href":"https:\/\/api.w.org\/{rel}","templated":true}]}}