{"id":105306,"date":"2025-04-09T23:10:13","date_gmt":"2025-04-09T21:10:13","guid":{"rendered":"https:\/\/ecoshop.ee\/?post_type=product&#038;p=105306"},"modified":"2025-04-09T23:10:15","modified_gmt":"2025-04-09T21:10:15","slug":"yrttiaromioljy-kaneli-ja-neilikka-10ml","status":"publish","type":"product","link":"https:\/\/ecoshop.ee\/fi\/eeterlikud-olid-ja-aroomiolid\/taimne-aroomioli-oun-ja-kaneel-10ml\/","title":{"rendered":"Yrttiaromi\u00f6ljy \u2013 Omena ja kaneli \u2013 10 ml"},"content":{"rendered":"<p class=\"\" data-start=\"142\" data-end=\"348\">Luonnollinen kasvipohjainen aromi\u00f6ljy, jolla on l\u00e4mmin ja kodikas omena-kaneli-tuoksu. Sis\u00e4lt\u00e4\u00e4 enemm\u00e4n eteerisi\u00e4 \u00f6ljyj\u00e4 kuin monet muut tuotemerkit, mik\u00e4 tekee tuoksusta voimakkaamman ja kest\u00e4v\u00e4mm\u00e4n.<\/p>\n<p class=\"\" data-start=\"350\" data-end=\"515\">Sopii k\u00e4ytett\u00e4v\u00e4ksi perinteisen \u00f6ljypolttimen tai s\u00e4hk\u00f6isen diffuusorin kanssa. Pakattu uudelleenk\u00e4ytett\u00e4v\u00e4\u00e4n 10 ml:n pulloon 100% - ihanteellinen luonnolliseen rentoutumiseen.<\/p>\n<ul>\n<li data-start=\"517\" data-end=\"705\">Kasvipohjainen, 100% vegaaninen<\/li>\n<li data-start=\"517\" data-end=\"705\">Ei sis\u00e4ll\u00e4 haitallisia kemikaaleja<\/li>\n<li data-start=\"517\" data-end=\"705\">K\u00e4ytet\u00e4\u00e4n \u00f6ljypolttimen tai diffuusorin kanssa<\/li>\n<li data-start=\"517\" data-end=\"705\">L\u00e4mmin ja mausteinen omena-kaneli-tuoksu<\/li>\n<li data-start=\"517\" data-end=\"705\">10 ml pullo, 100% kierr\u00e4tett\u00e4v\u00e4 pakkaus<\/li>\n<\/ul>","protected":false},"excerpt":{"rendered":"<p>Looduslikul taimsel baasil valmistatud aroomi\u00f5li, millel on soe ja kodune \u00f5una-kaneeli l\u00f5hn. Sisaldab suuremas koguses eeterlikke \u00f5lisid kui paljud teised br\u00e4ndid, mist\u00f5ttu&hellip;<\/p>","protected":false},"featured_media":105313,"comment_status":"open","ping_status":"closed","template":"","meta":{"wprm-recipe-roundup-name":"","wprm-recipe-roundup-description":""},"product_brand":[],"product_cat":[5754],"product_tag":[5755],"class_list":{"0":"post-105306","1":"product","2":"type-product","3":"status-publish","4":"has-post-thumbnail","6":"product_cat-eeterlikud-olid-ja-aroomiolid","7":"product_tag-aroomioli","9":"first","10":"instock","11":"taxable","12":"shipping-taxable","13":"purchasable","14":"product-type-simple"},"supplier_id":105232,"supplier_sku":"","barcode":"5028691475223","atum_controlled":true,"out_stock_date":null,"out_stock_threshold":null,"inheritable":false,"inbound_stock":0,"stock_on_hold":0,"sold_today":0,"sales_last_days":0,"reserved_stock":0,"customer_returns":0,"warehouse_damage":0,"lost_in_post":0,"other_logs":0,"out_stock_days":0,"lost_sales":0,"has_location":false,"update_date":"2026-03-07T01:16:05","atum_locations":[],"atum_stock_status":"instock","restock_status":false,"low_stock_amount":"","sales_update_date":"2026-03-07T01:16:05","calc_backorders":null,"aioseo_notices":[],"_links":{"self":[{"href":"https:\/\/ecoshop.ee\/fi\/wp-json\/wp\/v2\/product\/105306","targetHints":{"allow":["GET"]}}],"collection":[{"href":"https:\/\/ecoshop.ee\/fi\/wp-json\/wp\/v2\/product"}],"about":[{"href":"https:\/\/ecoshop.ee\/fi\/wp-json\/wp\/v2\/types\/product"}],"replies":[{"embeddable":true,"href":"https:\/\/ecoshop.ee\/fi\/wp-json\/wp\/v2\/comments?post=105306"}],"version-history":[{"count":0,"href":"https:\/\/ecoshop.ee\/fi\/wp-json\/wp\/v2\/product\/105306\/revisions"}],"wp:featuredmedia":[{"embeddable":true,"href":"https:\/\/ecoshop.ee\/fi\/wp-json\/wp\/v2\/media\/105313"}],"wp:attachment":[{"href":"https:\/\/ecoshop.ee\/fi\/wp-json\/wp\/v2\/media?parent=105306"}],"wp:term":[{"taxonomy":"product_brand","embeddable":true,"href":"https:\/\/ecoshop.ee\/fi\/wp-json\/wp\/v2\/product_brand?post=105306"},{"taxonomy":"product_cat","embeddable":true,"href":"https:\/\/ecoshop.ee\/fi\/wp-json\/wp\/v2\/product_cat?post=105306"},{"taxonomy":"product_tag","embeddable":true,"href":"https:\/\/ecoshop.ee\/fi\/wp-json\/wp\/v2\/product_tag?post=105306"}],"curies":[{"name":"wp","href":"https:\/\/api.w.org\/{rel}","templated":true}]}}