{"id":105315,"date":"2025-04-09T23:28:06","date_gmt":"2025-04-09T21:28:06","guid":{"rendered":"https:\/\/ecoshop.ee\/?post_type=product&#038;p=105315"},"modified":"2025-04-09T23:28:07","modified_gmt":"2025-04-09T21:28:07","slug":"teepuun-eteerinen-oljy-10-ml","status":"publish","type":"product","link":"https:\/\/ecoshop.ee\/fi\/eeterlikud-olid-ja-aroomiolid\/teepuu-eeterlik-oli-10ml\/","title":{"rendered":"Teepuun eteerinen \u00f6ljy \u2013 10 ml"},"content":{"rendered":"<p class=\"\" data-start=\"175\" data-end=\"344\"><em data-start=\"208\" data-end=\"232\">Melaleuca alternifolia<br \/>\n<\/em><br data-start=\"232\" data-end=\"235\" \/>Teepuu\u00f6ljy tunnetaan luonnollisista antiseptisist\u00e4 ja sienil\u00e4\u00e4kkeiden ominaisuuksistaan. Se saadaan h\u00f6yrytislaamalla. <em data-start=\"470\" data-end=\"494\">Melaleuca alternifolia<\/em> Australian koillisrannikolta kotoisin olevan puun lehdist\u00e4 ja oksista. Aboriginaalit ovat k\u00e4ytt\u00e4neet teepuuta vuosisatojen ajan haavojen, palovammojen ja hengitystiesairauksien lievitt\u00e4miseen.<\/p>\n<p class=\"\" data-start=\"665\" data-end=\"883\">Teepuun eteerinen \u00f6ljy sopii paikallisesti k\u00e4ytett\u00e4v\u00e4ksi tukemaan ihon terveytt\u00e4 (akne, sieni-infektiot, hilse), lievitt\u00e4m\u00e4\u00e4n lihaskipuja, vilustumisoireita ja hengityselinten j\u00e4nnittyneisyytt\u00e4. Kylpyveteen lis\u00e4ttyn\u00e4 se auttaa puhdistamaan ja tasapainottamaan ihoa.<\/p>\n<ul>\n<li data-start=\"885\" data-end=\"1074\">100% puhdas eteerinen \u00f6ljy<\/li>\n<li data-start=\"885\" data-end=\"1074\">Luonnostaan antiseptinen ja sienil\u00e4\u00e4ke<\/li>\n<li data-start=\"885\" data-end=\"1074\">Tehokas akneen, iho\u00e4rsytykseen ja vilustumiseen<\/li>\n<li data-start=\"885\" data-end=\"1074\">K\u00e4ytetty kasvinosa: lehdet ja oksat<\/li>\n<li data-start=\"885\" data-end=\"1074\">Uuttomenetelm\u00e4: h\u00f6yrytislaus<\/li>\n<li data-start=\"885\" data-end=\"1074\">10 ml tummassa lasipullossa<\/li>\n<\/ul>\n<p class=\"\" data-start=\"1076\" data-end=\"1231\">\u26a0\ufe0f Vain ulkoiseen k\u00e4ytt\u00f6\u00f6n. Ei saa niell\u00e4. S\u00e4ilytett\u00e4v\u00e4 lasten ja lemmikkien ulottumattomissa. Ei saa k\u00e4ytt\u00e4\u00e4 raskauden tai imetyksen aikana.<\/p>","protected":false},"excerpt":{"rendered":"<p>Melaleuca Alternifolia Teepuu\u00f5li on tuntud oma looduslike antiseptiliste ja seenevastaste omaduste poolest. Seda saadakse aurudestilleerimise teel Melaleuca alternifolia puu lehtedest ja okstest,&hellip;<\/p>","protected":false},"featured_media":105316,"comment_status":"open","ping_status":"closed","template":"","meta":{"wprm-recipe-roundup-name":"","wprm-recipe-roundup-description":""},"product_brand":[],"product_cat":[5754],"product_tag":[5756],"class_list":{"0":"post-105315","1":"product","2":"type-product","3":"status-publish","4":"has-post-thumbnail","6":"product_cat-eeterlikud-olid-ja-aroomiolid","7":"product_tag-eeterlik-oli","9":"first","10":"instock","11":"taxable","12":"shipping-taxable","13":"purchasable","14":"product-type-simple"},"supplier_id":105232,"supplier_sku":"","barcode":"5055796528394","atum_controlled":true,"out_stock_date":null,"out_stock_threshold":null,"inheritable":false,"inbound_stock":0,"stock_on_hold":0,"sold_today":0,"sales_last_days":0,"reserved_stock":0,"customer_returns":0,"warehouse_damage":0,"lost_in_post":0,"other_logs":0,"out_stock_days":0,"lost_sales":0,"has_location":false,"update_date":"2026-03-07T01:16:07","atum_locations":[],"atum_stock_status":"instock","restock_status":false,"low_stock_amount":"","sales_update_date":"2026-03-07T01:16:07","calc_backorders":null,"aioseo_notices":[],"_links":{"self":[{"href":"https:\/\/ecoshop.ee\/fi\/wp-json\/wp\/v2\/product\/105315","targetHints":{"allow":["GET"]}}],"collection":[{"href":"https:\/\/ecoshop.ee\/fi\/wp-json\/wp\/v2\/product"}],"about":[{"href":"https:\/\/ecoshop.ee\/fi\/wp-json\/wp\/v2\/types\/product"}],"replies":[{"embeddable":true,"href":"https:\/\/ecoshop.ee\/fi\/wp-json\/wp\/v2\/comments?post=105315"}],"version-history":[{"count":0,"href":"https:\/\/ecoshop.ee\/fi\/wp-json\/wp\/v2\/product\/105315\/revisions"}],"wp:featuredmedia":[{"embeddable":true,"href":"https:\/\/ecoshop.ee\/fi\/wp-json\/wp\/v2\/media\/105316"}],"wp:attachment":[{"href":"https:\/\/ecoshop.ee\/fi\/wp-json\/wp\/v2\/media?parent=105315"}],"wp:term":[{"taxonomy":"product_brand","embeddable":true,"href":"https:\/\/ecoshop.ee\/fi\/wp-json\/wp\/v2\/product_brand?post=105315"},{"taxonomy":"product_cat","embeddable":true,"href":"https:\/\/ecoshop.ee\/fi\/wp-json\/wp\/v2\/product_cat?post=105315"},{"taxonomy":"product_tag","embeddable":true,"href":"https:\/\/ecoshop.ee\/fi\/wp-json\/wp\/v2\/product_tag?post=105315"}],"curies":[{"name":"wp","href":"https:\/\/api.w.org\/{rel}","templated":true}]}}