{"id":105318,"date":"2025-04-09T23:40:47","date_gmt":"2025-04-09T21:40:47","guid":{"rendered":"https:\/\/ecoshop.ee\/?post_type=product&#038;p=105318"},"modified":"2025-04-09T23:40:48","modified_gmt":"2025-04-09T21:40:48","slug":"ruusupuun-eteerinen-oljy-10-ml","status":"publish","type":"product","link":"https:\/\/ecoshop.ee\/fi\/eeterlikud-olid-ja-aroomiolid\/roosipuu-eeterlik-oli-10ml\/","title":{"rendered":"Ruusupuun eteerinen \u00f6ljy \u2013 10 ml"},"content":{"rendered":"<p class=\"\" data-start=\"68\" data-end=\"121\"><em data-start=\"103\" data-end=\"121\">Aniba Rosaeodora<\/em><\/p>\n<p class=\"\" data-start=\"123\" data-end=\"480\">Ruusupuun eteerist\u00e4 \u00f6ljy\u00e4 arvostetaan sen rauhoittavan, makean ja hieman mausteisen tuoksun vuoksi, joka tukee mielialan tasapainoa ja henkist\u00e4 selkeytt\u00e4. Se saadaan Brasilian ruusupuusta h\u00f6yrytislaamalla. Aromaterapiassa ruusupuu\u00f6ljy tunnetaan luonnollisena masennusl\u00e4\u00e4kkeen\u00e4, joka auttaa kohottamaan mielialaa, v\u00e4hent\u00e4m\u00e4\u00e4n v\u00e4symyst\u00e4 ja palauttamaan elinvoimaa.<\/p>\n<p class=\"\" data-start=\"482\" data-end=\"681\">\u00d6ljy sopii my\u00f6s erinomaisesti lievien s\u00e4rkyjen, p\u00e4\u00e4ns\u00e4ryn ja lihasj\u00e4nnityksen lievitt\u00e4miseen, ja sen luonnolliset antibakteeriset ja hy\u00f6nteiskarkotteet tekev\u00e4t siit\u00e4 monipuolisen apurin kotik\u00e4ytt\u00f6\u00f6n.<\/p>\n<ul>\n<li data-start=\"683\" data-end=\"839\">100% puhdas eteerinen \u00f6ljy<\/li>\n<li data-start=\"683\" data-end=\"839\">Rauhoittaa mielt\u00e4 ja tukee henkist\u00e4 tasapainoa<\/li>\n<li data-start=\"683\" data-end=\"839\">Luonnostaan antiseptinen ja hy\u00f6nteiskarkote<\/li>\n<li data-start=\"683\" data-end=\"839\">Lievitt\u00e4\u00e4 lievi\u00e4 s\u00e4rkyj\u00e4 ja kipuja<\/li>\n<li data-start=\"683\" data-end=\"839\">K\u00e4ytetty kasvinosa: puu<\/li>\n<li data-start=\"683\" data-end=\"839\">Uuttomenetelm\u00e4: h\u00f6yrytislaus<\/li>\n<li data-start=\"683\" data-end=\"839\">10 ml tummassa lasipullossa<\/li>\n<\/ul>\n<p class=\"\" data-start=\"942\" data-end=\"1097\">\u26a0\ufe0f Vain ulkoiseen k\u00e4ytt\u00f6\u00f6n. Ei saa niell\u00e4. S\u00e4ilytett\u00e4v\u00e4 lasten ja lemmikkien ulottumattomissa. Ei saa k\u00e4ytt\u00e4\u00e4 raskauden tai imetyksen aikana.<\/p>","protected":false},"excerpt":{"rendered":"<p>Aniba Rosaeodora Roosipuu eeterlik \u00f5li on hinnatud oma rahustava, magusa ja kergelt v\u00fcrtsika l\u00f5hna poolest, mis toetab meeleolu tasakaalustamist ja vaimset selgust.&hellip;<\/p>","protected":false},"featured_media":105319,"comment_status":"open","ping_status":"closed","template":"","meta":{"wprm-recipe-roundup-name":"","wprm-recipe-roundup-description":""},"product_brand":[],"product_cat":[5754],"product_tag":[5756],"class_list":{"0":"post-105318","1":"product","2":"type-product","3":"status-publish","4":"has-post-thumbnail","6":"product_cat-eeterlikud-olid-ja-aroomiolid","7":"product_tag-eeterlik-oli","9":"first","10":"instock","11":"sale","12":"taxable","13":"shipping-taxable","14":"purchasable","15":"product-type-simple"},"supplier_id":105232,"supplier_sku":"","barcode":"5055796528769","atum_controlled":true,"out_stock_date":null,"out_stock_threshold":null,"inheritable":false,"inbound_stock":0,"stock_on_hold":0,"sold_today":0,"sales_last_days":0,"reserved_stock":0,"customer_returns":0,"warehouse_damage":0,"lost_in_post":0,"other_logs":0,"out_stock_days":0,"lost_sales":0,"has_location":false,"update_date":"2026-03-07T01:16:07","atum_locations":[],"atum_stock_status":"instock","restock_status":false,"low_stock_amount":"","sales_update_date":"2026-03-07T01:16:07","calc_backorders":null,"aioseo_notices":[],"_links":{"self":[{"href":"https:\/\/ecoshop.ee\/fi\/wp-json\/wp\/v2\/product\/105318","targetHints":{"allow":["GET"]}}],"collection":[{"href":"https:\/\/ecoshop.ee\/fi\/wp-json\/wp\/v2\/product"}],"about":[{"href":"https:\/\/ecoshop.ee\/fi\/wp-json\/wp\/v2\/types\/product"}],"replies":[{"embeddable":true,"href":"https:\/\/ecoshop.ee\/fi\/wp-json\/wp\/v2\/comments?post=105318"}],"version-history":[{"count":0,"href":"https:\/\/ecoshop.ee\/fi\/wp-json\/wp\/v2\/product\/105318\/revisions"}],"wp:featuredmedia":[{"embeddable":true,"href":"https:\/\/ecoshop.ee\/fi\/wp-json\/wp\/v2\/media\/105319"}],"wp:attachment":[{"href":"https:\/\/ecoshop.ee\/fi\/wp-json\/wp\/v2\/media?parent=105318"}],"wp:term":[{"taxonomy":"product_brand","embeddable":true,"href":"https:\/\/ecoshop.ee\/fi\/wp-json\/wp\/v2\/product_brand?post=105318"},{"taxonomy":"product_cat","embeddable":true,"href":"https:\/\/ecoshop.ee\/fi\/wp-json\/wp\/v2\/product_cat?post=105318"},{"taxonomy":"product_tag","embeddable":true,"href":"https:\/\/ecoshop.ee\/fi\/wp-json\/wp\/v2\/product_tag?post=105318"}],"curies":[{"name":"wp","href":"https:\/\/api.w.org\/{rel}","templated":true}]}}