{"id":105468,"date":"2025-04-12T11:16:44","date_gmt":"2025-04-12T09:16:44","guid":{"rendered":"https:\/\/ecoshop.ee\/?post_type=product&#038;p=105468"},"modified":"2025-04-12T11:16:46","modified_gmt":"2025-04-12T09:16:46","slug":"setripuun-eteerinen-oljy-10-ml","status":"publish","type":"product","link":"https:\/\/ecoshop.ee\/fi\/eeterlikud-olid-ja-aroomiolid\/seedripuu-eeterlik-oli-10ml\/","title":{"rendered":"Setripuun eteerinen \u00f6ljy \u2013 10 ml"},"content":{"rendered":"<p class=\"\" data-start=\"96\" data-end=\"165\"><em data-start=\"143\" data-end=\"165\">Virginiankataja<\/em><\/p>\n<p class=\"\" data-start=\"167\" data-end=\"515\">Setripuun eteerinen \u00f6ljy saadaan Yhdysvalloissa kasvavasta setripuusta. <em data-start=\"214\" data-end=\"236\">virginiana-kataja<\/em> Puusta h\u00f6yrytislattu \u00f6ljy. T\u00e4t\u00e4 \u00f6ljy\u00e4 arvostetaan sen rauhoittavien, tasapainottavien ja ihoa tukevien ominaisuuksien vuoksi. Sit\u00e4 on perinteisesti k\u00e4ytetty ihon \u00e4rsytyksen, hilseen ja liiallisen talin lievitt\u00e4miseen sek\u00e4 sen rentouttavan vaikutuksen vuoksi j\u00e4nnityksen ja levottomuuden tilanteissa.<\/p>\n<p class=\"\" data-start=\"517\" data-end=\"724\">Setripuu\u00f6ljy auttaa s\u00e4\u00e4telem\u00e4\u00e4n talirauhasten toimintaa, tukee ihon puhdistumista ja sill\u00e4 on rauhoittava vaikutus sek\u00e4 kehoon ett\u00e4 mieleen. Se sopii hyvin iltak\u00e4ytt\u00f6\u00f6n unen edist\u00e4miseksi ja hermoston tasapainottamiseksi.<\/p>\n<ul>\n<li data-start=\"726\" data-end=\"891\">100% puhdas eteerinen \u00f6ljy<\/li>\n<li data-start=\"726\" data-end=\"891\">Tukee ihon tasapainoa ja rauhoittaa \u00e4rsytyst\u00e4<\/li>\n<li data-start=\"726\" data-end=\"891\">Luonnollinen antiseptinen ja sienil\u00e4\u00e4kevaikutus<\/li>\n<li data-start=\"726\" data-end=\"891\">Sopii rauhoittavaan ja rentoutumiseen<\/li>\n<li data-start=\"726\" data-end=\"891\">K\u00e4ytetty kasvinosa: puu<\/li>\n<li data-start=\"726\" data-end=\"891\">Uuttomenetelm\u00e4: h\u00f6yrytislaus<\/li>\n<li data-start=\"726\" data-end=\"891\">10 ml tummassa lasipullossa<\/li>\n<\/ul>\n<p class=\"\" data-start=\"994\" data-end=\"1149\">\u26a0\ufe0f Vain ulkoiseen k\u00e4ytt\u00f6\u00f6n. Ei saa niell\u00e4. S\u00e4ilytett\u00e4v\u00e4 lasten ja lemmikkien ulottumattomissa. Ei saa k\u00e4ytt\u00e4\u00e4 raskauden tai imetyksen aikana.<\/p>","protected":false},"excerpt":{"rendered":"<p>Juniperus Virginiana Seedripuu eeterlik \u00f5li on saadud USA-s kasvava Juniperus virginiana puidust aurudestilleerimise teel. See \u00f5li on hinnatud oma rahustavate, tasakaalustavate ja&hellip;<\/p>","protected":false},"featured_media":105469,"comment_status":"open","ping_status":"closed","template":"","meta":{"wprm-recipe-roundup-name":"","wprm-recipe-roundup-description":""},"product_brand":[],"product_cat":[5754],"product_tag":[5756],"class_list":{"0":"post-105468","1":"product","2":"type-product","3":"status-publish","4":"has-post-thumbnail","6":"product_cat-eeterlikud-olid-ja-aroomiolid","7":"product_tag-eeterlik-oli","9":"first","10":"instock","11":"taxable","12":"shipping-taxable","13":"purchasable","14":"product-type-simple"},"supplier_id":105232,"supplier_sku":"","barcode":"5055796528875","atum_controlled":true,"out_stock_date":null,"out_stock_threshold":null,"inheritable":false,"inbound_stock":0,"stock_on_hold":0,"sold_today":0,"sales_last_days":0,"reserved_stock":0,"customer_returns":0,"warehouse_damage":0,"lost_in_post":0,"other_logs":0,"out_stock_days":0,"lost_sales":0,"has_location":false,"update_date":"2026-03-07T01:16:07","atum_locations":[],"atum_stock_status":"instock","restock_status":false,"low_stock_amount":"","sales_update_date":"2026-03-07T01:16:07","calc_backorders":null,"aioseo_notices":[],"_links":{"self":[{"href":"https:\/\/ecoshop.ee\/fi\/wp-json\/wp\/v2\/product\/105468","targetHints":{"allow":["GET"]}}],"collection":[{"href":"https:\/\/ecoshop.ee\/fi\/wp-json\/wp\/v2\/product"}],"about":[{"href":"https:\/\/ecoshop.ee\/fi\/wp-json\/wp\/v2\/types\/product"}],"replies":[{"embeddable":true,"href":"https:\/\/ecoshop.ee\/fi\/wp-json\/wp\/v2\/comments?post=105468"}],"version-history":[{"count":0,"href":"https:\/\/ecoshop.ee\/fi\/wp-json\/wp\/v2\/product\/105468\/revisions"}],"wp:featuredmedia":[{"embeddable":true,"href":"https:\/\/ecoshop.ee\/fi\/wp-json\/wp\/v2\/media\/105469"}],"wp:attachment":[{"href":"https:\/\/ecoshop.ee\/fi\/wp-json\/wp\/v2\/media?parent=105468"}],"wp:term":[{"taxonomy":"product_brand","embeddable":true,"href":"https:\/\/ecoshop.ee\/fi\/wp-json\/wp\/v2\/product_brand?post=105468"},{"taxonomy":"product_cat","embeddable":true,"href":"https:\/\/ecoshop.ee\/fi\/wp-json\/wp\/v2\/product_cat?post=105468"},{"taxonomy":"product_tag","embeddable":true,"href":"https:\/\/ecoshop.ee\/fi\/wp-json\/wp\/v2\/product_tag?post=105468"}],"curies":[{"name":"wp","href":"https:\/\/api.w.org\/{rel}","templated":true}]}}