{"id":105471,"date":"2025-04-12T11:26:57","date_gmt":"2025-04-12T09:26:57","guid":{"rendered":"https:\/\/ecoshop.ee\/?post_type=product&#038;p=105471"},"modified":"2025-12-10T19:46:47","modified_gmt":"2025-12-10T16:46:47","slug":"makean-appelsiinin-eteerinen-oljy-10-ml","status":"publish","type":"product","link":"https:\/\/ecoshop.ee\/fi\/eeterlikud-olid-ja-aroomiolid\/magus-apelsini-eeterlik-oli-10ml\/","title":{"rendered":"Makean appelsiinin eteerinen \u00f6ljy \u2013 10 ml"},"content":{"rendered":"<p class=\"\" data-start=\"85\" data-end=\"137\"><em data-start=\"120\" data-end=\"137\">Citrus sinensis<\/em><\/p>\n<p class=\"\" data-start=\"139\" data-end=\"406\">Appelsiinin eteerist\u00e4 \u00f6ljy\u00e4 saadaan Brasiliassa kasvatetuista appelsiineista. <em data-start=\"192\" data-end=\"209\">Citrus sinensis<\/em> Kylm\u00e4puristettu hedelm\u00e4nkuorista. Sen makea ja virkist\u00e4v\u00e4 tuoksu on samanaikaisesti sek\u00e4 virkist\u00e4v\u00e4 ett\u00e4 rauhoittava, auttaen v\u00e4hent\u00e4m\u00e4\u00e4n stressi\u00e4, tasapainottamaan mielialaa ja edist\u00e4m\u00e4\u00e4n hyvinvoinnin tunnetta.<\/p>\n<p class=\"\" data-start=\"408\" data-end=\"687\">Aromaterapiassa appelsiini\u00f6ljy\u00e4 k\u00e4ytet\u00e4\u00e4n immuunij\u00e4rjestelm\u00e4n vahvistamiseen ja ilman puhdistamiseen bakteereista. Hieronta\u00f6ljyn\u00e4 se edist\u00e4\u00e4 verenkiertoa, lievitt\u00e4\u00e4 ruoansulatusongelmia, lihasj\u00e4nnityst\u00e4 ja kuukautiskipuja. Sopii p\u00e4ivitt\u00e4iseen k\u00e4ytt\u00f6\u00f6n j\u00e4nnityksen lievitt\u00e4miseen ja mielialan kohottamiseen.<\/p>\n<ul>\n<li data-start=\"689\" data-end=\"856\">100% puhdas eteerinen \u00f6ljy<\/li>\n<li data-start=\"689\" data-end=\"856\">Parantaa mielialaa ja tasapainottaa stressi\u00e4<\/li>\n<li data-start=\"689\" data-end=\"856\">Tukee ruoansulatusta ja lievitt\u00e4\u00e4 lihasj\u00e4nnityst\u00e4<\/li>\n<li data-start=\"689\" data-end=\"856\">Puhdistaa luonnollisesti ilmaa ja tukee immuunij\u00e4rjestelm\u00e4\u00e4<\/li>\n<li data-start=\"689\" data-end=\"856\">K\u00e4ytetty kasvinosa: hedelm\u00e4nkuori<\/li>\n<li data-start=\"689\" data-end=\"856\">Uuttomenetelm\u00e4: kylm\u00e4puristus<\/li>\n<li data-start=\"689\" data-end=\"856\">10 ml tummassa lasipullossa<\/li>\n<\/ul>\n<p class=\"\" data-start=\"962\" data-end=\"1117\">\u26a0\ufe0f Vain ulkoiseen k\u00e4ytt\u00f6\u00f6n. Ei saa niell\u00e4. S\u00e4ilytett\u00e4v\u00e4 lasten ja lemmikkien ulottumattomissa. Ei saa k\u00e4ytt\u00e4\u00e4 raskauden tai imetyksen aikana.<\/p>","protected":false},"excerpt":{"rendered":"<p>Citrus Sinensis Apelsini eeterlik \u00f5li saadakse Brasiilias kasvatatud Citrus sinensis puuviljakoortest k\u00fclmpressimise teel. Selle magus ja v\u00e4rskendav aroom m\u00f5jub samaaegselt virgutavalt ja&hellip;<\/p>","protected":false},"featured_media":105472,"comment_status":"open","ping_status":"closed","template":"","meta":{"wprm-recipe-roundup-name":"","wprm-recipe-roundup-description":""},"product_brand":[],"product_cat":[5754],"product_tag":[5756],"class_list":{"0":"post-105471","1":"product","2":"type-product","3":"status-publish","4":"has-post-thumbnail","6":"product_cat-eeterlikud-olid-ja-aroomiolid","7":"product_tag-eeterlik-oli","9":"first","10":"instock","11":"taxable","12":"shipping-taxable","13":"purchasable","14":"product-type-simple"},"supplier_id":105232,"supplier_sku":"","barcode":"5055796528721","atum_controlled":true,"out_stock_date":null,"out_stock_threshold":null,"inheritable":false,"inbound_stock":0,"stock_on_hold":0,"sold_today":0,"sales_last_days":0,"reserved_stock":0,"customer_returns":0,"warehouse_damage":0,"lost_in_post":0,"other_logs":0,"out_stock_days":0,"lost_sales":0,"has_location":false,"update_date":"2026-03-07T01:16:07","atum_locations":[],"atum_stock_status":"instock","restock_status":false,"low_stock_amount":"","sales_update_date":"2026-03-07T01:16:07","calc_backorders":null,"aioseo_notices":[],"_links":{"self":[{"href":"https:\/\/ecoshop.ee\/fi\/wp-json\/wp\/v2\/product\/105471","targetHints":{"allow":["GET"]}}],"collection":[{"href":"https:\/\/ecoshop.ee\/fi\/wp-json\/wp\/v2\/product"}],"about":[{"href":"https:\/\/ecoshop.ee\/fi\/wp-json\/wp\/v2\/types\/product"}],"replies":[{"embeddable":true,"href":"https:\/\/ecoshop.ee\/fi\/wp-json\/wp\/v2\/comments?post=105471"}],"version-history":[{"count":0,"href":"https:\/\/ecoshop.ee\/fi\/wp-json\/wp\/v2\/product\/105471\/revisions"}],"wp:featuredmedia":[{"embeddable":true,"href":"https:\/\/ecoshop.ee\/fi\/wp-json\/wp\/v2\/media\/105472"}],"wp:attachment":[{"href":"https:\/\/ecoshop.ee\/fi\/wp-json\/wp\/v2\/media?parent=105471"}],"wp:term":[{"taxonomy":"product_brand","embeddable":true,"href":"https:\/\/ecoshop.ee\/fi\/wp-json\/wp\/v2\/product_brand?post=105471"},{"taxonomy":"product_cat","embeddable":true,"href":"https:\/\/ecoshop.ee\/fi\/wp-json\/wp\/v2\/product_cat?post=105471"},{"taxonomy":"product_tag","embeddable":true,"href":"https:\/\/ecoshop.ee\/fi\/wp-json\/wp\/v2\/product_tag?post=105471"}],"curies":[{"name":"wp","href":"https:\/\/api.w.org\/{rel}","templated":true}]}}