{"id":105474,"date":"2025-04-12T12:42:09","date_gmt":"2025-04-12T10:42:09","guid":{"rendered":"https:\/\/ecoshop.ee\/?post_type=product&#038;p=105474"},"modified":"2025-12-08T11:16:49","modified_gmt":"2025-12-08T08:16:49","slug":"sitruunaruohon-eteerinen-oljy-10-ml","status":"publish","type":"product","link":"https:\/\/ecoshop.ee\/fi\/eeterlikud-olid-ja-aroomiolid\/sidrunheina-eeterlik-oli-10ml\/","title":{"rendered":"Sitruunaruohon eteerinen \u00f6ljy \u2013 10 ml"},"content":{"rendered":"<p class=\"\" data-start=\"86\" data-end=\"145\"><em data-start=\"124\" data-end=\"145\">Cymbopogon Citratus<\/em><\/p>\n<p class=\"\" data-start=\"147\" data-end=\"462\">Sitruunaruohon eteerinen \u00f6ljy saadaan h\u00f6yrytislaamalla. <em data-start=\"206\" data-end=\"227\">Cymbopogon citratus<\/em> \u00f6ljyhein\u00e4n lehdist\u00e4. Sen raikas, sitrushein\u00e4inen tuoksu tunnetaan stimuloivista ja puhdistavista vaikutuksistaan. Aromaterapiassa sit\u00e4 k\u00e4ytet\u00e4\u00e4n v\u00e4symyksen, p\u00e4\u00e4ns\u00e4ryn, hermoston uupumuksen ja stressin lievitt\u00e4miseen.<\/p>\n<p class=\"\" data-start=\"464\" data-end=\"814\">Sitruunaruoho\u00f6ljy tukee ruoansulatusta, auttaa lievitt\u00e4m\u00e4\u00e4n lihasj\u00e4nnityst\u00e4 ja edist\u00e4\u00e4 nopeampaa toipumista sairauksista. Se on my\u00f6s luonnollinen apu rasvaisen ihon tasapainottamiseen ja hikoilun v\u00e4hent\u00e4miseen. \u00d6ljy sopii my\u00f6s luonnolliseksi hy\u00f6nteiskarkotteeksi esimerkiksi kirppujen ja punkkien loitolla pit\u00e4miseksi. Ole varovainen levitt\u00e4ess\u00e4si sit\u00e4 iholle \u2013 se voi aiheuttaa \u00e4rsytyst\u00e4.<\/p>\n<ul>\n<li data-start=\"816\" data-end=\"998\">100% puhdas eteerinen \u00f6ljy<\/li>\n<li data-start=\"816\" data-end=\"998\">Virkist\u00e4v\u00e4 ja raikas sitrushedelmien tuoksu<\/li>\n<li data-start=\"816\" data-end=\"998\">Tukee palautumista ja v\u00e4hent\u00e4\u00e4 lihasj\u00e4nnityst\u00e4<\/li>\n<li data-start=\"816\" data-end=\"998\">Sopii tasapainottamaan rasvaista ihoa ja luonnolliseen hy\u00f6nteiskarkottimeen<\/li>\n<li data-start=\"816\" data-end=\"998\">K\u00e4ytetty kasvinosa: lehdet<\/li>\n<li data-start=\"816\" data-end=\"998\">Uuttomenetelm\u00e4: h\u00f6yrytislaus<\/li>\n<li data-start=\"816\" data-end=\"998\">10 ml tummassa lasipullossa<\/li>\n<\/ul>\n<p class=\"\" data-start=\"1102\" data-end=\"1257\">\u26a0\ufe0f Vain ulkoiseen k\u00e4ytt\u00f6\u00f6n. Ei saa niell\u00e4. S\u00e4ilytett\u00e4v\u00e4 lasten ja lemmikkien ulottumattomissa. Ei saa k\u00e4ytt\u00e4\u00e4 raskauden tai imetyksen aikana.<\/p>","protected":false},"excerpt":{"rendered":"<p>Cymbopogon Citratus Sidrunheina eeterlik \u00f5li saadakse aurudestilleerimise teel Cymbopogon citratus taimeliigi lehtedest, mida kutsutakse ka \u201c\u00f5liheinaks\u201d. Selle v\u00e4rske, tsitruseline l\u00f5hn on tuntud&hellip;<\/p>","protected":false},"featured_media":105476,"comment_status":"open","ping_status":"closed","template":"","meta":{"wprm-recipe-roundup-name":"","wprm-recipe-roundup-description":""},"product_brand":[],"product_cat":[5754],"product_tag":[5756],"class_list":{"0":"post-105474","1":"product","2":"type-product","3":"status-publish","4":"has-post-thumbnail","6":"product_cat-eeterlikud-olid-ja-aroomiolid","7":"product_tag-eeterlik-oli","9":"first","10":"instock","11":"taxable","12":"shipping-taxable","13":"purchasable","14":"product-type-simple"},"supplier_id":105232,"supplier_sku":"","barcode":"5055796528653","atum_controlled":true,"out_stock_date":null,"out_stock_threshold":null,"inheritable":false,"inbound_stock":0,"stock_on_hold":0,"sold_today":0,"sales_last_days":0,"reserved_stock":0,"customer_returns":0,"warehouse_damage":0,"lost_in_post":0,"other_logs":0,"out_stock_days":0,"lost_sales":0,"has_location":false,"update_date":"2026-03-07T01:16:07","atum_locations":[],"atum_stock_status":"instock","restock_status":false,"low_stock_amount":"","sales_update_date":"2026-03-07T01:16:07","calc_backorders":null,"aioseo_notices":[],"_links":{"self":[{"href":"https:\/\/ecoshop.ee\/fi\/wp-json\/wp\/v2\/product\/105474","targetHints":{"allow":["GET"]}}],"collection":[{"href":"https:\/\/ecoshop.ee\/fi\/wp-json\/wp\/v2\/product"}],"about":[{"href":"https:\/\/ecoshop.ee\/fi\/wp-json\/wp\/v2\/types\/product"}],"replies":[{"embeddable":true,"href":"https:\/\/ecoshop.ee\/fi\/wp-json\/wp\/v2\/comments?post=105474"}],"version-history":[{"count":0,"href":"https:\/\/ecoshop.ee\/fi\/wp-json\/wp\/v2\/product\/105474\/revisions"}],"wp:featuredmedia":[{"embeddable":true,"href":"https:\/\/ecoshop.ee\/fi\/wp-json\/wp\/v2\/media\/105476"}],"wp:attachment":[{"href":"https:\/\/ecoshop.ee\/fi\/wp-json\/wp\/v2\/media?parent=105474"}],"wp:term":[{"taxonomy":"product_brand","embeddable":true,"href":"https:\/\/ecoshop.ee\/fi\/wp-json\/wp\/v2\/product_brand?post=105474"},{"taxonomy":"product_cat","embeddable":true,"href":"https:\/\/ecoshop.ee\/fi\/wp-json\/wp\/v2\/product_cat?post=105474"},{"taxonomy":"product_tag","embeddable":true,"href":"https:\/\/ecoshop.ee\/fi\/wp-json\/wp\/v2\/product_tag?post=105474"}],"curies":[{"name":"wp","href":"https:\/\/api.w.org\/{rel}","templated":true}]}}