{"id":105478,"date":"2025-04-12T14:08:58","date_gmt":"2025-04-12T12:08:58","guid":{"rendered":"https:\/\/ecoshop.ee\/?post_type=product&#038;p=105478"},"modified":"2025-04-12T14:08:59","modified_gmt":"2025-04-12T12:08:59","slug":"katajanmarjan-eteerinen-oljy-10-ml","status":"publish","type":"product","link":"https:\/\/ecoshop.ee\/fi\/eeterlikud-olid-ja-aroomiolid\/kadakamarja-eeterlik-oli-10ml\/","title":{"rendered":"Katajanmarjan eteerinen \u00f6ljy \u2013 10 ml"},"content":{"rendered":"<p class=\"\" data-start=\"86\" data-end=\"144\"><em data-start=\"124\" data-end=\"144\">Juniperus Communis<\/em><\/p>\n<p class=\"\" data-start=\"146\" data-end=\"457\">Katajanmarjan eteerinen \u00f6ljy saadaan h\u00f6yrytislaamalla. <em data-start=\"205\" data-end=\"225\">Juniperus communis<\/em> katajanmarjoista. Sen puinen, hieman mausteinen ja raikas tuoksu tunnetaan puhdistavista ja rauhoittavista ominaisuuksistaan. Aromaterapiassa katajanmarja\u00f6ljy\u00e4 k\u00e4ytet\u00e4\u00e4n aistien tasapainottamiseen, ahdistuksen v\u00e4hent\u00e4miseen ja ilman puhdistamiseen.<\/p>\n<p class=\"\" data-start=\"459\" data-end=\"665\">Katajanmarjoilla on luonnollinen antiseptinen vaikutus, ja \u00f6ljy on hyv\u00e4 ainesosa luonnollisissa ilmanraikastimissa ja huonesumutteissa. Se auttaa tuhoamaan ilmassa olevia bakteereja ja luo kirkkaan ja puhtaan ilmapiirin.<\/p>\n<ul>\n<li data-start=\"667\" data-end=\"825\">100% puhdas eteerinen \u00f6ljy<\/li>\n<li data-start=\"667\" data-end=\"825\">Rauhoittava ja tasapainottava tuoksu<\/li>\n<li data-start=\"667\" data-end=\"825\">Luonnollinen antiseptinen aine ilman ja huoneiden puhdistukseen<\/li>\n<li data-start=\"667\" data-end=\"825\">Puinen ja virkist\u00e4v\u00e4 tuoksu, joka luo kirkkautta<\/li>\n<li data-start=\"667\" data-end=\"825\">K\u00e4ytetty kasvinosa: marja<\/li>\n<li data-start=\"667\" data-end=\"825\">Uuttomenetelm\u00e4: h\u00f6yrytislaus<\/li>\n<li data-start=\"667\" data-end=\"825\">10 ml tummassa lasipullossa<\/li>\n<\/ul>\n<p class=\"\" data-start=\"928\" data-end=\"1083\">\u26a0\ufe0f Vain ulkoiseen k\u00e4ytt\u00f6\u00f6n. Ei saa niell\u00e4. S\u00e4ilytett\u00e4v\u00e4 lasten ja lemmikkien ulottumattomissa. Ei saa k\u00e4ytt\u00e4\u00e4 raskauden tai imetyksen aikana.<\/p>","protected":false},"excerpt":{"rendered":"<p>Juniperus Communis Kadakamarja eeterlik \u00f5li saadakse aurudestilleerimise teel Juniperus communis puu marjadest. Selle puidune, kergelt v\u00fcrtsikas ja v\u00e4rske aroom on tuntud oma&hellip;<\/p>","protected":false},"featured_media":105479,"comment_status":"open","ping_status":"closed","template":"","meta":{"wprm-recipe-roundup-name":"","wprm-recipe-roundup-description":""},"product_brand":[],"product_cat":[5754],"product_tag":[5756],"class_list":{"0":"post-105478","1":"product","2":"type-product","3":"status-publish","4":"has-post-thumbnail","6":"product_cat-eeterlikud-olid-ja-aroomiolid","7":"product_tag-eeterlik-oli","9":"first","10":"instock","11":"taxable","12":"shipping-taxable","13":"purchasable","14":"product-type-simple"},"supplier_id":105232,"supplier_sku":"","barcode":"5055796528646","atum_controlled":true,"out_stock_date":null,"out_stock_threshold":null,"inheritable":false,"inbound_stock":0,"stock_on_hold":0,"sold_today":0,"sales_last_days":0,"reserved_stock":0,"customer_returns":0,"warehouse_damage":0,"lost_in_post":0,"other_logs":0,"out_stock_days":0,"lost_sales":0,"has_location":false,"update_date":"2026-03-07T01:16:07","atum_locations":[],"atum_stock_status":"instock","restock_status":false,"low_stock_amount":"","sales_update_date":"2026-03-07T01:16:07","calc_backorders":null,"aioseo_notices":[],"_links":{"self":[{"href":"https:\/\/ecoshop.ee\/fi\/wp-json\/wp\/v2\/product\/105478","targetHints":{"allow":["GET"]}}],"collection":[{"href":"https:\/\/ecoshop.ee\/fi\/wp-json\/wp\/v2\/product"}],"about":[{"href":"https:\/\/ecoshop.ee\/fi\/wp-json\/wp\/v2\/types\/product"}],"replies":[{"embeddable":true,"href":"https:\/\/ecoshop.ee\/fi\/wp-json\/wp\/v2\/comments?post=105478"}],"version-history":[{"count":0,"href":"https:\/\/ecoshop.ee\/fi\/wp-json\/wp\/v2\/product\/105478\/revisions"}],"wp:featuredmedia":[{"embeddable":true,"href":"https:\/\/ecoshop.ee\/fi\/wp-json\/wp\/v2\/media\/105479"}],"wp:attachment":[{"href":"https:\/\/ecoshop.ee\/fi\/wp-json\/wp\/v2\/media?parent=105478"}],"wp:term":[{"taxonomy":"product_brand","embeddable":true,"href":"https:\/\/ecoshop.ee\/fi\/wp-json\/wp\/v2\/product_brand?post=105478"},{"taxonomy":"product_cat","embeddable":true,"href":"https:\/\/ecoshop.ee\/fi\/wp-json\/wp\/v2\/product_cat?post=105478"},{"taxonomy":"product_tag","embeddable":true,"href":"https:\/\/ecoshop.ee\/fi\/wp-json\/wp\/v2\/product_tag?post=105478"}],"curies":[{"name":"wp","href":"https:\/\/api.w.org\/{rel}","templated":true}]}}