{"id":105481,"date":"2025-04-12T14:17:02","date_gmt":"2025-04-12T12:17:02","guid":{"rendered":"https:\/\/ecoshop.ee\/?post_type=product&#038;p=105481"},"modified":"2025-04-12T14:17:03","modified_gmt":"2025-04-12T12:17:03","slug":"sitruunaruoho-eteerinen-oljy-10-ml","status":"publish","type":"product","link":"https:\/\/ecoshop.ee\/fi\/eeterlikud-olid-ja-aroomiolid\/tsitronella-eeterlik-oli-10ml\/","title":{"rendered":"Sitronellan eteerinen \u00f6ljy \u2013 10 ml"},"content":{"rendered":"<p class=\"\" data-start=\"91\" data-end=\"153\"><em data-start=\"129\" data-end=\"153\">Cymbopogon Winterianus<\/em><\/p>\n<p class=\"\" data-start=\"155\" data-end=\"452\">Sitronellan eteerinen \u00f6ljy saadaan h\u00f6yrytislaamalla <em data-start=\"214\" data-end=\"238\">Cymbopogon winterianus<\/em> T\u00e4m\u00e4 \u00f6ljy tunnetaan maailmanlaajuisesti luonnollisena ja tehokkaana hy\u00f6nteiskarkotteena, jota on k\u00e4ytetty muinaisista ajoista l\u00e4htien. Tuoksu on sitruunaisen raikas ja virkist\u00e4v\u00e4, ja se luo huoneeseen keveyden ja positiivisuuden tunteen.<\/p>\n<p class=\"\" data-start=\"454\" data-end=\"717\">Hyttysten ja hy\u00f6nteisten karkottamisen lis\u00e4ksi sitronella auttaa s\u00e4\u00e4telem\u00e4\u00e4n liiallista hikoilua ja rasvaista ihoa. Aromaterapiassa sit\u00e4 k\u00e4ytet\u00e4\u00e4n p\u00e4\u00e4ns\u00e4ryn, v\u00e4symyksen ja lihasj\u00e4nnityksen lievitt\u00e4miseen. Se sopii my\u00f6s huoneiden tuoksuksi luomaan miellytt\u00e4v\u00e4n, selke\u00e4n ja eloisan tunnelman.<\/p>\n<ul>\n<li data-start=\"719\" data-end=\"885\">100% puhdas eteerinen \u00f6ljy<\/li>\n<li data-start=\"719\" data-end=\"885\">Tehokas luonnollinen hyttys- ja hy\u00f6nteiskarkote<\/li>\n<li data-start=\"719\" data-end=\"885\">Virkist\u00e4v\u00e4 ja virkist\u00e4v\u00e4 sitrushedelmien tuoksu<\/li>\n<li data-start=\"719\" data-end=\"885\">Tukee ihon tasapainoa ja auttaa lievitt\u00e4m\u00e4\u00e4n j\u00e4nnityst\u00e4<\/li>\n<li data-start=\"719\" data-end=\"885\">K\u00e4ytetty kasvinosa: kuivattu ruoho<\/li>\n<li data-start=\"719\" data-end=\"885\">Uuttomenetelm\u00e4: h\u00f6yrytislaus<\/li>\n<li data-start=\"719\" data-end=\"885\">10 ml tummassa lasipullossa<\/li>\n<\/ul>\n<p class=\"\" data-start=\"999\" data-end=\"1168\">\u26a0\ufe0f Vain ulkoiseen k\u00e4ytt\u00f6\u00f6n. Ei saa niell\u00e4. S\u00e4ilytett\u00e4v\u00e4 lasten ja lemmikkien ulottumattomissa. Ei saa k\u00e4ytt\u00e4\u00e4 raskauden aikana tai alle 3-vuotiaille lapsille.<\/p>","protected":false},"excerpt":{"rendered":"<p>Cymbopogon Winterianus Tsitronella eeterlik \u00f5li saadakse aurudestilleerimise teel Cymbopogon winterianus liigi kuivatatud rohust. See \u00f5li on maailmas tuntud kui looduslik ja t\u00f5hus&hellip;<\/p>","protected":false},"featured_media":105482,"comment_status":"open","ping_status":"closed","template":"","meta":{"wprm-recipe-roundup-name":"","wprm-recipe-roundup-description":""},"product_brand":[],"product_cat":[5754],"product_tag":[5756],"class_list":{"0":"post-105481","1":"product","2":"type-product","3":"status-publish","4":"has-post-thumbnail","6":"product_cat-eeterlikud-olid-ja-aroomiolid","7":"product_tag-eeterlik-oli","9":"first","10":"instock","11":"taxable","12":"shipping-taxable","13":"purchasable","14":"product-type-simple"},"supplier_id":105232,"supplier_sku":"","barcode":"5055796528578","atum_controlled":true,"out_stock_date":null,"out_stock_threshold":null,"inheritable":false,"inbound_stock":0,"stock_on_hold":0,"sold_today":0,"sales_last_days":0,"reserved_stock":0,"customer_returns":0,"warehouse_damage":0,"lost_in_post":0,"other_logs":0,"out_stock_days":0,"lost_sales":0,"has_location":false,"update_date":"2026-03-07T01:16:07","atum_locations":[],"atum_stock_status":"instock","restock_status":false,"low_stock_amount":"","sales_update_date":"2026-03-07T01:16:07","calc_backorders":null,"aioseo_notices":[],"_links":{"self":[{"href":"https:\/\/ecoshop.ee\/fi\/wp-json\/wp\/v2\/product\/105481","targetHints":{"allow":["GET"]}}],"collection":[{"href":"https:\/\/ecoshop.ee\/fi\/wp-json\/wp\/v2\/product"}],"about":[{"href":"https:\/\/ecoshop.ee\/fi\/wp-json\/wp\/v2\/types\/product"}],"replies":[{"embeddable":true,"href":"https:\/\/ecoshop.ee\/fi\/wp-json\/wp\/v2\/comments?post=105481"}],"version-history":[{"count":0,"href":"https:\/\/ecoshop.ee\/fi\/wp-json\/wp\/v2\/product\/105481\/revisions"}],"wp:featuredmedia":[{"embeddable":true,"href":"https:\/\/ecoshop.ee\/fi\/wp-json\/wp\/v2\/media\/105482"}],"wp:attachment":[{"href":"https:\/\/ecoshop.ee\/fi\/wp-json\/wp\/v2\/media?parent=105481"}],"wp:term":[{"taxonomy":"product_brand","embeddable":true,"href":"https:\/\/ecoshop.ee\/fi\/wp-json\/wp\/v2\/product_brand?post=105481"},{"taxonomy":"product_cat","embeddable":true,"href":"https:\/\/ecoshop.ee\/fi\/wp-json\/wp\/v2\/product_cat?post=105481"},{"taxonomy":"product_tag","embeddable":true,"href":"https:\/\/ecoshop.ee\/fi\/wp-json\/wp\/v2\/product_tag?post=105481"}],"curies":[{"name":"wp","href":"https:\/\/api.w.org\/{rel}","templated":true}]}}