{"id":105487,"date":"2025-04-12T14:27:26","date_gmt":"2025-04-12T12:27:26","guid":{"rendered":"https:\/\/ecoshop.ee\/?post_type=product&#038;p=105487"},"modified":"2025-12-12T17:43:40","modified_gmt":"2025-12-12T14:43:40","slug":"laimennettu-frankinsensi-eteerinen-oljy-10-ml","status":"publish","type":"product","link":"https:\/\/ecoshop.ee\/fi\/eeterlikud-olid-ja-aroomiolid\/viiruki-eeterlik-oli-lahjendatud-10ml\/","title":{"rendered":"Frankinsensin eteerinen \u00f6ljy (laimennettu) \u2013 10 ml"},"content":{"rendered":"<p class=\"\" data-start=\"114\" data-end=\"185\"><em data-start=\"165\" data-end=\"185\">Boswellia Carterii<\/em><\/p>\n<p class=\"\" data-start=\"187\" data-end=\"503\">Frankinsensin eteerinen \u00f6ljy saadaan h\u00f6yrytislaamalla. <em data-start=\"242\" data-end=\"262\">Boswellia carterii<\/em> puun hartsista. T\u00e4m\u00e4 \u00f6ljy on laimennettu 5%-ryp\u00e4leensiemen\u00f6ljyyn, joten se soveltuu suoraan ulkoiseen k\u00e4ytt\u00f6\u00f6n ilman lis\u00e4laimennusta. Frankinsensia on k\u00e4ytetty vuosituhansien ajan pyh\u00e4n\u00e4 suitsukkeena, ihonhoidossa ja mielenrauhan edist\u00e4miseen.<\/p>\n<p class=\"\" data-start=\"505\" data-end=\"811\">Frankinsensi\u00f6ljy on yksi arvostetuimmista aromaterapiassa rauhoittavien vaikutustensa vuoksi \u2013 se auttaa lievitt\u00e4m\u00e4\u00e4n ahdistusta ja stressi\u00e4, tukee hengitysteit\u00e4 ja rauhoittaa ysk\u00e4\u00e4. Kosmetiikassa sit\u00e4 k\u00e4ytet\u00e4\u00e4n ihon kiinteytt\u00e4miseen, ryppyjen silottamiseen ja raskausarpien ehk\u00e4isyyn. Se sopii hyvin meditaatioon ja henkiseen keskittymiseen.<\/p>\n<ul>\n<li data-start=\"813\" data-end=\"982\">Laimennettu 5%-ryp\u00e4leensiemen\u00f6ljyyn<\/li>\n<li data-start=\"813\" data-end=\"982\">Rauhoittava ja tasapainottava vaikutus<\/li>\n<li data-start=\"813\" data-end=\"982\">Tukee ihon hengityst\u00e4 ja kimmoisuutta<\/li>\n<li data-start=\"813\" data-end=\"982\">Sopii hengelliseen harjoitteluun ja meditatiiviseen rentoutumiseen<\/li>\n<li data-start=\"813\" data-end=\"982\">K\u00e4ytetty kasvinosa: hartsi<\/li>\n<li data-start=\"813\" data-end=\"982\">Uuttomenetelm\u00e4: h\u00f6yrytislaus<\/li>\n<li data-start=\"813\" data-end=\"982\">10 ml tummassa lasipullossa<\/li>\n<\/ul>\n<p class=\"\" data-start=\"1085\" data-end=\"1226\">\u26a0\ufe0f Vain ulkoiseen k\u00e4ytt\u00f6\u00f6n. Ei saa niell\u00e4. Ei saa k\u00e4ytt\u00e4\u00e4 raskauden aikana. S\u00e4ilytett\u00e4v\u00e4 lasten ja lemmikkien ulottumattomissa.<\/p>","protected":false},"excerpt":{"rendered":"<p>Boswellia Carterii Viiruki eeterlik \u00f5li saadakse aurudestilleerimise teel Boswellia carterii puu vaigust. See \u00f5li on lahjendatud 5% viinamarjaseemne\u00f5lis, mist\u00f5ttu sobib see otsekoheseks&hellip;<\/p>","protected":false},"featured_media":105488,"comment_status":"open","ping_status":"closed","template":"","meta":{"wprm-recipe-roundup-name":"","wprm-recipe-roundup-description":""},"product_brand":[],"product_cat":[5754],"product_tag":[5756],"class_list":{"0":"post-105487","1":"product","2":"type-product","3":"status-publish","4":"has-post-thumbnail","6":"product_cat-eeterlikud-olid-ja-aroomiolid","7":"product_tag-eeterlik-oli","9":"first","10":"instock","11":"taxable","12":"shipping-taxable","13":"purchasable","14":"product-type-simple"},"supplier_id":105232,"supplier_sku":"","barcode":"5055796528547","atum_controlled":true,"out_stock_date":null,"out_stock_threshold":null,"inheritable":false,"inbound_stock":0,"stock_on_hold":0,"sold_today":0,"sales_last_days":0,"reserved_stock":0,"customer_returns":0,"warehouse_damage":0,"lost_in_post":0,"other_logs":0,"out_stock_days":0,"lost_sales":0,"has_location":false,"update_date":"2026-03-07T01:16:07","atum_locations":[],"atum_stock_status":"instock","restock_status":false,"low_stock_amount":"","sales_update_date":"2026-03-07T01:16:07","calc_backorders":null,"aioseo_notices":[],"_links":{"self":[{"href":"https:\/\/ecoshop.ee\/fi\/wp-json\/wp\/v2\/product\/105487","targetHints":{"allow":["GET"]}}],"collection":[{"href":"https:\/\/ecoshop.ee\/fi\/wp-json\/wp\/v2\/product"}],"about":[{"href":"https:\/\/ecoshop.ee\/fi\/wp-json\/wp\/v2\/types\/product"}],"replies":[{"embeddable":true,"href":"https:\/\/ecoshop.ee\/fi\/wp-json\/wp\/v2\/comments?post=105487"}],"version-history":[{"count":0,"href":"https:\/\/ecoshop.ee\/fi\/wp-json\/wp\/v2\/product\/105487\/revisions"}],"wp:featuredmedia":[{"embeddable":true,"href":"https:\/\/ecoshop.ee\/fi\/wp-json\/wp\/v2\/media\/105488"}],"wp:attachment":[{"href":"https:\/\/ecoshop.ee\/fi\/wp-json\/wp\/v2\/media?parent=105487"}],"wp:term":[{"taxonomy":"product_brand","embeddable":true,"href":"https:\/\/ecoshop.ee\/fi\/wp-json\/wp\/v2\/product_brand?post=105487"},{"taxonomy":"product_cat","embeddable":true,"href":"https:\/\/ecoshop.ee\/fi\/wp-json\/wp\/v2\/product_cat?post=105487"},{"taxonomy":"product_tag","embeddable":true,"href":"https:\/\/ecoshop.ee\/fi\/wp-json\/wp\/v2\/product_tag?post=105487"}],"curies":[{"name":"wp","href":"https:\/\/api.w.org\/{rel}","templated":true}]}}