{"id":105490,"date":"2025-04-12T14:33:56","date_gmt":"2025-04-12T12:33:56","guid":{"rendered":"https:\/\/ecoshop.ee\/?post_type=product&#038;p=105490"},"modified":"2025-04-12T14:33:57","modified_gmt":"2025-04-12T12:33:57","slug":"fenkolin-eteerinen-oljy-10-ml","status":"publish","type":"product","link":"https:\/\/ecoshop.ee\/fi\/eeterlikud-olid-ja-aroomiolid\/fenkoli-eeterlik-oli-10ml\/","title":{"rendered":"Fenkolin eteerinen \u00f6ljy \u2013 10 ml"},"content":{"rendered":"<p class=\"\" data-start=\"84\" data-end=\"138\"><em data-start=\"118\" data-end=\"138\">Foeniculum Vulgare<\/em><\/p>\n<p class=\"\" data-start=\"140\" data-end=\"434\">Fenkolin eteerinen \u00f6ljy saadaan murskatusta fenkolista h\u00f6yrytislaamalla <em data-start=\"206\" data-end=\"226\">Foeniculum vulgare<\/em> siemenist\u00e4. Se on makea fenkoli, joka tunnetaan my\u00f6s nimell\u00e4 roomalainen fenkoli. T\u00e4m\u00e4n \u00f6ljyn tuoksu on l\u00e4mmin, yrttinen ja hieman mausteinen, ja sit\u00e4 k\u00e4ytet\u00e4\u00e4n aromaterapiassa itseluottamuksen ja sis\u00e4isen voiman tukemiseen.<\/p>\n<p class=\"\" data-start=\"436\" data-end=\"752\">Fenkoli\u00f6ljy\u00e4 arvostetaan sen ruoansulatukselle hy\u00f6dyllisten ominaisuuksien vuoksi \u2013 se auttaa lievitt\u00e4m\u00e4\u00e4n turvotusta, pahoinvointia, ummetusta ja ruoansulatush\u00e4iri\u00f6it\u00e4. Sen uskotaan my\u00f6s edist\u00e4v\u00e4n kyll\u00e4isyyden tunnetta ja siten auttavan painonpudotuksessa. Ihonhoidossa sit\u00e4 k\u00e4ytet\u00e4\u00e4n tasapainottamaan rasvaista ihoa ja kiinteytt\u00e4m\u00e4\u00e4n sit\u00e4.<\/p>\n<ul>\n<li data-start=\"754\" data-end=\"923\">100% puhdas eteerinen \u00f6ljy<\/li>\n<li data-start=\"754\" data-end=\"923\">Tukee ruoansulatusta ja auttaa lievitt\u00e4m\u00e4\u00e4n turvotusta<\/li>\n<li data-start=\"754\" data-end=\"923\">Ravitsee ihoa ja v\u00e4hent\u00e4\u00e4 ylim\u00e4\u00e4r\u00e4ist\u00e4 talinerityst\u00e4<\/li>\n<li data-start=\"754\" data-end=\"923\">Edist\u00e4\u00e4 sis\u00e4ist\u00e4 tasapainoa ja keskittymiskyky\u00e4<\/li>\n<li data-start=\"754\" data-end=\"923\">K\u00e4ytetty kasvinosa: Murskatut siemenet<\/li>\n<li data-start=\"754\" data-end=\"923\">Uuttomenetelm\u00e4: h\u00f6yrytislaus<\/li>\n<li data-start=\"754\" data-end=\"923\">10 ml tummassa lasipullossa<\/li>\n<\/ul>\n<p class=\"\" data-start=\"1040\" data-end=\"1241\">\u26a0\ufe0f Vain ulkoiseen k\u00e4ytt\u00f6\u00f6n. Ei saa niell\u00e4. Ei saa k\u00e4ytt\u00e4\u00e4 raskauden, imetyksen tai epilepsiaa sairastavien henkil\u00f6iden kohdalla. Ei saa k\u00e4ytt\u00e4\u00e4, jos heill\u00e4 on rintasy\u00f6p\u00e4. S\u00e4ilytett\u00e4v\u00e4 lasten ja lemmikkien ulottumattomissa.<\/p>","protected":false},"excerpt":{"rendered":"<p>Foeniculum Vulgare Fenkoli eeterlik \u00f5li saadakse aurudestilleerimise teel purustatud Foeniculum vulgare seemnetest. Tegu on magusa fenkoliga, mida tuntakse ka kui Rooma fenkolit.&hellip;<\/p>","protected":false},"featured_media":105491,"comment_status":"open","ping_status":"closed","template":"","meta":{"wprm-recipe-roundup-name":"","wprm-recipe-roundup-description":""},"product_brand":[],"product_cat":[5754],"product_tag":[5756],"class_list":{"0":"post-105490","1":"product","2":"type-product","3":"status-publish","4":"has-post-thumbnail","6":"product_cat-eeterlikud-olid-ja-aroomiolid","7":"product_tag-eeterlik-oli","9":"first","10":"instock","11":"taxable","12":"shipping-taxable","13":"purchasable","14":"product-type-simple"},"supplier_id":105232,"supplier_sku":"","barcode":"5055796528530","atum_controlled":true,"out_stock_date":null,"out_stock_threshold":null,"inheritable":false,"inbound_stock":0,"stock_on_hold":0,"sold_today":0,"sales_last_days":0,"reserved_stock":0,"customer_returns":0,"warehouse_damage":0,"lost_in_post":0,"other_logs":0,"out_stock_days":0,"lost_sales":0,"has_location":false,"update_date":"2026-03-07T01:16:07","atum_locations":[],"atum_stock_status":"instock","restock_status":false,"low_stock_amount":"","sales_update_date":"2026-03-07T01:16:07","calc_backorders":null,"aioseo_notices":[],"_links":{"self":[{"href":"https:\/\/ecoshop.ee\/fi\/wp-json\/wp\/v2\/product\/105490","targetHints":{"allow":["GET"]}}],"collection":[{"href":"https:\/\/ecoshop.ee\/fi\/wp-json\/wp\/v2\/product"}],"about":[{"href":"https:\/\/ecoshop.ee\/fi\/wp-json\/wp\/v2\/types\/product"}],"replies":[{"embeddable":true,"href":"https:\/\/ecoshop.ee\/fi\/wp-json\/wp\/v2\/comments?post=105490"}],"version-history":[{"count":0,"href":"https:\/\/ecoshop.ee\/fi\/wp-json\/wp\/v2\/product\/105490\/revisions"}],"wp:featuredmedia":[{"embeddable":true,"href":"https:\/\/ecoshop.ee\/fi\/wp-json\/wp\/v2\/media\/105491"}],"wp:attachment":[{"href":"https:\/\/ecoshop.ee\/fi\/wp-json\/wp\/v2\/media?parent=105490"}],"wp:term":[{"taxonomy":"product_brand","embeddable":true,"href":"https:\/\/ecoshop.ee\/fi\/wp-json\/wp\/v2\/product_brand?post=105490"},{"taxonomy":"product_cat","embeddable":true,"href":"https:\/\/ecoshop.ee\/fi\/wp-json\/wp\/v2\/product_cat?post=105490"},{"taxonomy":"product_tag","embeddable":true,"href":"https:\/\/ecoshop.ee\/fi\/wp-json\/wp\/v2\/product_tag?post=105490"}],"curies":[{"name":"wp","href":"https:\/\/api.w.org\/{rel}","templated":true}]}}