{"id":105494,"date":"2025-04-12T14:39:58","date_gmt":"2025-04-12T12:39:58","guid":{"rendered":"https:\/\/ecoshop.ee\/?post_type=product&#038;p=105494"},"modified":"2025-04-12T14:39:59","modified_gmt":"2025-04-12T12:39:59","slug":"mustapippurin-eteerinen-oljy-10-ml","status":"publish","type":"product","link":"https:\/\/ecoshop.ee\/fi\/eeterlikud-olid-ja-aroomiolid\/musta-pipra-eeterlik-oli-10ml\/","title":{"rendered":"Mustapippurin eteerinen \u00f6ljy \u2013 10 ml"},"content":{"rendered":"<p class=\"\" data-start=\"86\" data-end=\"138\"><em data-start=\"124\" data-end=\"138\">Piper Nigrum<\/em><\/p>\n<p class=\"\" data-start=\"140\" data-end=\"492\">Mustapippurin eteerinen \u00f6ljy on intialaista alkuper\u00e4\u00e4 oleva h\u00f6yrytislauksella saatu \u00f6ljy. <em data-start=\"214\" data-end=\"228\">Mustapippuri<\/em> kasvin pippureista. T\u00e4m\u00e4 l\u00e4mmin, mausteinen ja virkist\u00e4v\u00e4 \u00f6ljy sis\u00e4lt\u00e4\u00e4 luonnollisia antioksidantteja (monoterpeenej\u00e4 ja seskviterpeenej\u00e4), jotka tukevat immuunij\u00e4rjestelm\u00e4\u00e4 ja yleist\u00e4 hyvinvointia. Hierontasekoituksissa se luo miellytt\u00e4v\u00e4n l\u00e4mmitt\u00e4v\u00e4n tunteen ja auttaa rentouttamaan lihasj\u00e4nnityksi\u00e4.<\/p>\n<p class=\"\" data-start=\"494\" data-end=\"663\">Mustapippuri\u00f6ljy\u00e4 k\u00e4ytet\u00e4\u00e4n aromaterapiassa sen rauhoittavien vaikutusten vuoksi \u2013 se auttaa v\u00e4hent\u00e4m\u00e4\u00e4n ahdistusta, tasapainottamaan tunteita sek\u00e4 tukemaan keskittymist\u00e4 ja henkist\u00e4 voimaa.<\/p>\n<ul>\n<li data-start=\"665\" data-end=\"810\">100% puhdas eteerinen \u00f6ljy<\/li>\n<li data-start=\"665\" data-end=\"810\">L\u00e4mmitt\u00e4v\u00e4 ja rentouttava lihashieronta<\/li>\n<li data-start=\"665\" data-end=\"810\">Tukee immuunij\u00e4rjestelm\u00e4\u00e4 ja yleist\u00e4 hyvinvointia<\/li>\n<li data-start=\"665\" data-end=\"810\">Rauhoittaa j\u00e4nnittynytt\u00e4 mielt\u00e4 ja tunteita<\/li>\n<li data-start=\"665\" data-end=\"810\">K\u00e4ytetty kasvinosa: pippurit<\/li>\n<li data-start=\"665\" data-end=\"810\">Uuttomenetelm\u00e4: h\u00f6yrytislaus<\/li>\n<li data-start=\"665\" data-end=\"810\">10 ml tummassa lasipullossa<\/li>\n<\/ul>\n<p class=\"\" data-start=\"919\" data-end=\"1074\">\u26a0\ufe0f Vain ulkoiseen k\u00e4ytt\u00f6\u00f6n. Ei saa niell\u00e4. S\u00e4ilytett\u00e4v\u00e4 lasten ja lemmikkien ulottumattomissa. Ei saa k\u00e4ytt\u00e4\u00e4 raskauden tai imetyksen aikana.<\/p>","protected":false},"excerpt":{"rendered":"<p>Piper Nigrum Musta pipra eeterlik \u00f5li saadakse aurudestilleerimise teel India p\u00e4ritolu Piper nigrum taime piprateradest. See soe, v\u00fcrtsikas ja ergutav \u00f5li sisaldab&hellip;<\/p>","protected":false},"featured_media":105495,"comment_status":"open","ping_status":"closed","template":"","meta":{"wprm-recipe-roundup-name":"","wprm-recipe-roundup-description":""},"product_brand":[],"product_cat":[5754],"product_tag":[5756],"class_list":{"0":"post-105494","1":"product","2":"type-product","3":"status-publish","4":"has-post-thumbnail","6":"product_cat-eeterlikud-olid-ja-aroomiolid","7":"product_tag-eeterlik-oli","9":"first","10":"instock","11":"sale","12":"taxable","13":"shipping-taxable","14":"purchasable","15":"product-type-simple"},"supplier_id":105232,"supplier_sku":"","barcode":"5055796528523","atum_controlled":true,"out_stock_date":null,"out_stock_threshold":null,"inheritable":false,"inbound_stock":0,"stock_on_hold":0,"sold_today":0,"sales_last_days":0,"reserved_stock":0,"customer_returns":0,"warehouse_damage":0,"lost_in_post":0,"other_logs":0,"out_stock_days":0,"lost_sales":0,"has_location":false,"update_date":"2026-03-07T01:16:07","atum_locations":[],"atum_stock_status":"instock","restock_status":false,"low_stock_amount":"","sales_update_date":"2026-03-07T01:16:07","calc_backorders":null,"aioseo_notices":[],"_links":{"self":[{"href":"https:\/\/ecoshop.ee\/fi\/wp-json\/wp\/v2\/product\/105494","targetHints":{"allow":["GET"]}}],"collection":[{"href":"https:\/\/ecoshop.ee\/fi\/wp-json\/wp\/v2\/product"}],"about":[{"href":"https:\/\/ecoshop.ee\/fi\/wp-json\/wp\/v2\/types\/product"}],"replies":[{"embeddable":true,"href":"https:\/\/ecoshop.ee\/fi\/wp-json\/wp\/v2\/comments?post=105494"}],"version-history":[{"count":0,"href":"https:\/\/ecoshop.ee\/fi\/wp-json\/wp\/v2\/product\/105494\/revisions"}],"wp:featuredmedia":[{"embeddable":true,"href":"https:\/\/ecoshop.ee\/fi\/wp-json\/wp\/v2\/media\/105495"}],"wp:attachment":[{"href":"https:\/\/ecoshop.ee\/fi\/wp-json\/wp\/v2\/media?parent=105494"}],"wp:term":[{"taxonomy":"product_brand","embeddable":true,"href":"https:\/\/ecoshop.ee\/fi\/wp-json\/wp\/v2\/product_brand?post=105494"},{"taxonomy":"product_cat","embeddable":true,"href":"https:\/\/ecoshop.ee\/fi\/wp-json\/wp\/v2\/product_cat?post=105494"},{"taxonomy":"product_tag","embeddable":true,"href":"https:\/\/ecoshop.ee\/fi\/wp-json\/wp\/v2\/product_tag?post=105494"}],"curies":[{"name":"wp","href":"https:\/\/api.w.org\/{rel}","templated":true}]}}