{"id":105497,"date":"2025-04-12T14:45:44","date_gmt":"2025-04-12T12:45:44","guid":{"rendered":"https:\/\/ecoshop.ee\/?post_type=product&#038;p=105497"},"modified":"2025-04-12T14:45:45","modified_gmt":"2025-04-12T12:45:45","slug":"bergamotin-eteerinen-oljy-10-ml","status":"publish","type":"product","link":"https:\/\/ecoshop.ee\/fi\/eeterlikud-olid-ja-aroomiolid\/bergamoti-eeterlik-oli-10ml\/","title":{"rendered":"Bergamotin eteerinen \u00f6ljy \u2013 10 ml"},"content":{"rendered":"<p class=\"\" data-start=\"90\" data-end=\"149\"><em data-start=\"132\" data-end=\"149\">Sitrus-bergamia<\/em><\/p>\n<p class=\"\" data-start=\"151\" data-end=\"493\">Bergamotin eteerinen \u00f6ljy saadaan kylm\u00e4puristamalla. <em data-start=\"203\" data-end=\"220\">Sitrus-bergamia<\/em> hedelm\u00e4n kuoresta. FCF-versio (furokumariiniton) on erityisesti k\u00e4sitelty ihon valoherkkyyden riskin v\u00e4hent\u00e4miseksi. Bergamotin raikas ja hieman makea sitrushedelmien tuoksu auttaa luomaan iloisen ja rentouttavan tunnelman, ja se on yksi aromaterapian rakastetuimmista \u00f6ljyist\u00e4.<\/p>\n<p class=\"\" data-start=\"495\" data-end=\"755\">Bergamotti\u00f6ljy tukee hermostoa ja tasapainottaa tunteita \u2013 se sopii k\u00e4ytett\u00e4v\u00e4ksi stressin, masennuksen, ahdistuksen, alhaisen itsetunnon ja j\u00e4nnittyneisyyden yhteydess\u00e4. Ihonhoidossa sit\u00e4 k\u00e4ytet\u00e4\u00e4n aknen, psoriaasin, ekseeman ja huuliherpeksen tukevaan hoitoon.<\/p>\n<ul>\n<li data-start=\"757\" data-end=\"921\">100% puhdas eteerinen \u00f6ljy<\/li>\n<li data-start=\"757\" data-end=\"921\">Kohottaa mielialaa ja rauhoittaa hermostoa<\/li>\n<li data-start=\"757\" data-end=\"921\">Tukee ihoa ja auttaa lievitt\u00e4m\u00e4\u00e4n tulehdusta<\/li>\n<li data-start=\"757\" data-end=\"921\">Sopii aromaterapiaan, kylpyveteen ja hierontaan<\/li>\n<li data-start=\"757\" data-end=\"921\">K\u00e4ytetty kasvinosa: hedelm\u00e4nkuori<\/li>\n<li data-start=\"757\" data-end=\"921\">Uuttomenetelm\u00e4: kylm\u00e4puristus<\/li>\n<li data-start=\"757\" data-end=\"921\">10 ml tummassa lasipullossa<\/li>\n<\/ul>\n<p class=\"\" data-start=\"1027\" data-end=\"1229\">\u26a0\ufe0f Vain ulkoiseen k\u00e4ytt\u00f6\u00f6n. Ei saa niell\u00e4. V\u00e4lt\u00e4 auringonvaloa iholle levitt\u00e4misen j\u00e4lkeen. Ei saa k\u00e4ytt\u00e4\u00e4 raskauden tai imetyksen aikana. S\u00e4ilyt\u00e4 lasten ja lemmikkien ulottumattomissa.<\/p>","protected":false},"excerpt":{"rendered":"<p>Citrus Bergamia Bergamoti eeterlik \u00f5li saadakse k\u00fclmpressimise teel Citrus bergamia puuvilja koorest. FCF (furokumariinivaba) versioon on spetsiaalselt t\u00f6\u00f6deldud, et v\u00e4hendada valgustundlikkuse riski&hellip;<\/p>","protected":false},"featured_media":105498,"comment_status":"open","ping_status":"closed","template":"","meta":{"wprm-recipe-roundup-name":"","wprm-recipe-roundup-description":""},"product_brand":[],"product_cat":[5754],"product_tag":[5756],"class_list":{"0":"post-105497","1":"product","2":"type-product","3":"status-publish","4":"has-post-thumbnail","6":"product_cat-eeterlikud-olid-ja-aroomiolid","7":"product_tag-eeterlik-oli","9":"first","10":"instock","11":"taxable","12":"shipping-taxable","13":"purchasable","14":"product-type-simple"},"supplier_id":105232,"supplier_sku":"","barcode":"5055796528516","atum_controlled":true,"out_stock_date":null,"out_stock_threshold":null,"inheritable":false,"inbound_stock":0,"stock_on_hold":0,"sold_today":0,"sales_last_days":0,"reserved_stock":0,"customer_returns":0,"warehouse_damage":0,"lost_in_post":0,"other_logs":0,"out_stock_days":0,"lost_sales":0,"has_location":false,"update_date":"2026-03-07T01:16:07","atum_locations":[],"atum_stock_status":"instock","restock_status":false,"low_stock_amount":"","sales_update_date":"2026-03-07T01:16:07","calc_backorders":null,"aioseo_notices":[],"_links":{"self":[{"href":"https:\/\/ecoshop.ee\/fi\/wp-json\/wp\/v2\/product\/105497","targetHints":{"allow":["GET"]}}],"collection":[{"href":"https:\/\/ecoshop.ee\/fi\/wp-json\/wp\/v2\/product"}],"about":[{"href":"https:\/\/ecoshop.ee\/fi\/wp-json\/wp\/v2\/types\/product"}],"replies":[{"embeddable":true,"href":"https:\/\/ecoshop.ee\/fi\/wp-json\/wp\/v2\/comments?post=105497"}],"version-history":[{"count":0,"href":"https:\/\/ecoshop.ee\/fi\/wp-json\/wp\/v2\/product\/105497\/revisions"}],"wp:featuredmedia":[{"embeddable":true,"href":"https:\/\/ecoshop.ee\/fi\/wp-json\/wp\/v2\/media\/105498"}],"wp:attachment":[{"href":"https:\/\/ecoshop.ee\/fi\/wp-json\/wp\/v2\/media?parent=105497"}],"wp:term":[{"taxonomy":"product_brand","embeddable":true,"href":"https:\/\/ecoshop.ee\/fi\/wp-json\/wp\/v2\/product_brand?post=105497"},{"taxonomy":"product_cat","embeddable":true,"href":"https:\/\/ecoshop.ee\/fi\/wp-json\/wp\/v2\/product_cat?post=105497"},{"taxonomy":"product_tag","embeddable":true,"href":"https:\/\/ecoshop.ee\/fi\/wp-json\/wp\/v2\/product_tag?post=105497"}],"curies":[{"name":"wp","href":"https:\/\/api.w.org\/{rel}","templated":true}]}}