{"id":105500,"date":"2025-04-12T14:49:18","date_gmt":"2025-04-12T12:49:18","guid":{"rendered":"https:\/\/ecoshop.ee\/?post_type=product&#038;p=105500"},"modified":"2025-04-12T14:49:19","modified_gmt":"2025-04-12T12:49:19","slug":"sitruunan-eteerinen-oljy-10-ml","status":"publish","type":"product","link":"https:\/\/ecoshop.ee\/fi\/eeterlikud-olid-ja-aroomiolid\/sidruni-eeterlik-oli-10ml\/","title":{"rendered":"Sitruunan eteerinen \u00f6ljy \u2013 10 ml"},"content":{"rendered":"<p class=\"\" data-start=\"82\" data-end=\"130\"><em data-start=\"116\" data-end=\"130\">Sitrushedelm\u00e4<\/em><\/p>\n<p class=\"\" data-start=\"132\" data-end=\"438\">Sitruunan eteerinen \u00f6ljy on kylm\u00e4puristettu tuoreista sitruunankuorista. Sen ter\u00e4v\u00e4, raikas sitrushedelmien tuoksu on pirist\u00e4v\u00e4, lis\u00e4\u00e4 keskittymiskyky\u00e4 ja auttaa lievitt\u00e4m\u00e4\u00e4n v\u00e4symyst\u00e4 ja stressi\u00e4. Sitruuna\u00f6ljy on yksi suosituimmista \u00f6ljyist\u00e4 aromaterapiassa \u2013 sopii k\u00e4ytett\u00e4v\u00e4ksi sek\u00e4 kotona ett\u00e4 toimistossa.<\/p>\n<p class=\"\" data-start=\"440\" data-end=\"664\">Sitruuna\u00f6ljy tukee immuunij\u00e4rjestelm\u00e4\u00e4 ja puhdistaa kehoa. Sit\u00e4 k\u00e4ytet\u00e4\u00e4n ruoansulatusongelmien, lihasj\u00e4nnityksen ja vilustumisoireiden lievitt\u00e4miseen. Ihonhoidossa sitruuna\u00f6ljy auttaa v\u00e4hent\u00e4m\u00e4\u00e4n aknea, tulehdusta ja liiallista talinerityst\u00e4.<\/p>\n<ul>\n<li data-start=\"666\" data-end=\"822\">100% puhdas eteerinen \u00f6ljy<\/li>\n<li data-start=\"666\" data-end=\"822\">Stimuloi aisteja ja parantaa keskittymiskyky\u00e4<\/li>\n<li data-start=\"666\" data-end=\"822\">Tukee vastustuskyky\u00e4 ja auttaa kehoa puhdistumaan<\/li>\n<li data-start=\"666\" data-end=\"822\">Virkist\u00e4\u00e4 ihoa ja lievitt\u00e4\u00e4 iho\u00e4rsytyst\u00e4<\/li>\n<li data-start=\"666\" data-end=\"822\">K\u00e4ytetty kasvinosa: hedelm\u00e4nkuori<\/li>\n<li data-start=\"666\" data-end=\"822\">Uuttomenetelm\u00e4: kylm\u00e4puristus<\/li>\n<li data-start=\"666\" data-end=\"822\">10 ml tummassa lasipullossa<\/li>\n<\/ul>\n<p class=\"\" data-start=\"928\" data-end=\"1130\">\u26a0\ufe0f Vain ulkoiseen k\u00e4ytt\u00f6\u00f6n. Ei saa niell\u00e4. V\u00e4lt\u00e4 auringonvaloa iholle levitt\u00e4misen j\u00e4lkeen. Ei saa k\u00e4ytt\u00e4\u00e4 raskauden tai imetyksen aikana. S\u00e4ilyt\u00e4 lasten ja lemmikkien ulottumattomissa.<\/p>","protected":false},"excerpt":{"rendered":"<p>Citrus Limon Sidruni eeterlik \u00f5li saadakse k\u00fclmpressimise teel v\u00e4rsketest sidrunikoortest. Selle teravalt v\u00e4rske tsitrusel\u00f5hn m\u00f5jub vaimu ergutavalt, suurendab keskendumisv\u00f5imet ning aitab hajutada&hellip;<\/p>","protected":false},"featured_media":105501,"comment_status":"open","ping_status":"closed","template":"","meta":{"wprm-recipe-roundup-name":"","wprm-recipe-roundup-description":""},"product_brand":[],"product_cat":[5754],"product_tag":[5756],"class_list":{"0":"post-105500","1":"product","2":"type-product","3":"status-publish","4":"has-post-thumbnail","6":"product_cat-eeterlikud-olid-ja-aroomiolid","7":"product_tag-eeterlik-oli","9":"first","10":"instock","11":"taxable","12":"shipping-taxable","13":"purchasable","14":"product-type-simple"},"supplier_id":105232,"supplier_sku":"","barcode":"5055796528493","atum_controlled":true,"out_stock_date":null,"out_stock_threshold":null,"inheritable":false,"inbound_stock":0,"stock_on_hold":0,"sold_today":0,"sales_last_days":0,"reserved_stock":0,"customer_returns":0,"warehouse_damage":0,"lost_in_post":0,"other_logs":0,"out_stock_days":0,"lost_sales":0,"has_location":false,"update_date":"2026-03-07T01:16:14","atum_locations":[],"atum_stock_status":"instock","restock_status":false,"low_stock_amount":"","sales_update_date":"2026-03-07T01:16:14","calc_backorders":null,"aioseo_notices":[],"_links":{"self":[{"href":"https:\/\/ecoshop.ee\/fi\/wp-json\/wp\/v2\/product\/105500","targetHints":{"allow":["GET"]}}],"collection":[{"href":"https:\/\/ecoshop.ee\/fi\/wp-json\/wp\/v2\/product"}],"about":[{"href":"https:\/\/ecoshop.ee\/fi\/wp-json\/wp\/v2\/types\/product"}],"replies":[{"embeddable":true,"href":"https:\/\/ecoshop.ee\/fi\/wp-json\/wp\/v2\/comments?post=105500"}],"version-history":[{"count":0,"href":"https:\/\/ecoshop.ee\/fi\/wp-json\/wp\/v2\/product\/105500\/revisions"}],"wp:featuredmedia":[{"embeddable":true,"href":"https:\/\/ecoshop.ee\/fi\/wp-json\/wp\/v2\/media\/105501"}],"wp:attachment":[{"href":"https:\/\/ecoshop.ee\/fi\/wp-json\/wp\/v2\/media?parent=105500"}],"wp:term":[{"taxonomy":"product_brand","embeddable":true,"href":"https:\/\/ecoshop.ee\/fi\/wp-json\/wp\/v2\/product_brand?post=105500"},{"taxonomy":"product_cat","embeddable":true,"href":"https:\/\/ecoshop.ee\/fi\/wp-json\/wp\/v2\/product_cat?post=105500"},{"taxonomy":"product_tag","embeddable":true,"href":"https:\/\/ecoshop.ee\/fi\/wp-json\/wp\/v2\/product_tag?post=105500"}],"curies":[{"name":"wp","href":"https:\/\/api.w.org\/{rel}","templated":true}]}}