{"id":105503,"date":"2025-04-12T14:54:22","date_gmt":"2025-04-12T12:54:22","guid":{"rendered":"https:\/\/ecoshop.ee\/?post_type=product&#038;p=105503"},"modified":"2025-04-12T14:54:23","modified_gmt":"2025-04-12T12:54:23","slug":"santelipuun-eteerinen-oljy-10-ml","status":"publish","type":"product","link":"https:\/\/ecoshop.ee\/fi\/eeterlikud-olid-ja-aroomiolid\/sandlipuu-eeterlik-oli-10ml\/","title":{"rendered":"Santelipuun eteerinen \u00f6ljy \u2013 10 ml"},"content":{"rendered":"<p class=\"\" data-start=\"109\" data-end=\"187\"><em data-start=\"167\" data-end=\"187\">Amyris Balsamifera<\/em><\/p>\n<p class=\"\" data-start=\"189\" data-end=\"534\">Santelipuun eteerinen \u00f6ljy, joka tunnetaan my\u00f6s L\u00e4nsi-Intian santelipuu\u00f6ljyn\u00e4, saadaan <em data-start=\"260\" data-end=\"280\">Amyris balsamifera<\/em> Puun puu ja oksat h\u00f6yrytislataan. Sen l\u00e4mmin, maanl\u00e4heinen, hieman santelipuuta muistuttava tuoksu on rauhoittava ja rentouttava. Korkean \u00f6ljypitoisuutensa vuoksi t\u00e4t\u00e4 puuta kutsutaan my\u00f6s &quot;kynttil\u00e4puuksi&quot;, koska se palaa itsest\u00e4\u00e4n kuin kynttil\u00e4.<\/p>\n<p class=\"\" data-start=\"536\" data-end=\"822\">Amyris\u00f6ljy\u00e4 k\u00e4ytet\u00e4\u00e4n stressin, ahdistuksen ja unettomuuden lievitt\u00e4miseen. Aromaterapiassa se auttaa rentoutumaan, edist\u00e4\u00e4 unta ja sopii meditaatioon. Se tukee my\u00f6s hengitysteit\u00e4 ja sopii lihasj\u00e4nnityksen ja tulehduksen lievitt\u00e4miseen. Ihonhoidossa se tunnetaan pehment\u00e4v\u00e4n\u00e4 ja rauhoittavana aineena.<\/p>\n<ul>\n<li data-start=\"824\" data-end=\"996\">100% puhdas eteerinen \u00f6ljy<\/li>\n<li data-start=\"824\" data-end=\"996\">Rauhoittaa hermostoa ja edist\u00e4\u00e4 rentoutumista<\/li>\n<li data-start=\"824\" data-end=\"996\">Edist\u00e4\u00e4 unta ja sopii meditatiiviseen k\u00e4ytt\u00f6\u00f6n<\/li>\n<li data-start=\"824\" data-end=\"996\">Tukee hengitysteit\u00e4 ja lievitt\u00e4\u00e4 lihasj\u00e4nnityst\u00e4<\/li>\n<li data-start=\"824\" data-end=\"996\">K\u00e4ytetty kasvinosa: puu ja oksat<\/li>\n<li data-start=\"824\" data-end=\"996\">Uuttomenetelm\u00e4: h\u00f6yrytislaus<\/li>\n<li data-start=\"824\" data-end=\"996\">10 ml tummassa lasipullossa<\/li>\n<\/ul>\n<p class=\"\" data-start=\"1108\" data-end=\"1263\">\u26a0\ufe0f Vain ulkoiseen k\u00e4ytt\u00f6\u00f6n. Ei saa niell\u00e4. S\u00e4ilytett\u00e4v\u00e4 lasten ja lemmikkien ulottumattomissa. Ei saa k\u00e4ytt\u00e4\u00e4 raskauden tai imetyksen aikana.<\/p>","protected":false},"excerpt":{"rendered":"<p>Amyris Balsamifera Sandlipuu eeterlik \u00f5li, tuntud ka kui L\u00e4\u00e4ne-India sandlipuu\u00f5li, saadakse Amyris balsamifera puu puidust ja okstest aurudestilleerimise teel. Selle soe, maal\u00e4hedane&hellip;<\/p>","protected":false},"featured_media":105505,"comment_status":"open","ping_status":"closed","template":"","meta":{"wprm-recipe-roundup-name":"","wprm-recipe-roundup-description":""},"product_brand":[],"product_cat":[5754],"product_tag":[5756],"class_list":{"0":"post-105503","1":"product","2":"type-product","3":"status-publish","4":"has-post-thumbnail","6":"product_cat-eeterlikud-olid-ja-aroomiolid","7":"product_tag-eeterlik-oli","9":"first","10":"instock","11":"taxable","12":"shipping-taxable","13":"purchasable","14":"product-type-simple"},"supplier_id":105232,"supplier_sku":"","barcode":"5055796528462","atum_controlled":true,"out_stock_date":null,"out_stock_threshold":null,"inheritable":false,"inbound_stock":0,"stock_on_hold":0,"sold_today":0,"sales_last_days":0,"reserved_stock":0,"customer_returns":0,"warehouse_damage":0,"lost_in_post":0,"other_logs":0,"out_stock_days":0,"lost_sales":0,"has_location":false,"update_date":"2026-03-07T01:16:14","atum_locations":[],"atum_stock_status":"instock","restock_status":false,"low_stock_amount":"","sales_update_date":"2026-03-07T01:16:14","calc_backorders":null,"aioseo_notices":[],"_links":{"self":[{"href":"https:\/\/ecoshop.ee\/fi\/wp-json\/wp\/v2\/product\/105503","targetHints":{"allow":["GET"]}}],"collection":[{"href":"https:\/\/ecoshop.ee\/fi\/wp-json\/wp\/v2\/product"}],"about":[{"href":"https:\/\/ecoshop.ee\/fi\/wp-json\/wp\/v2\/types\/product"}],"replies":[{"embeddable":true,"href":"https:\/\/ecoshop.ee\/fi\/wp-json\/wp\/v2\/comments?post=105503"}],"version-history":[{"count":0,"href":"https:\/\/ecoshop.ee\/fi\/wp-json\/wp\/v2\/product\/105503\/revisions"}],"wp:featuredmedia":[{"embeddable":true,"href":"https:\/\/ecoshop.ee\/fi\/wp-json\/wp\/v2\/media\/105505"}],"wp:attachment":[{"href":"https:\/\/ecoshop.ee\/fi\/wp-json\/wp\/v2\/media?parent=105503"}],"wp:term":[{"taxonomy":"product_brand","embeddable":true,"href":"https:\/\/ecoshop.ee\/fi\/wp-json\/wp\/v2\/product_brand?post=105503"},{"taxonomy":"product_cat","embeddable":true,"href":"https:\/\/ecoshop.ee\/fi\/wp-json\/wp\/v2\/product_cat?post=105503"},{"taxonomy":"product_tag","embeddable":true,"href":"https:\/\/ecoshop.ee\/fi\/wp-json\/wp\/v2\/product_tag?post=105503"}],"curies":[{"name":"wp","href":"https:\/\/api.w.org\/{rel}","templated":true}]}}