{"id":105506,"date":"2025-04-12T14:59:11","date_gmt":"2025-04-12T12:59:11","guid":{"rendered":"https:\/\/ecoshop.ee\/?post_type=product&#038;p=105506"},"modified":"2025-04-12T14:59:12","modified_gmt":"2025-04-12T12:59:12","slug":"ylang-ylangin-eteerinen-oljy-10-ml","status":"publish","type":"product","link":"https:\/\/ecoshop.ee\/fi\/eeterlikud-olid-ja-aroomiolid\/ylang-ylang-eeterlik-oli-10ml\/","title":{"rendered":"Ylang-ylangin eteerinen \u00f6ljy \u2013 10 ml"},"content":{"rendered":"<p class=\"\" data-start=\"88\" data-end=\"143\"><em data-start=\"126\" data-end=\"143\">Cananga Odorata<\/em><\/p>\n<p class=\"\" data-start=\"145\" data-end=\"452\">Ylang-ylangin eteerinen \u00f6ljy saadaan h\u00f6yrytislauksella <em data-start=\"204\" data-end=\"221\">Cananga odorata<\/em> Kaakkois-Aasiasta kotoisin oleva puu, jolla on kauniisti tuoksuvat keltaiset kukat. Sen makea ja eksoottinen tuoksu tunnetaan rentouttavista vaikutuksistaan, ja sit\u00e4 arvostetaan aromaterapiassa sek\u00e4 hajuvesi- ja kosmetiikkateollisuudessa.<\/p>\n<p class=\"\" data-start=\"454\" data-end=\"834\">Aromaterapiassa ylang ylangia k\u00e4ytet\u00e4\u00e4n stressin, ahdistuksen, shokin ja masennuksen lievitt\u00e4miseen. \u00d6ljy auttaa rauhoittamaan aisteja ja edist\u00e4m\u00e4\u00e4n hyvinvointia, alentamaan verenpainetta sek\u00e4 tasapainottamaan kehoa ja mielt\u00e4. Ihonhoidossa sit\u00e4 k\u00e4ytet\u00e4\u00e4n tasapainottamaan p\u00e4\u00e4nahan talirauhasten erityst\u00e4 ja kiinteytt\u00e4m\u00e4\u00e4n hiuksia. Liiallinen k\u00e4ytt\u00f6 voi johtaa liian voimakkaaseen tuoksuun, joten k\u00e4yt\u00e4 kohtuudella.<\/p>\n<ul>\n<li data-start=\"836\" data-end=\"995\">100% puhdas eteerinen \u00f6ljy<\/li>\n<li data-start=\"836\" data-end=\"995\">Rauhoittaa hermostoa ja edist\u00e4\u00e4 rentoutumista<\/li>\n<li data-start=\"836\" data-end=\"995\">Sopii stressin, j\u00e4nnityksen ja ahdistuksen lievitt\u00e4miseen<\/li>\n<li data-start=\"836\" data-end=\"995\">Tukee hiusten ja p\u00e4\u00e4nahan tasapainoa<\/li>\n<li data-start=\"836\" data-end=\"995\">K\u00e4ytetty kasvinosa: kukat<\/li>\n<li data-start=\"836\" data-end=\"995\">Uuttomenetelm\u00e4: h\u00f6yrytislaus<\/li>\n<li data-start=\"836\" data-end=\"995\">10 ml tummassa lasipullossa<\/li>\n<\/ul>\n<p class=\"\" data-start=\"1098\" data-end=\"1312\">\u26a0\ufe0f Vain ulkoiseen k\u00e4ytt\u00f6\u00f6n. Ei saa niell\u00e4. Liiallinen k\u00e4ytt\u00f6 voi aiheuttaa p\u00e4\u00e4ns\u00e4rky\u00e4 tai pahoinvointia. S\u00e4ilyt\u00e4 lasten ja lemmikkien ulottumattomissa. Ei saa k\u00e4ytt\u00e4\u00e4 raskauden tai imetyksen aikana.<\/p>","protected":false},"excerpt":{"rendered":"<p>Cananga Odorata Ylang Ylang eeterlik \u00f5li saadakse aurudestilleerimise teel Cananga odorata puu kaunilt l\u00f5hnavatest kollastest \u00f5itest, mis p\u00e4rinevad Kagu-Aasia piirkonnast. Selle magus&hellip;<\/p>","protected":false},"featured_media":105507,"comment_status":"open","ping_status":"closed","template":"","meta":{"wprm-recipe-roundup-name":"","wprm-recipe-roundup-description":""},"product_brand":[],"product_cat":[5754],"product_tag":[5756],"class_list":{"0":"post-105506","1":"product","2":"type-product","3":"status-publish","4":"has-post-thumbnail","6":"product_cat-eeterlikud-olid-ja-aroomiolid","7":"product_tag-eeterlik-oli","9":"first","10":"instock","11":"taxable","12":"shipping-taxable","13":"purchasable","14":"product-type-simple"},"supplier_id":105232,"supplier_sku":"","barcode":"5055796528431","atum_controlled":true,"out_stock_date":null,"out_stock_threshold":null,"inheritable":false,"inbound_stock":0,"stock_on_hold":0,"sold_today":0,"sales_last_days":0,"reserved_stock":0,"customer_returns":0,"warehouse_damage":0,"lost_in_post":0,"other_logs":0,"out_stock_days":0,"lost_sales":0,"has_location":false,"update_date":"2026-03-07T01:16:14","atum_locations":[],"atum_stock_status":"instock","restock_status":false,"low_stock_amount":"","sales_update_date":"2026-03-07T01:16:14","calc_backorders":null,"aioseo_notices":[],"_links":{"self":[{"href":"https:\/\/ecoshop.ee\/fi\/wp-json\/wp\/v2\/product\/105506","targetHints":{"allow":["GET"]}}],"collection":[{"href":"https:\/\/ecoshop.ee\/fi\/wp-json\/wp\/v2\/product"}],"about":[{"href":"https:\/\/ecoshop.ee\/fi\/wp-json\/wp\/v2\/types\/product"}],"replies":[{"embeddable":true,"href":"https:\/\/ecoshop.ee\/fi\/wp-json\/wp\/v2\/comments?post=105506"}],"version-history":[{"count":0,"href":"https:\/\/ecoshop.ee\/fi\/wp-json\/wp\/v2\/product\/105506\/revisions"}],"wp:featuredmedia":[{"embeddable":true,"href":"https:\/\/ecoshop.ee\/fi\/wp-json\/wp\/v2\/media\/105507"}],"wp:attachment":[{"href":"https:\/\/ecoshop.ee\/fi\/wp-json\/wp\/v2\/media?parent=105506"}],"wp:term":[{"taxonomy":"product_brand","embeddable":true,"href":"https:\/\/ecoshop.ee\/fi\/wp-json\/wp\/v2\/product_brand?post=105506"},{"taxonomy":"product_cat","embeddable":true,"href":"https:\/\/ecoshop.ee\/fi\/wp-json\/wp\/v2\/product_cat?post=105506"},{"taxonomy":"product_tag","embeddable":true,"href":"https:\/\/ecoshop.ee\/fi\/wp-json\/wp\/v2\/product_tag?post=105506"}],"curies":[{"name":"wp","href":"https:\/\/api.w.org\/{rel}","templated":true}]}}