{"id":105509,"date":"2025-04-12T15:04:13","date_gmt":"2025-04-12T13:04:13","guid":{"rendered":"https:\/\/ecoshop.ee\/?post_type=product&#038;p=105509"},"modified":"2025-04-12T15:04:14","modified_gmt":"2025-04-12T13:04:14","slug":"rosmariinin-eteerinen-oljy-10-ml","status":"publish","type":"product","link":"https:\/\/ecoshop.ee\/fi\/eeterlikud-olid-ja-aroomiolid\/rosmariini-eeterlik-oli-10ml\/","title":{"rendered":"Rosmariinin eteerinen \u00f6ljy \u2013 10 ml"},"content":{"rendered":"<p class=\"\" data-start=\"87\" data-end=\"148\"><em data-start=\"124\" data-end=\"148\">Rosmarinus Officinalis<\/em><\/p>\n<p class=\"\" data-start=\"150\" data-end=\"501\">Rosmariinin eteerinen \u00f6ljy saadaan h\u00f6yrytislaamalla. <em data-start=\"208\" data-end=\"232\">Rosmariini officinalis<\/em> kasvin kukkivista latvoista. Sit\u00e4 pidet\u00e4\u00e4n laadukkaampana kuin perinteisesti lehdist\u00e4 ja varsista tislattua \u00f6ljy\u00e4. Rosmariinin raikas, puinen ja yrttinen tuoksu stimuloi aisteja, parantaa keskittymiskyky\u00e4 ja on erinomainen v\u00e4symykseen ja henkiseen uupumukseen.<\/p>\n<p class=\"\" data-start=\"503\" data-end=\"788\">Rosmariini\u00f6ljy\u00e4 k\u00e4ytet\u00e4\u00e4n haavojen, palovammojen, vilustumisen, ruoansulatush\u00e4iri\u00f6iden, nivelkipujen ja lihasj\u00e4nnityksen lievitt\u00e4miseen. Hierontasekoituksissa se edist\u00e4\u00e4 verenkiertoa ja tukee lihasten rentoutumista. Hiustenhoidossa sit\u00e4 k\u00e4ytet\u00e4\u00e4n stimuloimaan verenkiertoa p\u00e4\u00e4nahassa ja stimuloimaan hiusten kasvua.<\/p>\n<ul>\n<li data-start=\"790\" data-end=\"943\">100% puhdas eteerinen \u00f6ljy<\/li>\n<li data-start=\"790\" data-end=\"943\">Stimuloi aisteja ja parantaa keskittymiskyky\u00e4<\/li>\n<li data-start=\"790\" data-end=\"943\">Tukee verenkiertoa ja ruoansulatusj\u00e4rjestelm\u00e4\u00e4<\/li>\n<li data-start=\"790\" data-end=\"943\">Edist\u00e4\u00e4 hiusten kasvua ja p\u00e4\u00e4nahan terveytt\u00e4<\/li>\n<li data-start=\"790\" data-end=\"943\">K\u00e4ytetty kasvinosa: kukkivat latvat<\/li>\n<li data-start=\"790\" data-end=\"943\">Uuttomenetelm\u00e4: h\u00f6yrytislaus<\/li>\n<li data-start=\"790\" data-end=\"943\">10 ml tummassa lasipullossa<\/li>\n<\/ul>\n<p class=\"\" data-start=\"1059\" data-end=\"1232\">\u26a0\ufe0f Vain ulkoiseen k\u00e4ytt\u00f6\u00f6n. Ei saa niell\u00e4. Ei saa k\u00e4ytt\u00e4\u00e4, jos on raskaana, korkea verenpaine tai epilepsia. S\u00e4ilyt\u00e4 lasten ja lemmikkien ulottumattomissa.<\/p>","protected":false},"excerpt":{"rendered":"<p>Rosmarinus Officinalis Rosmariini eeterlik \u00f5li saadakse aurudestilleerimise teel Rosmarinus officinalis taime \u00f5itsevatest ladvikutest. Seda peetakse kvaliteetsemaks kui tavap\u00e4raselt lehtedest ja vartest destilleeritud&hellip;<\/p>","protected":false},"featured_media":105510,"comment_status":"open","ping_status":"closed","template":"","meta":{"wprm-recipe-roundup-name":"","wprm-recipe-roundup-description":""},"product_brand":[],"product_cat":[5754],"product_tag":[5756],"class_list":{"0":"post-105509","1":"product","2":"type-product","3":"status-publish","4":"has-post-thumbnail","6":"product_cat-eeterlikud-olid-ja-aroomiolid","7":"product_tag-eeterlik-oli","9":"first","10":"instock","11":"taxable","12":"shipping-taxable","13":"purchasable","14":"product-type-simple"},"supplier_id":105232,"supplier_sku":"","barcode":"5055796528424","atum_controlled":true,"out_stock_date":null,"out_stock_threshold":null,"inheritable":false,"inbound_stock":0,"stock_on_hold":0,"sold_today":0,"sales_last_days":0,"reserved_stock":0,"customer_returns":0,"warehouse_damage":0,"lost_in_post":0,"other_logs":0,"out_stock_days":0,"lost_sales":0,"has_location":false,"update_date":"2026-03-07T01:16:14","atum_locations":[],"atum_stock_status":"instock","restock_status":false,"low_stock_amount":"","sales_update_date":"2026-03-07T01:16:14","calc_backorders":null,"aioseo_notices":[],"_links":{"self":[{"href":"https:\/\/ecoshop.ee\/fi\/wp-json\/wp\/v2\/product\/105509","targetHints":{"allow":["GET"]}}],"collection":[{"href":"https:\/\/ecoshop.ee\/fi\/wp-json\/wp\/v2\/product"}],"about":[{"href":"https:\/\/ecoshop.ee\/fi\/wp-json\/wp\/v2\/types\/product"}],"replies":[{"embeddable":true,"href":"https:\/\/ecoshop.ee\/fi\/wp-json\/wp\/v2\/comments?post=105509"}],"version-history":[{"count":0,"href":"https:\/\/ecoshop.ee\/fi\/wp-json\/wp\/v2\/product\/105509\/revisions"}],"wp:featuredmedia":[{"embeddable":true,"href":"https:\/\/ecoshop.ee\/fi\/wp-json\/wp\/v2\/media\/105510"}],"wp:attachment":[{"href":"https:\/\/ecoshop.ee\/fi\/wp-json\/wp\/v2\/media?parent=105509"}],"wp:term":[{"taxonomy":"product_brand","embeddable":true,"href":"https:\/\/ecoshop.ee\/fi\/wp-json\/wp\/v2\/product_brand?post=105509"},{"taxonomy":"product_cat","embeddable":true,"href":"https:\/\/ecoshop.ee\/fi\/wp-json\/wp\/v2\/product_cat?post=105509"},{"taxonomy":"product_tag","embeddable":true,"href":"https:\/\/ecoshop.ee\/fi\/wp-json\/wp\/v2\/product_tag?post=105509"}],"curies":[{"name":"wp","href":"https:\/\/api.w.org\/{rel}","templated":true}]}}