{"id":105512,"date":"2025-04-12T15:07:11","date_gmt":"2025-04-12T13:07:11","guid":{"rendered":"https:\/\/ecoshop.ee\/?post_type=product&#038;p=105512"},"modified":"2025-12-08T11:16:49","modified_gmt":"2025-12-08T08:16:49","slug":"piparmintun-eteerinen-oljy-10-ml","status":"publish","type":"product","link":"https:\/\/ecoshop.ee\/fi\/eeterlikud-olid-ja-aroomiolid\/piparmundi-eeterlik-oli-10ml\/","title":{"rendered":"Piparmintun eteerinen \u00f6ljy \u2013 10 ml"},"content":{"rendered":"<p class=\"\" data-start=\"87\" data-end=\"141\"><em data-start=\"124\" data-end=\"141\">Mentha Piperita<\/em><\/p>\n<p class=\"\" data-start=\"143\" data-end=\"447\">Piparmintun eteerist\u00e4 \u00f6ljy\u00e4 saadaan <em data-start=\"176\" data-end=\"193\">Piparminttu<\/em> Se uutetaan kukkivasta yrtist\u00e4 h\u00f6yrytislaamalla. Sen raikas, viilent\u00e4v\u00e4 ja mentoloitu tuoksu stimuloi aisteja, lievitt\u00e4\u00e4 v\u00e4symyst\u00e4 ja auttaa keskittym\u00e4\u00e4n. Aromaterapiassa sit\u00e4 k\u00e4ytet\u00e4\u00e4n henkisen v\u00e4symyksen, p\u00e4\u00e4ns\u00e4ryn, pahoinvoinnin ja hengityselinsairauksien lievitt\u00e4miseen.<\/p>\n<p class=\"\" data-start=\"449\" data-end=\"716\">Piparminttu\u00f6ljy on loistava ihonhoitoon \u2013 se auttaa viilent\u00e4m\u00e4\u00e4n auringonpolttamaa, v\u00e4hent\u00e4m\u00e4\u00e4n kutinaa ja tulehdusta. Sit\u00e4 k\u00e4ytet\u00e4\u00e4n my\u00f6s suuvesiss\u00e4 pahanhajuisen hengityksen ja ienongelmien lievitt\u00e4miseen. \u00d6ljypolttimessa k\u00e4ytettyn\u00e4 se auttaa karkottamaan hyttysi\u00e4 ja muita hy\u00f6nteisi\u00e4.<\/p>\n<ul>\n<li data-start=\"718\" data-end=\"891\">100% puhdas eteerinen \u00f6ljy<\/li>\n<li data-start=\"718\" data-end=\"891\">Virkist\u00e4\u00e4 ja virkist\u00e4\u00e4 aisteja, lievitt\u00e4\u00e4 pahoinvointia<\/li>\n<li data-start=\"718\" data-end=\"891\">Tukee hengityst\u00e4 ja lievitt\u00e4\u00e4 henkist\u00e4 v\u00e4symyst\u00e4<\/li>\n<li data-start=\"718\" data-end=\"891\">Viilent\u00e4v\u00e4 vaikutus iholle ja luonnollinen hy\u00f6nteiskarkote<\/li>\n<li data-start=\"718\" data-end=\"891\">K\u00e4ytetty kasvinosa: kukkiva yrtti<\/li>\n<li data-start=\"718\" data-end=\"891\">Uuttomenetelm\u00e4: h\u00f6yrytislaus<\/li>\n<li data-start=\"718\" data-end=\"891\">10 ml tummassa lasipullossa<\/li>\n<\/ul>\n<p class=\"\" data-start=\"1000\" data-end=\"1155\">\u26a0\ufe0f Vain ulkoiseen k\u00e4ytt\u00f6\u00f6n. Ei saa niell\u00e4. S\u00e4ilytett\u00e4v\u00e4 lasten ja lemmikkien ulottumattomissa. Ei saa k\u00e4ytt\u00e4\u00e4 raskauden tai imetyksen aikana.<\/p>","protected":false},"excerpt":{"rendered":"<p>Mentha Piperita Piparm\u00fcndi eeterlik \u00f5li saadakse Mentha piperita \u00f5itsevast \u00fcrdist aurudestilleerimise teel. Selle v\u00e4rske, jahutav ja mentooline aroom ergutab meeli, leevendab v\u00e4simust&hellip;<\/p>","protected":false},"featured_media":105513,"comment_status":"open","ping_status":"closed","template":"","meta":{"wprm-recipe-roundup-name":"","wprm-recipe-roundup-description":""},"product_brand":[],"product_cat":[5754],"product_tag":[5756],"class_list":{"0":"post-105512","1":"product","2":"type-product","3":"status-publish","4":"has-post-thumbnail","6":"product_cat-eeterlikud-olid-ja-aroomiolid","7":"product_tag-eeterlik-oli","9":"first","10":"instock","11":"taxable","12":"shipping-taxable","13":"purchasable","14":"product-type-simple"},"supplier_id":105232,"supplier_sku":"","barcode":"5055796528417","atum_controlled":true,"out_stock_date":null,"out_stock_threshold":null,"inheritable":false,"inbound_stock":0,"stock_on_hold":0,"sold_today":0,"sales_last_days":0,"reserved_stock":0,"customer_returns":0,"warehouse_damage":0,"lost_in_post":0,"other_logs":0,"out_stock_days":0,"lost_sales":0,"has_location":false,"update_date":"2026-03-07T01:16:14","atum_locations":[],"atum_stock_status":"instock","restock_status":false,"low_stock_amount":"","sales_update_date":"2026-03-07T01:16:14","calc_backorders":null,"aioseo_notices":[],"_links":{"self":[{"href":"https:\/\/ecoshop.ee\/fi\/wp-json\/wp\/v2\/product\/105512","targetHints":{"allow":["GET"]}}],"collection":[{"href":"https:\/\/ecoshop.ee\/fi\/wp-json\/wp\/v2\/product"}],"about":[{"href":"https:\/\/ecoshop.ee\/fi\/wp-json\/wp\/v2\/types\/product"}],"replies":[{"embeddable":true,"href":"https:\/\/ecoshop.ee\/fi\/wp-json\/wp\/v2\/comments?post=105512"}],"version-history":[{"count":0,"href":"https:\/\/ecoshop.ee\/fi\/wp-json\/wp\/v2\/product\/105512\/revisions"}],"wp:featuredmedia":[{"embeddable":true,"href":"https:\/\/ecoshop.ee\/fi\/wp-json\/wp\/v2\/media\/105513"}],"wp:attachment":[{"href":"https:\/\/ecoshop.ee\/fi\/wp-json\/wp\/v2\/media?parent=105512"}],"wp:term":[{"taxonomy":"product_brand","embeddable":true,"href":"https:\/\/ecoshop.ee\/fi\/wp-json\/wp\/v2\/product_brand?post=105512"},{"taxonomy":"product_cat","embeddable":true,"href":"https:\/\/ecoshop.ee\/fi\/wp-json\/wp\/v2\/product_cat?post=105512"},{"taxonomy":"product_tag","embeddable":true,"href":"https:\/\/ecoshop.ee\/fi\/wp-json\/wp\/v2\/product_tag?post=105512"}],"curies":[{"name":"wp","href":"https:\/\/api.w.org\/{rel}","templated":true}]}}