{"id":105515,"date":"2025-04-12T15:11:13","date_gmt":"2025-04-12T13:11:13","guid":{"rendered":"https:\/\/ecoshop.ee\/?post_type=product&#038;p=105515"},"modified":"2025-04-12T15:11:15","modified_gmt":"2025-04-12T13:11:15","slug":"eukalyptuksen-eteerinen-oljy-10-ml","status":"publish","type":"product","link":"https:\/\/ecoshop.ee\/fi\/eeterlikud-olid-ja-aroomiolid\/eukalupti-eeterlik-oli-10ml\/","title":{"rendered":"Eukalyptuksen eteerinen \u00f6ljy \u2013 10 ml"},"content":{"rendered":"<p class=\"\" data-start=\"84\" data-end=\"141\"><em data-start=\"120\" data-end=\"141\">Eukalyptus globulus<\/em><\/p>\n<p class=\"\" data-start=\"143\" data-end=\"446\">Eukalyptuksen eteerist\u00e4 \u00f6ljy\u00e4 saadaan <em data-start=\"175\" data-end=\"196\">Eukalyptus globulus<\/em> Puun lehdist\u00e4 ja oksista h\u00f6yrytislattu \u00f6ljy. T\u00e4m\u00e4 raikas ja pist\u00e4v\u00e4 aromaattinen \u00f6ljy on arvostettu antibakteeristen, puhdistavien ja kipua lievitt\u00e4vien ominaisuuksiensa ansiosta, mink\u00e4 ansiosta se sopii t\u00e4ydellisesti vilustumisen ja hengitystiesairauksien lievitykseen.<\/p>\n<p class=\"\" data-start=\"448\" data-end=\"735\">Eukalyptus\u00f6ljy\u00e4 k\u00e4ytet\u00e4\u00e4n aromaterapiassa lis\u00e4\u00e4m\u00e4\u00e4n elinvoimaa ja keskittymiskyky\u00e4. Se auttaa my\u00f6s lievitt\u00e4m\u00e4\u00e4n lihas- ja nivelkipuja, palovammoja, haavoja ja hy\u00f6nteisten puremia. Muutaman tipan lis\u00e4\u00e4minen kylpyveteen tai diffuusoriin luo virkist\u00e4v\u00e4n ja puhdistavan ymp\u00e4rist\u00f6n \u2013 erityisen sopiva sairausloman ajaksi.<\/p>\n<ul>\n<li data-start=\"737\" data-end=\"903\">100% puhdas eteerinen \u00f6ljy<\/li>\n<li data-start=\"737\" data-end=\"903\">Tukee hengitysteit\u00e4 ja lievitt\u00e4\u00e4 flunssan oireita<\/li>\n<li data-start=\"737\" data-end=\"903\">Luonnollinen antibakteerinen ja puhdistava vaikutus<\/li>\n<li data-start=\"737\" data-end=\"903\">Lievitt\u00e4\u00e4 lihasj\u00e4nnityst\u00e4 ja hy\u00f6nteisten puremien aiheuttamaa stressi\u00e4<\/li>\n<li data-start=\"737\" data-end=\"903\">K\u00e4ytetty kasvinosa: lehdet ja oksat<\/li>\n<li data-start=\"737\" data-end=\"903\">Uuttomenetelm\u00e4: h\u00f6yrytislaus<\/li>\n<li data-start=\"737\" data-end=\"903\">10 ml tummassa lasipullossa<\/li>\n<\/ul>\n<p class=\"\" data-start=\"1016\" data-end=\"1185\">\u26a0\ufe0f Vain ulkoiseen k\u00e4ytt\u00f6\u00f6n. Ei saa niell\u00e4. Ei saa k\u00e4ytt\u00e4\u00e4 raskauden aikana tai alle 6-vuotiaille lapsille. S\u00e4ilytett\u00e4v\u00e4 lasten ja lemmikkien ulottumattomissa.<\/p>","protected":false},"excerpt":{"rendered":"<p>Eucalyptus Globulus Eukal\u00fcpti eeterlik \u00f5li saadakse Eucalyptus globulus puu lehtedest ja okstest aurudestilleerimise teel. See v\u00e4rske ja teravalt aromaatne \u00f5li on hinnatud&hellip;<\/p>","protected":false},"featured_media":105516,"comment_status":"open","ping_status":"closed","template":"","meta":{"wprm-recipe-roundup-name":"","wprm-recipe-roundup-description":""},"product_brand":[],"product_cat":[5754],"product_tag":[5756],"class_list":{"0":"post-105515","1":"product","2":"type-product","3":"status-publish","4":"has-post-thumbnail","6":"product_cat-eeterlikud-olid-ja-aroomiolid","7":"product_tag-eeterlik-oli","9":"first","10":"instock","11":"taxable","12":"shipping-taxable","13":"purchasable","14":"product-type-simple"},"supplier_id":105232,"supplier_sku":"","barcode":"5055796528400","atum_controlled":true,"out_stock_date":null,"out_stock_threshold":null,"inheritable":false,"inbound_stock":0,"stock_on_hold":0,"sold_today":0,"sales_last_days":0,"reserved_stock":0,"customer_returns":0,"warehouse_damage":0,"lost_in_post":0,"other_logs":0,"out_stock_days":0,"lost_sales":0,"has_location":false,"update_date":"2026-03-07T01:16:14","atum_locations":[],"atum_stock_status":"instock","restock_status":false,"low_stock_amount":"","sales_update_date":"2026-03-07T01:16:14","calc_backorders":null,"aioseo_notices":[],"_links":{"self":[{"href":"https:\/\/ecoshop.ee\/fi\/wp-json\/wp\/v2\/product\/105515","targetHints":{"allow":["GET"]}}],"collection":[{"href":"https:\/\/ecoshop.ee\/fi\/wp-json\/wp\/v2\/product"}],"about":[{"href":"https:\/\/ecoshop.ee\/fi\/wp-json\/wp\/v2\/types\/product"}],"replies":[{"embeddable":true,"href":"https:\/\/ecoshop.ee\/fi\/wp-json\/wp\/v2\/comments?post=105515"}],"version-history":[{"count":0,"href":"https:\/\/ecoshop.ee\/fi\/wp-json\/wp\/v2\/product\/105515\/revisions"}],"wp:featuredmedia":[{"embeddable":true,"href":"https:\/\/ecoshop.ee\/fi\/wp-json\/wp\/v2\/media\/105516"}],"wp:attachment":[{"href":"https:\/\/ecoshop.ee\/fi\/wp-json\/wp\/v2\/media?parent=105515"}],"wp:term":[{"taxonomy":"product_brand","embeddable":true,"href":"https:\/\/ecoshop.ee\/fi\/wp-json\/wp\/v2\/product_brand?post=105515"},{"taxonomy":"product_cat","embeddable":true,"href":"https:\/\/ecoshop.ee\/fi\/wp-json\/wp\/v2\/product_cat?post=105515"},{"taxonomy":"product_tag","embeddable":true,"href":"https:\/\/ecoshop.ee\/fi\/wp-json\/wp\/v2\/product_tag?post=105515"}],"curies":[{"name":"wp","href":"https:\/\/api.w.org\/{rel}","templated":true}]}}