{"id":105524,"date":"2025-04-12T15:41:49","date_gmt":"2025-04-12T13:41:49","guid":{"rendered":"https:\/\/ecoshop.ee\/?post_type=product&#038;p=105524"},"modified":"2026-04-14T22:57:12","modified_gmt":"2026-04-14T19:57:12","slug":"aromatika-suitsukekartio-putoavalla-savullaused-lotus","status":"publish","type":"product","link":"https:\/\/ecoshop.ee\/fi\/viirukid\/aromatika-langeva-suitsuga-viirukikoonused-lootos\/","title":{"rendered":"Aromatika Suitsukekartio putoavalla savullaused \u2013 Lotus"},"content":{"rendered":"<p class=\"\" data-start=\"166\" data-end=\"380\">Lootuksen rauhallinen ja puhdas tuoksu tuo tilaan tasapainoa, hiljaisuutta ja sis\u00e4ist\u00e4 selkeytt\u00e4. Kartioista nouseva savu virtaa alas kuin usva luoden meditatiivisen n\u00e4ytelm\u00e4n ja t\u00e4ytt\u00e4en ymp\u00e4rist\u00f6n herk\u00e4ll\u00e4 tuoksulla, joka viipyy pitk\u00e4\u00e4n.<\/p>\n<p class=\"\" data-start=\"382\" data-end=\"529\">Suitsukekartiot ovat t\u00e4ydellinen valinta hetkiin, kun haluat hidastaa, uppoutua ja hengitt\u00e4\u00e4 syv\u00e4\u00e4n. T\u00e4ydellinen meditaatioon, joogaan tai vain hiljaiseen retriittiin.<\/p>\n<ul>\n<li data-start=\"531\" data-end=\"762\">Hell\u00e4varainen ja tasapainottava lootuksen tuoksu<\/li>\n<li data-start=\"531\" data-end=\"762\">Visuaalisesti rauhoittava savusuihkuefekti<\/li>\n<li data-start=\"531\" data-end=\"762\">Valmistettu luonnonhartseista, yrteist\u00e4 ja \u00f6ljyist\u00e4<\/li>\n<li data-start=\"531\" data-end=\"762\">K\u00e4ytt\u00f6\u00f6n vain suitsukepolttimissa, joista putoaa savua<\/li>\n<li data-start=\"531\" data-end=\"762\">M\u00e4\u00e4r\u00e4 per pakkaus: 10 suitsukekartiota<\/li>\n<\/ul>","protected":false},"excerpt":{"rendered":"<p>Lootose rahulik ja puhas aroom toob ruumi tasakaalu, vaikuse ja sisemise selguse. Koonuste suits voolab alla nagu udujuga, luues meditatiivse vaatem\u00e4ngu ja&hellip;<\/p>","protected":false},"featured_media":105525,"comment_status":"open","ping_status":"closed","template":"","meta":{"wprm-recipe-roundup-name":"","wprm-recipe-roundup-description":""},"product_brand":[12007],"product_cat":[5751],"product_tag":[5753],"class_list":{"0":"post-105524","1":"product","2":"type-product","3":"status-publish","4":"has-post-thumbnail","6":"product_brand-aromatika","7":"product_cat-viirukid","8":"product_tag-viiruk","10":"first","11":"instock","12":"taxable","13":"shipping-taxable","14":"purchasable","15":"product-type-simple"},"supplier_id":105232,"supplier_sku":"","barcode":"8902955121729","atum_controlled":true,"out_stock_date":null,"out_stock_threshold":null,"inheritable":false,"inbound_stock":0,"stock_on_hold":0,"sold_today":0,"sales_last_days":0,"reserved_stock":0,"customer_returns":0,"warehouse_damage":0,"lost_in_post":0,"other_logs":0,"out_stock_days":0,"lost_sales":0,"has_location":false,"update_date":"2026-04-14T19:57:13","atum_locations":[],"atum_stock_status":"instock","restock_status":false,"low_stock_amount":"","sales_update_date":"2026-03-07T01:16:14","calc_backorders":null,"aioseo_notices":[],"_links":{"self":[{"href":"https:\/\/ecoshop.ee\/fi\/wp-json\/wp\/v2\/product\/105524","targetHints":{"allow":["GET"]}}],"collection":[{"href":"https:\/\/ecoshop.ee\/fi\/wp-json\/wp\/v2\/product"}],"about":[{"href":"https:\/\/ecoshop.ee\/fi\/wp-json\/wp\/v2\/types\/product"}],"replies":[{"embeddable":true,"href":"https:\/\/ecoshop.ee\/fi\/wp-json\/wp\/v2\/comments?post=105524"}],"version-history":[{"count":0,"href":"https:\/\/ecoshop.ee\/fi\/wp-json\/wp\/v2\/product\/105524\/revisions"}],"wp:featuredmedia":[{"embeddable":true,"href":"https:\/\/ecoshop.ee\/fi\/wp-json\/wp\/v2\/media\/105525"}],"wp:attachment":[{"href":"https:\/\/ecoshop.ee\/fi\/wp-json\/wp\/v2\/media?parent=105524"}],"wp:term":[{"taxonomy":"product_brand","embeddable":true,"href":"https:\/\/ecoshop.ee\/fi\/wp-json\/wp\/v2\/product_brand?post=105524"},{"taxonomy":"product_cat","embeddable":true,"href":"https:\/\/ecoshop.ee\/fi\/wp-json\/wp\/v2\/product_cat?post=105524"},{"taxonomy":"product_tag","embeddable":true,"href":"https:\/\/ecoshop.ee\/fi\/wp-json\/wp\/v2\/product_tag?post=105524"}],"curies":[{"name":"wp","href":"https:\/\/api.w.org\/{rel}","templated":true}]}}