{"id":105527,"date":"2025-04-12T15:47:14","date_gmt":"2025-04-12T13:47:14","guid":{"rendered":"https:\/\/ecoshop.ee\/?post_type=product&#038;p=105527"},"modified":"2026-04-14T22:56:59","modified_gmt":"2026-04-14T19:56:59","slug":"aromatika-suitsukekartio-putoavalla-savullaused-7-chakraa","status":"publish","type":"product","link":"https:\/\/ecoshop.ee\/fi\/viirukid\/aromatika-langeva-suitsuga-viirukikoonused-7-tsakrat\/","title":{"rendered":"Aromatika Suitsukekartio putoavalla savullaused \u2013 7 chakraa"},"content":{"rendered":"<p class=\"\" data-start=\"175\" data-end=\"419\">Seitsem\u00e4n chakraa \u2013 seitsem\u00e4n energiapistett\u00e4, jotka pit\u00e4v\u00e4t kehomme ja mielemme tasapainossa. N\u00e4m\u00e4 suitsukekartiot yhdist\u00e4v\u00e4t luonnonyrttej\u00e4, hartseja ja \u00f6ljyj\u00e4 luodakseen syv\u00e4n aromaattisen kokemuksen, joka tukee sis\u00e4ist\u00e4 matkaasi ja auttaa avaamaan energian virtauksen.<\/p>\n<p class=\"\" data-start=\"421\" data-end=\"608\">Hitaasti alasp\u00e4in putoava savu luo maagisen virtauskuvion, joka rauhoittaa silmi\u00e4 ja sielua. T\u00e4ydellinen joogaan, meditaatioon ja aromaterapiaan.<\/p>\n<ul>\n<li data-start=\"610\" data-end=\"856\">Tasapainottava sekoitus seitsem\u00e4n chakran tukemiseen<\/li>\n<li data-start=\"610\" data-end=\"856\">Luonnollinen koostumus: yrttej\u00e4, hartseja ja eteerisi\u00e4 \u00f6ljyj\u00e4<\/li>\n<li data-start=\"610\" data-end=\"856\">Visuaalisesti kiehtova savuvirta rentoutumiseen<\/li>\n<li data-start=\"610\" data-end=\"856\">Vain putoavan savun suitsukkeiden polttimille<\/li>\n<li data-start=\"610\" data-end=\"856\">M\u00e4\u00e4r\u00e4 per pakkaus: 10 suitsukekartiota<\/li>\n<\/ul>","protected":false},"excerpt":{"rendered":"<p>Seitse t\u0161akrat \u2013 seitse energiapunkti, mis hoiavad meie keha ja vaimu tasakaalus. Need viirukikoonused \u00fchendavad looduslikud \u00fcrdid, vaigud ja \u00f5lid, et luua&hellip;<\/p>","protected":false},"featured_media":105528,"comment_status":"open","ping_status":"closed","template":"","meta":{"wprm-recipe-roundup-name":"","wprm-recipe-roundup-description":""},"product_brand":[12007],"product_cat":[5751],"product_tag":[5753],"class_list":{"0":"post-105527","1":"product","2":"type-product","3":"status-publish","4":"has-post-thumbnail","6":"product_brand-aromatika","7":"product_cat-viirukid","8":"product_tag-viiruk","10":"first","11":"instock","12":"taxable","13":"shipping-taxable","14":"purchasable","15":"product-type-simple"},"supplier_id":105232,"supplier_sku":"","barcode":"8902955121675","atum_controlled":true,"out_stock_date":null,"out_stock_threshold":null,"inheritable":false,"inbound_stock":0,"stock_on_hold":0,"sold_today":0,"sales_last_days":0,"reserved_stock":0,"customer_returns":0,"warehouse_damage":0,"lost_in_post":0,"other_logs":0,"out_stock_days":0,"lost_sales":0,"has_location":false,"update_date":"2026-04-14T19:57:00","atum_locations":[],"atum_stock_status":"instock","restock_status":false,"low_stock_amount":"","sales_update_date":"2026-03-07T01:16:14","calc_backorders":null,"aioseo_notices":[],"_links":{"self":[{"href":"https:\/\/ecoshop.ee\/fi\/wp-json\/wp\/v2\/product\/105527","targetHints":{"allow":["GET"]}}],"collection":[{"href":"https:\/\/ecoshop.ee\/fi\/wp-json\/wp\/v2\/product"}],"about":[{"href":"https:\/\/ecoshop.ee\/fi\/wp-json\/wp\/v2\/types\/product"}],"replies":[{"embeddable":true,"href":"https:\/\/ecoshop.ee\/fi\/wp-json\/wp\/v2\/comments?post=105527"}],"version-history":[{"count":0,"href":"https:\/\/ecoshop.ee\/fi\/wp-json\/wp\/v2\/product\/105527\/revisions"}],"wp:featuredmedia":[{"embeddable":true,"href":"https:\/\/ecoshop.ee\/fi\/wp-json\/wp\/v2\/media\/105528"}],"wp:attachment":[{"href":"https:\/\/ecoshop.ee\/fi\/wp-json\/wp\/v2\/media?parent=105527"}],"wp:term":[{"taxonomy":"product_brand","embeddable":true,"href":"https:\/\/ecoshop.ee\/fi\/wp-json\/wp\/v2\/product_brand?post=105527"},{"taxonomy":"product_cat","embeddable":true,"href":"https:\/\/ecoshop.ee\/fi\/wp-json\/wp\/v2\/product_cat?post=105527"},{"taxonomy":"product_tag","embeddable":true,"href":"https:\/\/ecoshop.ee\/fi\/wp-json\/wp\/v2\/product_tag?post=105527"}],"curies":[{"name":"wp","href":"https:\/\/api.w.org\/{rel}","templated":true}]}}