{"id":105530,"date":"2025-04-12T17:43:09","date_gmt":"2025-04-12T15:43:09","guid":{"rendered":"https:\/\/ecoshop.ee\/?post_type=product&#038;p=105530"},"modified":"2025-04-12T17:43:11","modified_gmt":"2025-04-12T15:43:11","slug":"himalajan-suola-aromidiffuusori-liekkiefektilla-usb-c","status":"publish","type":"product","link":"https:\/\/ecoshop.ee\/fi\/difuuserid-ja-poletid\/himaalaja-soolaga-aroomi-difuuser-leegiefekt-usb-c\/","title":{"rendered":"Himalajan suola-aromidiffuusori \u2013 liekkiefekti, USB-C"},"content":{"rendered":"<p class=\"\" data-start=\"164\" data-end=\"349\">Aromadiffuusori, joka yhdist\u00e4\u00e4 tulenliekin visuaalisen vaikutelman, rauhoittavan sumun ja luonnollisen Himalajan suolan vaikutukset. Luo miellytt\u00e4v\u00e4 ja tasapainottava tunnelma tilaasi vain muutamalla tipalla eteerist\u00e4 \u00f6ljy\u00e4.<\/p>\n<p class=\"\" data-start=\"351\" data-end=\"588\">Ultra\u00e4\u00e4nitekniikka h\u00f6yryst\u00e4\u00e4 veden ja \u00f6ljyn v\u00e4litt\u00f6m\u00e4sti luoden viile\u00e4n, tuoksuvan sumun. Mukana tulevat suolakuutiot parantavat ilmanlaatua ja lis\u00e4\u00e4v\u00e4t huoneeseen luonnollisen ilmeen. T\u00e4ydellinen lis\u00e4 kotiisi, toimistoosi tai meditaationurkkaukseen.<\/p>\n<ul>\n<li data-start=\"590\" data-end=\"822\">Liekkiefekti ja y\u00f6valo<\/li>\n<li data-start=\"590\" data-end=\"822\">Tilavuus: 220 ml<\/li>\n<li data-start=\"590\" data-end=\"822\">Toimii USB-C:n kautta (johdon pituus 100 cm)<\/li>\n<li data-start=\"590\" data-end=\"822\">Ajastin: 1-3-6 tuntia<\/li>\n<li data-start=\"590\" data-end=\"822\">Mitat: korkeus 12 cm, halkaisija 10 cm<\/li>\n<li data-start=\"590\" data-end=\"822\">Himalajan suolan palat sis\u00e4ltyv\u00e4t hintaan<\/li>\n<\/ul>\n<p class=\"\" data-start=\"824\" data-end=\"875\">\u26a0\ufe0f K\u00e4yt\u00e4 ainoastaan veteen sekoitettuja eteerisi\u00e4 \u00f6ljyj\u00e4!<\/p>","protected":false},"excerpt":{"rendered":"<p>Aroomi difuuser, mis \u00fchendab visuaalse tuleleegi efekti, rahustava udu ja loodusliku Himaalaja soola m\u00f5ju. Loo oma ruumi meeldiv ja tasakaalustav \u00f5hkkond vaid&hellip;<\/p>","protected":false},"featured_media":105533,"comment_status":"open","ping_status":"closed","template":"","meta":{"wprm-recipe-roundup-name":"","wprm-recipe-roundup-description":""},"product_brand":[],"product_cat":[5757],"product_tag":[5758],"class_list":{"0":"post-105530","1":"product","2":"type-product","3":"status-publish","4":"has-post-thumbnail","6":"product_cat-difuuserid-ja-poletid","7":"product_tag-difuuser","9":"first","10":"instock","11":"taxable","12":"shipping-taxable","13":"purchasable","14":"product-type-simple"},"supplier_id":105232,"supplier_sku":"","barcode":"5056368324970","atum_controlled":true,"out_stock_date":null,"out_stock_threshold":null,"inheritable":false,"inbound_stock":0,"stock_on_hold":0,"sold_today":0,"sales_last_days":0,"reserved_stock":0,"customer_returns":0,"warehouse_damage":0,"lost_in_post":0,"other_logs":0,"out_stock_days":0,"lost_sales":0,"has_location":false,"update_date":"2026-03-07T01:16:14","atum_locations":[],"atum_stock_status":"instock","restock_status":false,"low_stock_amount":"","sales_update_date":"2026-03-07T01:16:14","calc_backorders":null,"aioseo_notices":[],"_links":{"self":[{"href":"https:\/\/ecoshop.ee\/fi\/wp-json\/wp\/v2\/product\/105530","targetHints":{"allow":["GET"]}}],"collection":[{"href":"https:\/\/ecoshop.ee\/fi\/wp-json\/wp\/v2\/product"}],"about":[{"href":"https:\/\/ecoshop.ee\/fi\/wp-json\/wp\/v2\/types\/product"}],"replies":[{"embeddable":true,"href":"https:\/\/ecoshop.ee\/fi\/wp-json\/wp\/v2\/comments?post=105530"}],"version-history":[{"count":0,"href":"https:\/\/ecoshop.ee\/fi\/wp-json\/wp\/v2\/product\/105530\/revisions"}],"wp:featuredmedia":[{"embeddable":true,"href":"https:\/\/ecoshop.ee\/fi\/wp-json\/wp\/v2\/media\/105533"}],"wp:attachment":[{"href":"https:\/\/ecoshop.ee\/fi\/wp-json\/wp\/v2\/media?parent=105530"}],"wp:term":[{"taxonomy":"product_brand","embeddable":true,"href":"https:\/\/ecoshop.ee\/fi\/wp-json\/wp\/v2\/product_brand?post=105530"},{"taxonomy":"product_cat","embeddable":true,"href":"https:\/\/ecoshop.ee\/fi\/wp-json\/wp\/v2\/product_cat?post=105530"},{"taxonomy":"product_tag","embeddable":true,"href":"https:\/\/ecoshop.ee\/fi\/wp-json\/wp\/v2\/product_tag?post=105530"}],"curies":[{"name":"wp","href":"https:\/\/api.w.org\/{rel}","templated":true}]}}