{"id":105543,"date":"2025-04-12T18:16:44","date_gmt":"2025-04-12T16:16:44","guid":{"rendered":"https:\/\/ecoshop.ee\/?post_type=product&#038;p=105543"},"modified":"2025-04-12T18:16:45","modified_gmt":"2025-04-12T16:16:45","slug":"helsinki-aromihoyrystin-led-vareilla-usb-ajastin","status":"publish","type":"product","link":"https:\/\/ecoshop.ee\/fi\/difuuserid-ja-poletid\/helsinki-aroomi-atomiseerija-led-varvid-usb-taimeriga\/","title":{"rendered":"Helsinki-aromih\u00f6yrystin \u2013 LED-v\u00e4rit, USB, ajastimella"},"content":{"rendered":"<p class=\"\" data-start=\"158\" data-end=\"393\">Ajaton ja elegantti tapa tuoksuttaa huone ilman liekki\u00e4 tai savua. Helsinki-h\u00f6yrystin k\u00e4ytt\u00e4\u00e4 ultra\u00e4\u00e4nitekniikkaa muuttaakseen eteerisill\u00e4 \u00f6ljyill\u00e4 kyll\u00e4stetyn veden v\u00e4litt\u00f6m\u00e4sti hienoksi, viile\u00e4ksi sumuksi, joka t\u00e4ytt\u00e4\u00e4 huoneen rauhoittavalla aromilla.<\/p>\n<p class=\"\" data-start=\"395\" data-end=\"530\">LED-valaistus vaihtelee seitsem\u00e4n eri s\u00e4vyn v\u00e4lill\u00e4, tuoden tunnelmaa ja pehmeytt\u00e4 huoneeseen. Ihanteellinen kodin, toimiston tai meditaationurkkauksen kohentamiseen.<\/p>\n<ul>\n<li data-start=\"532\" data-end=\"751\">Ultra\u00e4\u00e4nitekniikka \u2013 tuskin havaittava ja tehokas<\/li>\n<li data-start=\"532\" data-end=\"751\">LED-valaistus, jossa on 7 v\u00e4ri\u00e4<\/li>\n<li data-start=\"532\" data-end=\"751\">Tilavuus: 120 ml<\/li>\n<li data-start=\"532\" data-end=\"751\">Toimii USB:n kautta (johdon pituus 100 cm)<\/li>\n<li data-start=\"532\" data-end=\"751\">Ajastin: 1-3-6 tuntia<\/li>\n<li data-start=\"532\" data-end=\"751\">Mitat: korkeus 13 cm, halkaisija 11 cm<\/li>\n<\/ul>\n<p class=\"\" data-start=\"753\" data-end=\"804\">\u26a0\ufe0f K\u00e4yt\u00e4 ainoastaan veteen sekoitettuja eteerisi\u00e4 \u00f6ljyj\u00e4!<\/p>","protected":false},"excerpt":{"rendered":"<p>Ajatu ja elegantne viis ruumi l\u00f5hnastamiseks ilma leegita ja suitsuta. Helsinki atomiseerija kasutab ultraheli tehnoloogiat, et muuta eeterliku \u00f5liga rikastatud vesi koheselt&hellip;<\/p>","protected":false},"featured_media":105544,"comment_status":"open","ping_status":"closed","template":"","meta":{"wprm-recipe-roundup-name":"","wprm-recipe-roundup-description":""},"product_brand":[],"product_cat":[5757],"product_tag":[5758],"class_list":{"0":"post-105543","1":"product","2":"type-product","3":"status-publish","4":"has-post-thumbnail","6":"product_cat-difuuserid-ja-poletid","7":"product_tag-difuuser","9":"first","10":"instock","11":"taxable","12":"shipping-taxable","13":"purchasable","14":"product-type-simple"},"supplier_id":105232,"supplier_sku":"","barcode":"5056368310126","atum_controlled":true,"out_stock_date":null,"out_stock_threshold":null,"inheritable":false,"inbound_stock":0,"stock_on_hold":0,"sold_today":0,"sales_last_days":0,"reserved_stock":0,"customer_returns":0,"warehouse_damage":0,"lost_in_post":0,"other_logs":0,"out_stock_days":0,"lost_sales":0,"has_location":false,"update_date":"2026-03-07T01:16:14","atum_locations":[],"atum_stock_status":"instock","restock_status":false,"low_stock_amount":"","sales_update_date":"2026-03-07T01:16:14","calc_backorders":null,"aioseo_notices":[],"_links":{"self":[{"href":"https:\/\/ecoshop.ee\/fi\/wp-json\/wp\/v2\/product\/105543","targetHints":{"allow":["GET"]}}],"collection":[{"href":"https:\/\/ecoshop.ee\/fi\/wp-json\/wp\/v2\/product"}],"about":[{"href":"https:\/\/ecoshop.ee\/fi\/wp-json\/wp\/v2\/types\/product"}],"replies":[{"embeddable":true,"href":"https:\/\/ecoshop.ee\/fi\/wp-json\/wp\/v2\/comments?post=105543"}],"version-history":[{"count":0,"href":"https:\/\/ecoshop.ee\/fi\/wp-json\/wp\/v2\/product\/105543\/revisions"}],"wp:featuredmedia":[{"embeddable":true,"href":"https:\/\/ecoshop.ee\/fi\/wp-json\/wp\/v2\/media\/105544"}],"wp:attachment":[{"href":"https:\/\/ecoshop.ee\/fi\/wp-json\/wp\/v2\/media?parent=105543"}],"wp:term":[{"taxonomy":"product_brand","embeddable":true,"href":"https:\/\/ecoshop.ee\/fi\/wp-json\/wp\/v2\/product_brand?post=105543"},{"taxonomy":"product_cat","embeddable":true,"href":"https:\/\/ecoshop.ee\/fi\/wp-json\/wp\/v2\/product_cat?post=105543"},{"taxonomy":"product_tag","embeddable":true,"href":"https:\/\/ecoshop.ee\/fi\/wp-json\/wp\/v2\/product_tag?post=105543"}],"curies":[{"name":"wp","href":"https:\/\/api.w.org\/{rel}","templated":true}]}}