{"id":105547,"date":"2025-04-12T18:26:21","date_gmt":"2025-04-12T16:26:21","guid":{"rendered":"https:\/\/ecoshop.ee\/?post_type=product&#038;p=105547"},"modified":"2025-04-12T18:26:22","modified_gmt":"2025-04-12T16:26:22","slug":"palma-aromidiffuusori-led-varit-usb-ajastin","status":"publish","type":"product","link":"https:\/\/ecoshop.ee\/fi\/difuuserid-ja-poletid\/palma-aroomi-difuuser-led-varvid-usb-taimeriga\/","title":{"rendered":"Palma-aromidiffuusori \u2013 LED-v\u00e4rit, USB, ajastimella"},"content":{"rendered":"<p class=\"\" data-start=\"182\" data-end=\"415\">Elegantti ja huomiota her\u00e4tt\u00e4v\u00e4 tuoksudiffuusori, jonka laatikkokuvioinen viimeistely tuo rauhaa, kosteutta ja tunnelmaa tilaasi. Ultra\u00e4\u00e4niteknologia muuttaa veden ja eteerisen \u00f6ljyn v\u00e4litt\u00f6m\u00e4sti tuoksuvaksi sumuksi, joka t\u00e4ytt\u00e4\u00e4 huoneen ilman savua tai liekkej\u00e4.<\/p>\n<p class=\"\" data-start=\"417\" data-end=\"546\">Palma on t\u00e4ydellinen lis\u00e4 kotiisi, toimistoosi tai rentoutumisnurkkaukseen \u2013 visuaalisesti upea ja k\u00e4yt\u00e4nn\u00f6llinen aromaterapiav\u00e4line.<\/p>\n<p class=\"\" data-start=\"548\" data-end=\"773\">Tilavuus: 400 ml<br data-start=\"567\" data-end=\"570\" \/>LED-valo seitsem\u00e4ss\u00e4 eri v\u00e4riss\u00e4<br data-start=\"600\" data-end=\"603\" \/>Ajastin: 1-3-6 tuntia<br data-start=\"624\" data-end=\"627\" \/>Automaattinen virrankatkaisu, kun vesitaso loppuu<br data-start=\"673\" data-end=\"676\" \/>USB-virtal\u00e4hde (johdon pituus 100 cm)<br data-start=\"710\" data-end=\"713\" \/>Mitat: korkeus 21,5 cm, halkaisija 16,5 cm<br data-start=\"755\" data-end=\"758\" data-is-only-node=\"\" \/>Paino: 400 g<\/p>\n<p class=\"\" data-start=\"775\" data-end=\"826\">\u26a0\ufe0f K\u00e4yt\u00e4 ainoastaan veteen sekoitettuja eteerisi\u00e4 \u00f6ljyj\u00e4!<\/p>","protected":false},"excerpt":{"rendered":"<p>Elegantne ja pilkup\u00fc\u00fcdev difuuser karbimustrilise viimistlusega, mis toob sinu ruumi rahu, niiskust ja meeleolu. Ultraheli tehnoloogia muudab vee ja eeterliku \u00f5li hetkega&hellip;<\/p>","protected":false},"featured_media":105548,"comment_status":"open","ping_status":"closed","template":"","meta":{"wprm-recipe-roundup-name":"","wprm-recipe-roundup-description":""},"product_brand":[],"product_cat":[5757],"product_tag":[5758],"class_list":{"0":"post-105547","1":"product","2":"type-product","3":"status-publish","4":"has-post-thumbnail","6":"product_cat-difuuserid-ja-poletid","7":"product_tag-difuuser","9":"first","10":"instock","11":"taxable","12":"shipping-taxable","13":"purchasable","14":"product-type-simple"},"supplier_id":105232,"supplier_sku":"","barcode":"5055796505395","atum_controlled":true,"out_stock_date":null,"out_stock_threshold":null,"inheritable":false,"inbound_stock":0,"stock_on_hold":0,"sold_today":0,"sales_last_days":0,"reserved_stock":0,"customer_returns":0,"warehouse_damage":0,"lost_in_post":0,"other_logs":0,"out_stock_days":0,"lost_sales":0,"has_location":false,"update_date":"2026-03-07T01:16:14","atum_locations":[],"atum_stock_status":"instock","restock_status":false,"low_stock_amount":"","sales_update_date":"2026-03-07T01:16:14","calc_backorders":null,"aioseo_notices":[],"_links":{"self":[{"href":"https:\/\/ecoshop.ee\/fi\/wp-json\/wp\/v2\/product\/105547","targetHints":{"allow":["GET"]}}],"collection":[{"href":"https:\/\/ecoshop.ee\/fi\/wp-json\/wp\/v2\/product"}],"about":[{"href":"https:\/\/ecoshop.ee\/fi\/wp-json\/wp\/v2\/types\/product"}],"replies":[{"embeddable":true,"href":"https:\/\/ecoshop.ee\/fi\/wp-json\/wp\/v2\/comments?post=105547"}],"version-history":[{"count":0,"href":"https:\/\/ecoshop.ee\/fi\/wp-json\/wp\/v2\/product\/105547\/revisions"}],"wp:featuredmedia":[{"embeddable":true,"href":"https:\/\/ecoshop.ee\/fi\/wp-json\/wp\/v2\/media\/105548"}],"wp:attachment":[{"href":"https:\/\/ecoshop.ee\/fi\/wp-json\/wp\/v2\/media?parent=105547"}],"wp:term":[{"taxonomy":"product_brand","embeddable":true,"href":"https:\/\/ecoshop.ee\/fi\/wp-json\/wp\/v2\/product_brand?post=105547"},{"taxonomy":"product_cat","embeddable":true,"href":"https:\/\/ecoshop.ee\/fi\/wp-json\/wp\/v2\/product_cat?post=105547"},{"taxonomy":"product_tag","embeddable":true,"href":"https:\/\/ecoshop.ee\/fi\/wp-json\/wp\/v2\/product_tag?post=105547"}],"curies":[{"name":"wp","href":"https:\/\/api.w.org\/{rel}","templated":true}]}}