{"id":105567,"date":"2025-04-12T19:04:33","date_gmt":"2025-04-12T17:04:33","guid":{"rendered":"https:\/\/ecoshop.ee\/?post_type=product&#038;p=105567"},"modified":"2025-04-12T19:04:34","modified_gmt":"2025-04-12T17:04:34","slug":"elamanpuun-rituaalisuitsukepidike-11x9-cm","status":"publish","type":"product","link":"https:\/\/ecoshop.ee\/fi\/difuuserid-ja-poletid\/rituaalne-viirukihoidja-elupuu-11x9-cm\/","title":{"rendered":"Rituaali suitsukepidike \u2013 El\u00e4m\u00e4npuu (11\u00d79 cm)"},"content":{"rendered":"<p class=\"\" data-start=\"168\" data-end=\"400\">K\u00e4sintehty rituaalisuitsukekulho, jonka keskell\u00e4 on symbolinen El\u00e4m\u00e4npuu - el\u00e4m\u00e4n kiertokulun, kasvun ja yhteyden symboli. Luonnollisesta mangopuusta valmistettu suitsukekulho on kest\u00e4v\u00e4, luonnollinen ja merkityksellinen.<\/p>\n<p class=\"\" data-start=\"402\" data-end=\"555\">Huolellinen muotoilu mahdollistaa sek\u00e4 suitsuketikkujen ett\u00e4 -kartioiden k\u00e4yt\u00f6n, mik\u00e4 tekee siit\u00e4 monipuolisen ja sopivan erilaisiin mieltymyksiin. K\u00e4ytettiinp\u00e4 sit\u00e4 meditaatioon, rituaaleihin tai vain rauhallisen tunnelman luomiseen, t\u00e4m\u00e4 suitsukepidike tuo tasapainoa ja rauhaa tilaan.<\/p>\n<ul>\n<li data-start=\"557\" data-end=\"769\">Valmistettu luonnon mangopuusta<\/li>\n<li data-start=\"557\" data-end=\"769\">Kaiverrettu el\u00e4m\u00e4npuusymboli \u2013 el\u00e4m\u00e4n ja kasvun symboli<\/li>\n<li data-start=\"557\" data-end=\"769\">Tilaa kahdelle suitsuketikulle ja yhdelle suitsukekartiolle<\/li>\n<li data-start=\"557\" data-end=\"769\">Mitat: noin 11 \u00d7 9 cm<\/li>\n<li data-start=\"557\" data-end=\"769\">K\u00e4yt\u00e4nn\u00f6llinen ja koristeellinen \u2013 ihanteellinen lahjaksi<\/li>\n<\/ul>","protected":false},"excerpt":{"rendered":"<p>K\u00e4sitsi valmistatud rituaalne viirukihoidja, mille keskmes seisab s\u00fcmboolne Elupuu \u2013 elu ringk\u00e4igu, kasvu ja \u00fchenduse t\u00e4his. See naturaalsest mangopuidust valmistatud viirukikauss on&hellip;<\/p>","protected":false},"featured_media":105571,"comment_status":"open","ping_status":"closed","template":"","meta":{"wprm-recipe-roundup-name":"","wprm-recipe-roundup-description":""},"product_brand":[],"product_cat":[5757],"product_tag":[5760],"class_list":{"0":"post-105567","1":"product","2":"type-product","3":"status-publish","4":"has-post-thumbnail","6":"product_cat-difuuserid-ja-poletid","7":"product_tag-viirukihoidja","9":"first","10":"instock","11":"taxable","12":"shipping-taxable","13":"purchasable","14":"product-type-simple"},"supplier_id":105232,"supplier_sku":"","barcode":"5056368340017","atum_controlled":true,"out_stock_date":null,"out_stock_threshold":null,"inheritable":false,"inbound_stock":0,"stock_on_hold":0,"sold_today":0,"sales_last_days":0,"reserved_stock":0,"customer_returns":0,"warehouse_damage":0,"lost_in_post":0,"other_logs":0,"out_stock_days":0,"lost_sales":0,"has_location":false,"update_date":"2026-03-07T01:16:15","atum_locations":[],"atum_stock_status":"instock","restock_status":false,"low_stock_amount":"","sales_update_date":"2026-03-07T01:16:15","calc_backorders":null,"aioseo_notices":[],"_links":{"self":[{"href":"https:\/\/ecoshop.ee\/fi\/wp-json\/wp\/v2\/product\/105567","targetHints":{"allow":["GET"]}}],"collection":[{"href":"https:\/\/ecoshop.ee\/fi\/wp-json\/wp\/v2\/product"}],"about":[{"href":"https:\/\/ecoshop.ee\/fi\/wp-json\/wp\/v2\/types\/product"}],"replies":[{"embeddable":true,"href":"https:\/\/ecoshop.ee\/fi\/wp-json\/wp\/v2\/comments?post=105567"}],"version-history":[{"count":0,"href":"https:\/\/ecoshop.ee\/fi\/wp-json\/wp\/v2\/product\/105567\/revisions"}],"wp:featuredmedia":[{"embeddable":true,"href":"https:\/\/ecoshop.ee\/fi\/wp-json\/wp\/v2\/media\/105571"}],"wp:attachment":[{"href":"https:\/\/ecoshop.ee\/fi\/wp-json\/wp\/v2\/media?parent=105567"}],"wp:term":[{"taxonomy":"product_brand","embeddable":true,"href":"https:\/\/ecoshop.ee\/fi\/wp-json\/wp\/v2\/product_brand?post=105567"},{"taxonomy":"product_cat","embeddable":true,"href":"https:\/\/ecoshop.ee\/fi\/wp-json\/wp\/v2\/product_cat?post=105567"},{"taxonomy":"product_tag","embeddable":true,"href":"https:\/\/ecoshop.ee\/fi\/wp-json\/wp\/v2\/product_tag?post=105567"}],"curies":[{"name":"wp","href":"https:\/\/api.w.org\/{rel}","templated":true}]}}