{"id":105574,"date":"2025-04-12T19:16:02","date_gmt":"2025-04-12T17:16:02","guid":{"rendered":"https:\/\/ecoshop.ee\/?post_type=product&#038;p=105574"},"modified":"2025-04-12T19:19:26","modified_gmt":"2025-04-12T17:19:26","slug":"suitsukkeita-putoavat-altaat","status":"publish","type":"product","link":"https:\/\/ecoshop.ee\/fi\/difuuserid-ja-poletid\/langeva-suitsuga-viirukipoleti-basseinid\/","title":{"rendered":"Suitsukepoltin, josta putoaa savua \u2013 Uima-altaat"},"content":{"rendered":"<p class=\"\" data-start=\"165\" data-end=\"417\">Suitsukepoltin, jossa on kaksi toisiinsa yhdistetty\u00e4 maljaa, jotka luovat rauhoittavan ja lumoavan savusuihkuefektin. Kun sytytetty takaisinvirtaussuitsukekartio alkaa hehkua, savu py\u00f6rii hitaasti alasp\u00e4in virtaten maljasta toiseen - kuin el\u00e4m\u00e4n rauhallinen virtaus itse.<\/p>\n<p class=\"\" data-start=\"419\" data-end=\"600\">T\u00e4m\u00e4 visuaalisesti upea suitsuke sopii t\u00e4ydellisesti meditaatioon, rentoutumiseen tai vain tunnelman luomiseen huoneeseen. Loistava sisustuselementti ja merkityksellinen lahja.<\/p>\n<ul>\n<li data-start=\"602\" data-end=\"805\">Kahden yhdistetyn kulhon muotoilu \u2013 symboloi el\u00e4m\u00e4n virtausta<\/li>\n<li data-start=\"602\" data-end=\"805\">Suunniteltu erityisesti suitsukekartioille, joista putoaa savua<\/li>\n<li data-start=\"602\" data-end=\"805\">Visuaalisesti kiehtova ja rauhoittava vaikutus<\/li>\n<li data-start=\"602\" data-end=\"805\">Sopii kotiin, jooganurkkaukseen tai lahjaksi<\/li>\n<\/ul>\n<p class=\"\" data-start=\"807\" data-end=\"875\">\u26a0\ufe0f Saadaksesi putoavan savun efektin, k\u00e4yt\u00e4 vain erityisi\u00e4 putoavan savun suitsukekartioita!<\/p>","protected":false},"excerpt":{"rendered":"<p>Kahe omavahel \u00fchendatud kausiga viirukip\u00f5leti, mis loob rahustava ja lummava suitsujugaefekti. Kui s\u00fc\u00fcdatud backflow viirukikoonus hakkab h\u00f5\u00f5guma, langeb suits aeglaselt keereldes allapoole,&hellip;<\/p>","protected":false},"featured_media":105575,"comment_status":"open","ping_status":"closed","template":"","meta":{"wprm-recipe-roundup-name":"","wprm-recipe-roundup-description":""},"product_brand":[],"product_cat":[5757],"product_tag":[5760],"class_list":{"0":"post-105574","1":"product","2":"type-product","3":"status-publish","4":"has-post-thumbnail","6":"product_cat-difuuserid-ja-poletid","7":"product_tag-viirukihoidja","9":"first","10":"instock","11":"taxable","12":"shipping-taxable","13":"purchasable","14":"product-type-simple"},"supplier_id":105232,"supplier_sku":"","barcode":"5055796594559","atum_controlled":true,"out_stock_date":null,"out_stock_threshold":null,"inheritable":false,"inbound_stock":0,"stock_on_hold":0,"sold_today":0,"sales_last_days":0,"reserved_stock":0,"customer_returns":0,"warehouse_damage":0,"lost_in_post":0,"other_logs":0,"out_stock_days":0,"lost_sales":0,"has_location":false,"update_date":"2026-03-07T01:16:15","atum_locations":[],"atum_stock_status":"instock","restock_status":false,"low_stock_amount":"","sales_update_date":"2026-03-07T01:16:15","calc_backorders":null,"aioseo_notices":[],"_links":{"self":[{"href":"https:\/\/ecoshop.ee\/fi\/wp-json\/wp\/v2\/product\/105574","targetHints":{"allow":["GET"]}}],"collection":[{"href":"https:\/\/ecoshop.ee\/fi\/wp-json\/wp\/v2\/product"}],"about":[{"href":"https:\/\/ecoshop.ee\/fi\/wp-json\/wp\/v2\/types\/product"}],"replies":[{"embeddable":true,"href":"https:\/\/ecoshop.ee\/fi\/wp-json\/wp\/v2\/comments?post=105574"}],"version-history":[{"count":0,"href":"https:\/\/ecoshop.ee\/fi\/wp-json\/wp\/v2\/product\/105574\/revisions"}],"wp:featuredmedia":[{"embeddable":true,"href":"https:\/\/ecoshop.ee\/fi\/wp-json\/wp\/v2\/media\/105575"}],"wp:attachment":[{"href":"https:\/\/ecoshop.ee\/fi\/wp-json\/wp\/v2\/media?parent=105574"}],"wp:term":[{"taxonomy":"product_brand","embeddable":true,"href":"https:\/\/ecoshop.ee\/fi\/wp-json\/wp\/v2\/product_brand?post=105574"},{"taxonomy":"product_cat","embeddable":true,"href":"https:\/\/ecoshop.ee\/fi\/wp-json\/wp\/v2\/product_cat?post=105574"},{"taxonomy":"product_tag","embeddable":true,"href":"https:\/\/ecoshop.ee\/fi\/wp-json\/wp\/v2\/product_tag?post=105574"}],"curies":[{"name":"wp","href":"https:\/\/api.w.org\/{rel}","templated":true}]}}