{"id":105578,"date":"2025-04-12T19:23:54","date_gmt":"2025-04-12T17:23:54","guid":{"rendered":"https:\/\/ecoshop.ee\/?post_type=product&#038;p=105578"},"modified":"2025-04-12T19:23:55","modified_gmt":"2025-04-12T17:23:55","slug":"mini-taikuri-suitsuketikku-putoavalla-savulla","status":"publish","type":"product","link":"https:\/\/ecoshop.ee\/fi\/difuuserid-ja-poletid\/langeva-suitsuga-viirukipoleti-mini-magi\/","title":{"rendered":"Suitsukepoltin putoavalla savulla \u2013 Mini M\u00e4gi"},"content":{"rendered":"<p class=\"\" data-start=\"131\" data-end=\"339\">L\u00f6yd\u00e4 rauha ja tasapaino pienoiskoossa. T\u00e4m\u00e4 kompakti suitsukepoltin luo silmiinpist\u00e4v\u00e4n visuaalisen vaikutelman savun virratessa hitaasti alas pienen vuoren rinteit\u00e4 muodostaen pehmeit\u00e4 py\u00f6rteit\u00e4 ja usvapilvi\u00e4.<\/p>\n<p class=\"\" data-start=\"341\" data-end=\"478\">Ihanteellinen pienempiin tiloihin, ty\u00f6p\u00f6yd\u00e4lle tai alttarille \u2013 Mini M\u00e4gi vie sinut v\u00e4litt\u00f6m\u00e4sti luonnon helmaan ja auttaa luomaan rauhoittavan tunnelman.<\/p>\n<ul>\n<li data-start=\"480\" data-end=\"670\">Miniatyyrimuotoilu \u2013 ihanteellinen pieniin tiloihin<\/li>\n<li data-start=\"480\" data-end=\"670\">Savu virtaa kuin usva rinteit\u00e4 pitkin<\/li>\n<li data-start=\"480\" data-end=\"670\">Visuaalisesti kiehtova ja aisteille rauhoittava<\/li>\n<\/ul>\n<p class=\"\" data-start=\"672\" data-end=\"745\">\u26a0\ufe0f Saadaksesi putoavan savun efektin, k\u00e4yt\u00e4 vain erityisi\u00e4 putoavan savun suitsukekartioita!<\/p>","protected":false},"excerpt":{"rendered":"<p>Leia rahu ja tasakaal miniatuurses vormis. See kompaktne viirukip\u00f5leti loob silmapaistva visuaalse efekti \u2013 suits voolab aeglaselt m\u00f6\u00f6da v\u00e4ikese m\u00e4e n\u00f5lvu allapoole,&hellip;<\/p>","protected":false},"featured_media":105581,"comment_status":"open","ping_status":"closed","template":"","meta":{"wprm-recipe-roundup-name":"","wprm-recipe-roundup-description":""},"product_brand":[],"product_cat":[5757],"product_tag":[5760],"class_list":{"0":"post-105578","1":"product","2":"type-product","3":"status-publish","4":"has-post-thumbnail","6":"product_cat-difuuserid-ja-poletid","7":"product_tag-viirukihoidja","9":"first","10":"instock","11":"taxable","12":"shipping-taxable","13":"purchasable","14":"product-type-simple"},"supplier_id":105232,"supplier_sku":"","barcode":"5056368336881","atum_controlled":true,"out_stock_date":null,"out_stock_threshold":null,"inheritable":false,"inbound_stock":0,"stock_on_hold":0,"sold_today":0,"sales_last_days":0,"reserved_stock":0,"customer_returns":0,"warehouse_damage":0,"lost_in_post":0,"other_logs":0,"out_stock_days":0,"lost_sales":0,"has_location":false,"update_date":"2026-03-07T01:16:15","atum_locations":[],"atum_stock_status":"instock","restock_status":false,"low_stock_amount":"","sales_update_date":"2026-03-07T01:16:15","calc_backorders":null,"aioseo_notices":[],"_links":{"self":[{"href":"https:\/\/ecoshop.ee\/fi\/wp-json\/wp\/v2\/product\/105578","targetHints":{"allow":["GET"]}}],"collection":[{"href":"https:\/\/ecoshop.ee\/fi\/wp-json\/wp\/v2\/product"}],"about":[{"href":"https:\/\/ecoshop.ee\/fi\/wp-json\/wp\/v2\/types\/product"}],"replies":[{"embeddable":true,"href":"https:\/\/ecoshop.ee\/fi\/wp-json\/wp\/v2\/comments?post=105578"}],"version-history":[{"count":0,"href":"https:\/\/ecoshop.ee\/fi\/wp-json\/wp\/v2\/product\/105578\/revisions"}],"wp:featuredmedia":[{"embeddable":true,"href":"https:\/\/ecoshop.ee\/fi\/wp-json\/wp\/v2\/media\/105581"}],"wp:attachment":[{"href":"https:\/\/ecoshop.ee\/fi\/wp-json\/wp\/v2\/media?parent=105578"}],"wp:term":[{"taxonomy":"product_brand","embeddable":true,"href":"https:\/\/ecoshop.ee\/fi\/wp-json\/wp\/v2\/product_brand?post=105578"},{"taxonomy":"product_cat","embeddable":true,"href":"https:\/\/ecoshop.ee\/fi\/wp-json\/wp\/v2\/product_cat?post=105578"},{"taxonomy":"product_tag","embeddable":true,"href":"https:\/\/ecoshop.ee\/fi\/wp-json\/wp\/v2\/product_tag?post=105578"}],"curies":[{"name":"wp","href":"https:\/\/api.w.org\/{rel}","templated":true}]}}