{"id":105584,"date":"2025-04-12T19:31:18","date_gmt":"2025-04-12T17:31:18","guid":{"rendered":"https:\/\/ecoshop.ee\/?post_type=product&#038;p=105584"},"modified":"2025-04-12T19:31:19","modified_gmt":"2025-04-12T17:31:19","slug":"suitsuketikku-putoavalla-savulla-ja-lootuskukalla","status":"publish","type":"product","link":"https:\/\/ecoshop.ee\/fi\/difuuserid-ja-poletid\/langeva-suitsuga-viirukipoleti-kasi-ja-lootoseois\/","title":{"rendered":"Suitsukepoltin putoavalla savulla \u2013 k\u00e4si ja lootuskukka"},"content":{"rendered":"<p class=\"\" data-start=\"149\" data-end=\"386\">T\u00e4m\u00e4n kauniin suitsukkeen keskell\u00e4 on k\u00e4si, joka pit\u00e4\u00e4 hell\u00e4sti kiinni lootuskukasta \u2013 puhtauden, valaistumisen ja sis\u00e4isen her\u00e4\u00e4misen symbolista. Savun alkaessa virrata alasp\u00e4in lootuksen l\u00e4pi se luo visuaalisesti kiehtovan ja henkisesti rauhoittavan hetken.<\/p>\n<p class=\"\" data-start=\"388\" data-end=\"568\">Jokainen savun py\u00f6rre her\u00e4tt\u00e4\u00e4 yhteyden ja uudestisyntymisen tunteen. T\u00e4ydellinen meditaatioon, aromaterapiaan tai vain rauhallisen tunnelman luomiseen.<\/p>\n<ul>\n<li data-start=\"570\" data-end=\"744\">Symbolinen kuvio: lootus ja avoin k\u00e4si<\/li>\n<li data-start=\"570\" data-end=\"744\">Rauhoittava savusuihkuvaikutus<\/li>\n<li data-start=\"570\" data-end=\"744\">Visuaalisesti silmiinpist\u00e4v\u00e4 ja meditatiivinen<\/li>\n<\/ul>\n<p class=\"\" data-start=\"746\" data-end=\"827\">\u26a0\ufe0f Saadaksesi putoavan savun efektin, k\u00e4yt\u00e4 vain erityisi\u00e4 putoavan savun suitsukekartioita!<\/p>","protected":false},"excerpt":{"rendered":"<p>Selle kauni viirukip\u00f5leti keskmes on k\u00e4si, mis hoiab \u00f5rnalt lootos\u00f5it \u2013 s\u00fcmbol puhtusest, valgustatusest ja sisemisest \u00e4rkamisest. Kui suits hakkab voolama l\u00e4bi&hellip;<\/p>","protected":false},"featured_media":105585,"comment_status":"open","ping_status":"closed","template":"","meta":{"wprm-recipe-roundup-name":"","wprm-recipe-roundup-description":""},"product_brand":[],"product_cat":[5757],"product_tag":[5760],"class_list":{"0":"post-105584","1":"product","2":"type-product","3":"status-publish","4":"has-post-thumbnail","6":"product_cat-difuuserid-ja-poletid","7":"product_tag-viirukihoidja","9":"first","10":"instock","11":"taxable","12":"shipping-taxable","13":"purchasable","14":"product-type-simple"},"supplier_id":105232,"supplier_sku":"","barcode":"5055796594481","atum_controlled":true,"out_stock_date":null,"out_stock_threshold":null,"inheritable":false,"inbound_stock":0,"stock_on_hold":0,"sold_today":0,"sales_last_days":0,"reserved_stock":0,"customer_returns":0,"warehouse_damage":0,"lost_in_post":0,"other_logs":0,"out_stock_days":0,"lost_sales":0,"has_location":false,"update_date":"2026-03-07T01:16:15","atum_locations":[],"atum_stock_status":"instock","restock_status":false,"low_stock_amount":"","sales_update_date":"2026-03-07T01:16:15","calc_backorders":null,"aioseo_notices":[],"_links":{"self":[{"href":"https:\/\/ecoshop.ee\/fi\/wp-json\/wp\/v2\/product\/105584","targetHints":{"allow":["GET"]}}],"collection":[{"href":"https:\/\/ecoshop.ee\/fi\/wp-json\/wp\/v2\/product"}],"about":[{"href":"https:\/\/ecoshop.ee\/fi\/wp-json\/wp\/v2\/types\/product"}],"replies":[{"embeddable":true,"href":"https:\/\/ecoshop.ee\/fi\/wp-json\/wp\/v2\/comments?post=105584"}],"version-history":[{"count":0,"href":"https:\/\/ecoshop.ee\/fi\/wp-json\/wp\/v2\/product\/105584\/revisions"}],"wp:featuredmedia":[{"embeddable":true,"href":"https:\/\/ecoshop.ee\/fi\/wp-json\/wp\/v2\/media\/105585"}],"wp:attachment":[{"href":"https:\/\/ecoshop.ee\/fi\/wp-json\/wp\/v2\/media?parent=105584"}],"wp:term":[{"taxonomy":"product_brand","embeddable":true,"href":"https:\/\/ecoshop.ee\/fi\/wp-json\/wp\/v2\/product_brand?post=105584"},{"taxonomy":"product_cat","embeddable":true,"href":"https:\/\/ecoshop.ee\/fi\/wp-json\/wp\/v2\/product_cat?post=105584"},{"taxonomy":"product_tag","embeddable":true,"href":"https:\/\/ecoshop.ee\/fi\/wp-json\/wp\/v2\/product_tag?post=105584"}],"curies":[{"name":"wp","href":"https:\/\/api.w.org\/{rel}","templated":true}]}}