{"id":105786,"date":"2025-05-01T00:34:07","date_gmt":"2025-04-30T21:34:07","guid":{"rendered":"https:\/\/ecoshop.ee\/?post_type=product&#038;p=105786"},"modified":"2025-12-25T19:02:46","modified_gmt":"2025-12-25T16:02:46","slug":"taysjyvainen-kasvipohjainen-koiranruoka-linsseilla-ja-hirssilla-800g","status":"publish","type":"product","link":"https:\/\/ecoshop.ee\/fi\/lemmikloomatoit\/taisvaartuslik-taimne-koeratoit-laatsed-ja-hirss-800g\/","title":{"rendered":"T\u00e4ysjyv\u00e4inen kasviper\u00e4inen koiranruoka, linssej\u00e4 ja hirssi\u00e4, 800 g"},"content":{"rendered":"<p class=\"\" data-start=\"194\" data-end=\"829\">VEGDOG ADULT on tasapainoinen kasvipohjainen koiranruoka, joka tarjoaa nelijalkaiselle yst\u00e4v\u00e4llesi kaiken tarvittavan \u2013 ilman lihaa. Viljaton ja gluteeniton resepti sopii erityisesti herk\u00e4lle ruoansulatukselle. Proteiinipitoiset linssit, lupiini ja hirssi varmistavat v\u00e4ltt\u00e4m\u00e4tt\u00f6mien aminohappojen saannin. Ruoan perunat, pinaatti ja chiasiemenet tukevat ruoansulatusta ja yleist\u00e4 hyvinvointia. Arvokkaat lev\u00e4t tarjoavat v\u00e4ltt\u00e4m\u00e4tt\u00f6mi\u00e4 rasvahappoja, ja lis\u00e4tyt vitamiinit, hiiva ja kivenn\u00e4isaineet kattavat p\u00e4ivitt\u00e4isen ravitsemuksellisen tarpeen. Valmistettu Saksassa ja It\u00e4vallassa kasvatetuista ainesosista ja luonnollisesti ilman keinotekoisia v\u00e4ri- ja s\u00e4il\u00f6nt\u00e4aineita.<\/p>\n<ul data-start=\"831\" data-end=\"1033\">\n<li class=\"\" data-start=\"831\" data-end=\"886\">\n<p class=\"\" data-start=\"833\" data-end=\"886\">T\u00e4ysi vegaaninen m\u00e4rk\u00e4ruoka aikuisille koirille<\/p>\n<\/li>\n<li class=\"\" data-start=\"887\" data-end=\"917\">\n<p class=\"\" data-start=\"889\" data-end=\"917\">Viljaton ja gluteeniton<\/p>\n<\/li>\n<li class=\"\" data-start=\"918\" data-end=\"965\">\n<p class=\"\" data-start=\"920\" data-end=\"965\">Sis\u00e4lt\u00e4\u00e4 lev\u00e4\u00e4, chiasiemeni\u00e4 ja lupiinia<\/p>\n<\/li>\n<li class=\"\" data-start=\"966\" data-end=\"997\">\n<p class=\"\" data-start=\"968\" data-end=\"997\">Ilman keinotekoisia lis\u00e4aineita<\/p>\n<\/li>\n<li class=\"\" data-start=\"998\" data-end=\"1033\">\n<p class=\"\" data-start=\"1000\" data-end=\"1033\">Valmistettu Saksassa ja It\u00e4vallassa<\/p>\n<\/li>\n<\/ul>\n<p>&nbsp;<\/p>\n<p class=\"\" data-start=\"89\" data-end=\"511\"><strong data-start=\"89\" data-end=\"129\">Ravintosis\u00e4lt\u00f6iset lis\u00e4aineet (per 1 kg):<\/strong><br data-start=\"129\" data-end=\"132\" \/>A-vitamiini 3450 IU; D3-vitamiini 506 IU; B12-vitamiini 23 \u00b5g; Kalsium-D-pantotenaatti 9,2 mg; L-karnitiini 414 mg; L-treoniini 610 mg; L-tryptofaani 212 mg; Tauriini 437 mg; DL-metioniini 2,65 g; Rauta (rauta(II)glysinaattikelaattihydraatti) 23 mg; Kupari (kupariglysinaattikelaattihydraatti) 1,2 mg; Sinkki (sinkkioksidi) 23 mg; Jodi (vedet\u00f6n kalsiumjodaatti) 0,4 mg; Seleeni (natriumseleniitti) 0,08 mg.<\/p>\n<p class=\"\" data-start=\"513\" data-end=\"535\"><strong data-start=\"513\" data-end=\"533\">Ruokintasuositus:<\/strong><\/p>\n<ul data-start=\"536\" data-end=\"730\">\n<li class=\"\" data-start=\"536\" data-end=\"567\">\n<p class=\"\" data-start=\"538\" data-end=\"567\">5 kg koira: 320\u2013365 g p\u00e4iv\u00e4ss\u00e4<\/p>\n<\/li>\n<li class=\"\" data-start=\"568\" data-end=\"593\">\n<p class=\"\" data-start=\"570\" data-end=\"593\">10 kg koira: 540\u2013615 g<\/p>\n<\/li>\n<li class=\"\" data-start=\"594\" data-end=\"620\">\n<p class=\"\" data-start=\"596\" data-end=\"620\">20 kg koira: 910\u20131030 g<\/p>\n<\/li>\n<li class=\"\" data-start=\"621\" data-end=\"648\">\n<p class=\"\" data-start=\"623\" data-end=\"648\">30 kg koira: 1230\u20131400 g<\/p>\n<\/li>\n<li class=\"\" data-start=\"649\" data-end=\"676\">\n<p class=\"\" data-start=\"651\" data-end=\"676\">40 kg koira: 1525\u20131730 g<\/p>\n<\/li>\n<li class=\"\" data-start=\"677\" data-end=\"704\">\n<p class=\"\" data-start=\"679\" data-end=\"704\">50 kg koira: 1800\u20132050 g<\/p>\n<\/li>\n<li class=\"\" data-start=\"705\" data-end=\"730\">\n<p class=\"\" data-start=\"707\" data-end=\"730\">60 kg koira: 2070\u20132350 g<\/p>\n<\/li>\n<\/ul>\n<p class=\"\" data-start=\"732\" data-end=\"893\"><strong data-start=\"732\" data-end=\"743\">Huomautus:<\/strong> N\u00e4m\u00e4 ovat likim\u00e4\u00e4r\u00e4isi\u00e4 arvoja, jotka on mukautettava koiran yksil\u00f6llisten tarpeiden (aktiivisuus, rotu, aineenvaihdunta, vuodenaika jne.) mukaan.<\/p>","protected":false},"excerpt":{"rendered":"<p>VEGDOG ADULT on tasakaalustatud taimne koeratoit, mis pakub sinu neljajalgsele kaaslasele k\u00f5ik vajaliku \u2013 ilma lihata. Teraviljavaba ja gluteenivaba retsept sobib eriti&hellip;<\/p>","protected":false},"featured_media":105787,"comment_status":"open","ping_status":"closed","template":"","meta":{"wprm-recipe-roundup-name":"","wprm-recipe-roundup-description":""},"product_brand":[],"product_cat":[5784],"product_tag":[5785],"class_list":{"0":"post-105786","1":"product","2":"type-product","3":"status-publish","4":"has-post-thumbnail","6":"product_cat-lemmikloomatoit","7":"product_tag-koeratoit","8":"j79_wcxd_expiry_type-best-before","10":"first","11":"instock","12":"taxable","13":"shipping-taxable","14":"purchasable","15":"product-type-simple"},"supplier_id":9137,"supplier_sku":"","barcode":"4260446690043","atum_controlled":true,"out_stock_date":null,"out_stock_threshold":null,"inheritable":false,"inbound_stock":0,"stock_on_hold":0,"sold_today":0,"sales_last_days":0,"reserved_stock":0,"customer_returns":0,"warehouse_damage":0,"lost_in_post":0,"other_logs":0,"out_stock_days":0,"lost_sales":0,"has_location":false,"update_date":"2026-03-07T01:16:08","atum_locations":[],"atum_stock_status":"instock","restock_status":false,"low_stock_amount":"","sales_update_date":"2026-03-07T01:16:08","calc_backorders":null,"aioseo_notices":[],"_links":{"self":[{"href":"https:\/\/ecoshop.ee\/fi\/wp-json\/wp\/v2\/product\/105786","targetHints":{"allow":["GET"]}}],"collection":[{"href":"https:\/\/ecoshop.ee\/fi\/wp-json\/wp\/v2\/product"}],"about":[{"href":"https:\/\/ecoshop.ee\/fi\/wp-json\/wp\/v2\/types\/product"}],"replies":[{"embeddable":true,"href":"https:\/\/ecoshop.ee\/fi\/wp-json\/wp\/v2\/comments?post=105786"}],"version-history":[{"count":0,"href":"https:\/\/ecoshop.ee\/fi\/wp-json\/wp\/v2\/product\/105786\/revisions"}],"wp:featuredmedia":[{"embeddable":true,"href":"https:\/\/ecoshop.ee\/fi\/wp-json\/wp\/v2\/media\/105787"}],"wp:attachment":[{"href":"https:\/\/ecoshop.ee\/fi\/wp-json\/wp\/v2\/media?parent=105786"}],"wp:term":[{"taxonomy":"product_brand","embeddable":true,"href":"https:\/\/ecoshop.ee\/fi\/wp-json\/wp\/v2\/product_brand?post=105786"},{"taxonomy":"product_cat","embeddable":true,"href":"https:\/\/ecoshop.ee\/fi\/wp-json\/wp\/v2\/product_cat?post=105786"},{"taxonomy":"product_tag","embeddable":true,"href":"https:\/\/ecoshop.ee\/fi\/wp-json\/wp\/v2\/product_tag?post=105786"}],"curies":[{"name":"wp","href":"https:\/\/api.w.org\/{rel}","templated":true}]}}