{"id":105789,"date":"2025-05-01T00:45:52","date_gmt":"2025-04-30T21:45:52","guid":{"rendered":"https:\/\/ecoshop.ee\/?post_type=product&#038;p=105789"},"modified":"2025-12-25T19:02:46","modified_gmt":"2025-12-25T16:02:46","slug":"taysjyvainen-kasviperainen-koiranruoka-ikaantyville-koirille-herneilla-ja-hirssilla-400-g","status":"publish","type":"product","link":"https:\/\/ecoshop.ee\/fi\/lemmikloomatoit\/taisvaartuslik-taimne-koeratoit-eakale-koerale-herned-ja-hirss-400g\/","title":{"rendered":"T\u00e4ysjyv\u00e4inen kasviper\u00e4inen koiranruoka ik\u00e4\u00e4ntyneille koirille, herneit\u00e4 ja hirssi\u00e4, 400 g"},"content":{"rendered":"<p class=\"\" data-start=\"207\" data-end=\"547\">VEGDOG SENIOR on kehitetty erityisesti aikuisille koirille 7 vuoden i\u00e4st\u00e4 alkaen. Se tarjoaa tasapainoisen ja helposti sulavan kasvipohjaisen ruokavalion, joka tukee koiran hyvinvointia vanhemmalla i\u00e4ll\u00e4. Tuotteen korkealaatuiset proteiininl\u00e4hteet \u2013 herneproteiini, linssit ja lupiinijauho \u2013 tarjoavat tarvittavan aminohappoprofiilin lihasmassan yll\u00e4pit\u00e4miseksi.<\/p>\n<p class=\"\" data-start=\"549\" data-end=\"903\">Hirssi ja porkkanat edist\u00e4v\u00e4t nivelten normaalia toimintaa, kun taas chiasiemenet, lev\u00e4t ja auringonkukka\u00f6ljy tarjoavat v\u00e4ltt\u00e4m\u00e4tt\u00f6mi\u00e4 omega-3- ja omega-6-rasvahappoja. Erityisesti kehitetty mineraalijauheemme lis\u00e4\u00e4 t\u00e4rkeit\u00e4 ravintoaineita, kuten B12-vitamiinia, tauriinia ja karnitiinia, jotka tukevat vanhempien koirien syd\u00e4men toimintaa ja yleist\u00e4 elinvoimaa.<\/p>\n<p class=\"\" data-start=\"905\" data-end=\"1075\">Ruoka sopii erityisesti herkk\u00e4ruoansulatukselle ja eliminaatiodieeteille. Kalsiumin ja fosforin suhde on mukautettu ik\u00e4\u00e4ntyv\u00e4n el\u00e4imen tarpeisiin.<\/p>\n<ul data-start=\"1077\" data-end=\"1345\">\n<li class=\"\" data-start=\"1077\" data-end=\"1137\">\n<p class=\"\" data-start=\"1079\" data-end=\"1137\">T\u00e4ysjyv\u00e4inen kasviper\u00e4inen ruoka koirille 7-vuotiaasta alkaen<\/p>\n<\/li>\n<li class=\"\" data-start=\"1138\" data-end=\"1182\">\n<p class=\"\" data-start=\"1140\" data-end=\"1182\">Gluteeniton ja el\u00e4inper\u00e4iset ainesosat<\/p>\n<\/li>\n<li class=\"\" data-start=\"1183\" data-end=\"1232\">\n<p class=\"\" data-start=\"1185\" data-end=\"1232\">Tukee ruoansulatusta, syd\u00e4men terveytt\u00e4 ja niveli\u00e4<\/p>\n<\/li>\n<li class=\"\" data-start=\"1233\" data-end=\"1259\">\n<p class=\"\" data-start=\"1235\" data-end=\"1259\">Sopii my\u00f6s allergikoille<\/p>\n<\/li>\n<li class=\"\" data-start=\"1260\" data-end=\"1300\">\n<p class=\"\" data-start=\"1262\" data-end=\"1300\">Kehitetty yhteisty\u00f6ss\u00e4 el\u00e4inl\u00e4\u00e4k\u00e4reiden kanssa<\/p>\n<\/li>\n<li class=\"\" data-start=\"1301\" data-end=\"1345\">\n<p class=\"\" data-start=\"1303\" data-end=\"1345\">Ilman keinotekoisia hajusteita ja v\u00e4riaineita<\/p>\n<\/li>\n<\/ul>\n<p class=\"\" data-start=\"1347\" data-end=\"1448\">\u2757 <strong data-start=\"1349\" data-end=\"1397\">Ei sovellu pennuille tai imett\u00e4ville nartuille<\/strong>, koska heid\u00e4n ravinnon- ja energiantarpeensa on suurempi.<\/p>\n<p class=\"\" data-start=\"82\" data-end=\"505\"><strong data-start=\"82\" data-end=\"122\">Ravintosis\u00e4lt\u00f6iset lis\u00e4aineet (per 1 kg):<\/strong><br data-start=\"122\" data-end=\"125\" \/>A-vitamiini 3450 IU, D3-vitamiini 506 IU, B12-vitamiini 23 \u00b5g, kalsium-D-pantotenaatti 9,2 mg, L-karnitiini 414 mg, L-treoniini 610 mg, L-tryptofaani 212 mg, tauriini 437 mg, DL-metioniini 2,65 g, rauta (rauta(II)glysinaattikelaattihydraatti) 23 mg, kupari (kupariglysinaattikelaattihydraatti) 1,2 mg, sinkki (sinkkioksidi) 23 mg, jodi (vedet\u00f6n kalsiumjodaatti) 0,4 mg, seleeni (natriumseleniitti) 0,08 mg.<\/p>\n<p class=\"\" data-start=\"507\" data-end=\"529\"><strong data-start=\"507\" data-end=\"527\">Ruokintasuositus:<\/strong><\/p>\n<ul data-start=\"530\" data-end=\"726\">\n<li class=\"\" data-start=\"530\" data-end=\"561\">\n<p class=\"\" data-start=\"532\" data-end=\"561\">5 kg koira: 320\u2013365 g p\u00e4iv\u00e4ss\u00e4<\/p>\n<\/li>\n<li class=\"\" data-start=\"562\" data-end=\"587\">\n<p class=\"\" data-start=\"564\" data-end=\"587\">10 kg koira: 540\u2013615 g<\/p>\n<\/li>\n<li class=\"\" data-start=\"588\" data-end=\"614\">\n<p class=\"\" data-start=\"590\" data-end=\"614\">20 kg koira: 910\u20131030 g<\/p>\n<\/li>\n<li class=\"\" data-start=\"615\" data-end=\"642\">\n<p class=\"\" data-start=\"617\" data-end=\"642\">30 kg koira: 1230\u20131400 g<\/p>\n<\/li>\n<li class=\"\" data-start=\"643\" data-end=\"670\">\n<p class=\"\" data-start=\"645\" data-end=\"670\">40 kg koira: 1525\u20131730 g<\/p>\n<\/li>\n<li class=\"\" data-start=\"671\" data-end=\"698\">\n<p class=\"\" data-start=\"673\" data-end=\"698\">50 kg koira: 1800\u20132050 g<\/p>\n<\/li>\n<li class=\"\" data-start=\"699\" data-end=\"726\">\n<p class=\"\" data-start=\"701\" data-end=\"726\">60 kg koira: 2070\u20132350 g<\/p>\n<\/li>\n<\/ul>\n<p class=\"\" data-start=\"728\" data-end=\"894\"><strong data-start=\"728\" data-end=\"739\">Huomautus:<\/strong> N\u00e4m\u00e4 ovat likim\u00e4\u00e4r\u00e4isi\u00e4 arvoja, jotka on mukautettava koiran yksil\u00f6llisten elinolosuhteiden (aktiivisuus, rotu, aineenvaihdunta, vuodenaika jne.) mukaan.<\/p>","protected":false},"excerpt":{"rendered":"<p>VEGDOG SENIOR on spetsiaalselt v\u00e4lja t\u00f6\u00f6tatud t\u00e4iskasvanud koertele alates 7. eluaastast, pakkudes tasakaalustatud ja kergesti seeditavat taimset toitumist, mis toetab koera heaolu&hellip;<\/p>","protected":false},"featured_media":105790,"comment_status":"open","ping_status":"closed","template":"","meta":{"wprm-recipe-roundup-name":"","wprm-recipe-roundup-description":""},"product_brand":[],"product_cat":[5784],"product_tag":[5785],"class_list":{"0":"post-105789","1":"product","2":"type-product","3":"status-publish","4":"has-post-thumbnail","6":"product_cat-lemmikloomatoit","7":"product_tag-koeratoit","8":"j79_wcxd_expiry_type-best-before","10":"first","11":"instock","12":"sale","13":"taxable","14":"shipping-taxable","15":"purchasable","16":"product-type-simple"},"supplier_id":9137,"supplier_sku":"","barcode":"4260446690029","atum_controlled":true,"out_stock_date":null,"out_stock_threshold":null,"inheritable":false,"inbound_stock":0,"stock_on_hold":0,"sold_today":0,"sales_last_days":0,"reserved_stock":0,"customer_returns":0,"warehouse_damage":0,"lost_in_post":0,"other_logs":0,"out_stock_days":0,"lost_sales":0,"has_location":false,"update_date":"2026-03-07T01:16:08","atum_locations":[],"atum_stock_status":"instock","restock_status":false,"low_stock_amount":"","sales_update_date":"2026-03-07T01:16:08","calc_backorders":null,"aioseo_notices":[],"_links":{"self":[{"href":"https:\/\/ecoshop.ee\/fi\/wp-json\/wp\/v2\/product\/105789","targetHints":{"allow":["GET"]}}],"collection":[{"href":"https:\/\/ecoshop.ee\/fi\/wp-json\/wp\/v2\/product"}],"about":[{"href":"https:\/\/ecoshop.ee\/fi\/wp-json\/wp\/v2\/types\/product"}],"replies":[{"embeddable":true,"href":"https:\/\/ecoshop.ee\/fi\/wp-json\/wp\/v2\/comments?post=105789"}],"version-history":[{"count":0,"href":"https:\/\/ecoshop.ee\/fi\/wp-json\/wp\/v2\/product\/105789\/revisions"}],"wp:featuredmedia":[{"embeddable":true,"href":"https:\/\/ecoshop.ee\/fi\/wp-json\/wp\/v2\/media\/105790"}],"wp:attachment":[{"href":"https:\/\/ecoshop.ee\/fi\/wp-json\/wp\/v2\/media?parent=105789"}],"wp:term":[{"taxonomy":"product_brand","embeddable":true,"href":"https:\/\/ecoshop.ee\/fi\/wp-json\/wp\/v2\/product_brand?post=105789"},{"taxonomy":"product_cat","embeddable":true,"href":"https:\/\/ecoshop.ee\/fi\/wp-json\/wp\/v2\/product_cat?post=105789"},{"taxonomy":"product_tag","embeddable":true,"href":"https:\/\/ecoshop.ee\/fi\/wp-json\/wp\/v2\/product_tag?post=105789"}],"curies":[{"name":"wp","href":"https:\/\/api.w.org\/{rel}","templated":true}]}}