{"id":105798,"date":"2025-05-01T01:19:46","date_gmt":"2025-04-30T22:19:46","guid":{"rendered":"https:\/\/ecoshop.ee\/?post_type=product&#038;p=105798"},"modified":"2025-12-25T19:02:47","modified_gmt":"2025-12-25T16:02:47","slug":"vegaaninen-kuivaruoka-aikuisille-koirille-porkkanoilla-ja-perunoilla-400-g","status":"publish","type":"product","link":"https:\/\/ecoshop.ee\/fi\/lemmikloomatoit\/vegan-margtoit-taiskasvanud-koerale-porgand-ja-kartul-400g\/","title":{"rendered":"Vegaaninen m\u00e4rk\u00e4ruoka aikuisille koirille, porkkanaa ja perunaa, 400 g"},"content":{"rendered":"<p class=\"\" data-start=\"209\" data-end=\"472\">Ami on kasvipohjainen m\u00e4rk\u00e4ruoka, joka tarjoaa aikuisille koirille mukavan ja tasapainoisen vaihtoehdon tavalliselle ruoalle. T\u00e4ss\u00e4 variantissa makua korostavat porkkanat ja perunat - yksinkertaiset mutta ravitsevat vihannekset, jotka sopivat my\u00f6s herkemp\u00e4\u00e4 ruoansulatusta omaaville lemmikeille.<\/p>\n<p class=\"\" data-start=\"474\" data-end=\"789\">Ruoka on lihatonta 100% ja sopii arkiruoaksi tai kasvisvaihtoehdoksi. Ami V-LOVE -sarja on suunniteltu koiranomistajille, jotka haluavat tarjota nelijalkaiselle kumppanilleen terveellisemm\u00e4n ja monipuolisemman ruokavalion. M\u00e4rk\u00e4ruoan pehme\u00e4 ja mehukas koostumus sopii t\u00e4ydellisesti my\u00f6s vanhemmille tai nirsoille koirille.<\/p>\n<ul data-start=\"791\" data-end=\"1019\">\n<li class=\"\" data-start=\"791\" data-end=\"846\">\n<p class=\"\" data-start=\"793\" data-end=\"846\">T\u00e4ysi vegaaninen m\u00e4rk\u00e4ruoka aikuisille koirille<\/p>\n<\/li>\n<li class=\"\" data-start=\"847\" data-end=\"892\">\n<p class=\"\" data-start=\"849\" data-end=\"892\">Makuyhdistelm\u00e4 porkkanoiden ja perunoiden kanssa<\/p>\n<\/li>\n<li class=\"\" data-start=\"893\" data-end=\"948\">\n<p class=\"\" data-start=\"895\" data-end=\"948\">Sopii p\u00e4ivitt\u00e4iseen ruokintaan tai v\u00e4lipalaksi<\/p>\n<\/li>\n<li class=\"\" data-start=\"949\" data-end=\"974\">\n<p class=\"\" data-start=\"951\" data-end=\"974\">100% kasvipohjainen, lihaton<\/p>\n<\/li>\n<li class=\"\" data-start=\"975\" data-end=\"1019\">\n<p class=\"\" data-start=\"977\" data-end=\"1019\">Saatavilla useissa eri kasvismauissa<\/p>\n<\/li>\n<\/ul>\n<p>&nbsp;<\/p>\n<p class=\"\" data-start=\"110\" data-end=\"365\"><strong data-start=\"110\" data-end=\"150\">Ravintosis\u00e4lt\u00f6iset lis\u00e4aineet (per 1 kg):<\/strong><br data-start=\"150\" data-end=\"153\" \/>A-vitamiini 3214 IU, D3-vitamiini 242 IU, sinkki (sinkkisulfaatti, monohydraatti) 35,7 mg, mangaani (mangaanisulfaatti, monohydraatti) 2 mg, kupari (kupari(II)sulfaatti, pentahydraatti) 1,43 mg, jodi (kalsiumjodaatti, vedet\u00f6n) 1,07 mg.<\/p>\n<p class=\"\" data-start=\"367\" data-end=\"568\"><strong data-start=\"367\" data-end=\"387\">Ruokintasuositus:<\/strong><br data-start=\"387\" data-end=\"390\" \/>Noudata tuotteeseen merkittyj\u00e4 ohjeita.<br data-start=\"423\" data-end=\"426\" \/>(Arvot ovat likim\u00e4\u00e4r\u00e4isi\u00e4 ja niit\u00e4 tulee s\u00e4\u00e4t\u00e4\u00e4 koiran yksil\u00f6llisten tarpeiden, kuten aktiivisuustason, rodun, aineenvaihdunnan, vuodenajan jne. mukaan)<\/p>","protected":false},"excerpt":{"rendered":"<p>Ami on taimne m\u00e4rgtoit, mis pakub t\u00e4iskasvanud koertele m\u00f5nusat ja tasakaalustatud vaheldust tavatoidule. Selles variandis r\u00f5hutavad maitset porgand ja kartul \u2013 lihtsad,&hellip;<\/p>","protected":false},"featured_media":105799,"comment_status":"open","ping_status":"closed","template":"","meta":{"wprm-recipe-roundup-name":"","wprm-recipe-roundup-description":""},"product_brand":[],"product_cat":[5784],"product_tag":[5785],"class_list":{"0":"post-105798","1":"product","2":"type-product","3":"status-publish","4":"has-post-thumbnail","6":"product_cat-lemmikloomatoit","7":"product_tag-koeratoit","8":"j79_wcxd_expiry_type-best-before","10":"first","11":"instock","12":"taxable","13":"shipping-taxable","14":"purchasable","15":"product-type-simple"},"supplier_id":9137,"supplier_sku":"","barcode":"8032573040475","atum_controlled":true,"out_stock_date":null,"out_stock_threshold":null,"inheritable":false,"inbound_stock":0,"stock_on_hold":0,"sold_today":0,"sales_last_days":0,"reserved_stock":0,"customer_returns":0,"warehouse_damage":0,"lost_in_post":0,"other_logs":0,"out_stock_days":0,"lost_sales":0,"has_location":false,"update_date":"2026-03-07T01:16:08","atum_locations":[],"atum_stock_status":"instock","restock_status":false,"low_stock_amount":"","sales_update_date":"2026-03-07T01:16:08","calc_backorders":null,"aioseo_notices":[],"_links":{"self":[{"href":"https:\/\/ecoshop.ee\/fi\/wp-json\/wp\/v2\/product\/105798","targetHints":{"allow":["GET"]}}],"collection":[{"href":"https:\/\/ecoshop.ee\/fi\/wp-json\/wp\/v2\/product"}],"about":[{"href":"https:\/\/ecoshop.ee\/fi\/wp-json\/wp\/v2\/types\/product"}],"replies":[{"embeddable":true,"href":"https:\/\/ecoshop.ee\/fi\/wp-json\/wp\/v2\/comments?post=105798"}],"version-history":[{"count":0,"href":"https:\/\/ecoshop.ee\/fi\/wp-json\/wp\/v2\/product\/105798\/revisions"}],"wp:featuredmedia":[{"embeddable":true,"href":"https:\/\/ecoshop.ee\/fi\/wp-json\/wp\/v2\/media\/105799"}],"wp:attachment":[{"href":"https:\/\/ecoshop.ee\/fi\/wp-json\/wp\/v2\/media?parent=105798"}],"wp:term":[{"taxonomy":"product_brand","embeddable":true,"href":"https:\/\/ecoshop.ee\/fi\/wp-json\/wp\/v2\/product_brand?post=105798"},{"taxonomy":"product_cat","embeddable":true,"href":"https:\/\/ecoshop.ee\/fi\/wp-json\/wp\/v2\/product_cat?post=105798"},{"taxonomy":"product_tag","embeddable":true,"href":"https:\/\/ecoshop.ee\/fi\/wp-json\/wp\/v2\/product_tag?post=105798"}],"curies":[{"name":"wp","href":"https:\/\/api.w.org\/{rel}","templated":true}]}}