{"id":106015,"date":"2025-05-22T00:00:26","date_gmt":"2025-05-21T21:00:26","guid":{"rendered":"https:\/\/ecoshop.ee\/?post_type=product&#038;p=106015"},"modified":"2026-05-08T21:56:50","modified_gmt":"2026-05-08T18:56:50","slug":"bettr-hasselpahkinakermavohvelipatukka-luomu-33g","status":"publish","type":"product","link":"https:\/\/ecoshop.ee\/fi\/vahvlid-ja-kupsised\/bettr-sarapuupahklikreemiga-vahvlibatoon-mahe-33g\/","title":{"rendered":"Bett&#039;r hasselp\u00e4hkin\u00e4kermavohvelipatukka, luomu, 33g"},"content":{"rendered":"<p class=\"\" data-start=\"118\" data-end=\"345\">Koe hienostunut herkku, jossa rapea vohveli, herkullinen hasselp\u00e4hkin\u00e4kerma ja samettinen kaakaokuorrute kohtaavat. Bett&#039;r vie klassisen suosikin uudelle tasolle \u2013 tietoinen valinta, jossa ei tehd\u00e4 kompromisseja maun tai koostumuksen suhteen.<\/p>\n<p class=\"\" data-start=\"347\" data-end=\"562\">T\u00e4m\u00e4 ylellinen v\u00e4lipala yhdist\u00e4\u00e4 aidon nautinnon puhtaisiin, luonnollisiin ainesosiin. Jokainen pakkaus sis\u00e4lt\u00e4\u00e4 kaksi ohutta vohvelia, jotka sulavat suussa ja tarjoavat unohtumattoman nautinnon \u2013 t\u00e4ydellinen hetkeksi itseksesi tai jaettavaksi.<\/p>\n<ul>\n<li data-start=\"347\" data-end=\"562\">Luomu<\/li>\n<li data-start=\"347\" data-end=\"562\">Vegaani<\/li>\n<li data-start=\"347\" data-end=\"562\">Ilman palmu\u00f6ljy\u00e4<\/li>\n<li data-start=\"347\" data-end=\"562\">Ilman puhdistettua sokeria<\/li>\n<\/ul>","protected":false},"excerpt":{"rendered":"<p>Avasta peenetundeline maius, kus kohtuvad kr\u00f5be vahvel, h\u00f5rk sarapuup\u00e4hklikreem ja sametine kakaokate. Bett\u2019r toob klassikalise lemmiku uuele tasemele \u2013 teadliku valiku, mis&hellip;<\/p>","protected":false},"featured_media":106016,"comment_status":"open","ping_status":"closed","template":"","meta":{"wprm-recipe-roundup-name":"","wprm-recipe-roundup-description":""},"product_brand":[11995],"product_cat":[160,148],"product_tag":[5829,149],"class_list":{"0":"post-106015","1":"product","2":"type-product","3":"status-publish","4":"has-post-thumbnail","6":"product_brand-bettr","7":"product_cat-kommid","8":"product_cat-vahvlid-ja-kupsised","9":"product_tag-vahvlibatoon","10":"product_tag-vahvlid","11":"j79_wcxd_expiry_type-best-before","13":"first","14":"instock","15":"taxable","16":"shipping-taxable","17":"purchasable","18":"product-type-simple"},"supplier_id":9165,"supplier_sku":"","barcode":"3800233783063","atum_controlled":true,"out_stock_date":null,"out_stock_threshold":null,"inheritable":false,"inbound_stock":0,"stock_on_hold":0,"sold_today":2,"sales_last_days":10,"reserved_stock":0,"customer_returns":0,"warehouse_damage":0,"lost_in_post":0,"other_logs":0,"out_stock_days":0,"lost_sales":0,"has_location":false,"update_date":"2026-05-08T18:56:51","atum_locations":[],"atum_stock_status":"instock","restock_status":false,"low_stock_amount":"","sales_update_date":"2026-05-07T18:22:37","calc_backorders":null,"aioseo_notices":[],"_links":{"self":[{"href":"https:\/\/ecoshop.ee\/fi\/wp-json\/wp\/v2\/product\/106015","targetHints":{"allow":["GET"]}}],"collection":[{"href":"https:\/\/ecoshop.ee\/fi\/wp-json\/wp\/v2\/product"}],"about":[{"href":"https:\/\/ecoshop.ee\/fi\/wp-json\/wp\/v2\/types\/product"}],"replies":[{"embeddable":true,"href":"https:\/\/ecoshop.ee\/fi\/wp-json\/wp\/v2\/comments?post=106015"}],"version-history":[{"count":2,"href":"https:\/\/ecoshop.ee\/fi\/wp-json\/wp\/v2\/product\/106015\/revisions"}],"predecessor-version":[{"id":396149,"href":"https:\/\/ecoshop.ee\/fi\/wp-json\/wp\/v2\/product\/106015\/revisions\/396149"}],"wp:featuredmedia":[{"embeddable":true,"href":"https:\/\/ecoshop.ee\/fi\/wp-json\/wp\/v2\/media\/106016"}],"wp:attachment":[{"href":"https:\/\/ecoshop.ee\/fi\/wp-json\/wp\/v2\/media?parent=106015"}],"wp:term":[{"taxonomy":"product_brand","embeddable":true,"href":"https:\/\/ecoshop.ee\/fi\/wp-json\/wp\/v2\/product_brand?post=106015"},{"taxonomy":"product_cat","embeddable":true,"href":"https:\/\/ecoshop.ee\/fi\/wp-json\/wp\/v2\/product_cat?post=106015"},{"taxonomy":"product_tag","embeddable":true,"href":"https:\/\/ecoshop.ee\/fi\/wp-json\/wp\/v2\/product_tag?post=106015"}],"curies":[{"name":"wp","href":"https:\/\/api.w.org\/{rel}","templated":true}]}}