{"id":106040,"date":"2025-05-22T23:46:02","date_gmt":"2025-05-22T20:46:02","guid":{"rendered":"https:\/\/ecoshop.ee\/?post_type=product&#038;p=106040"},"modified":"2026-05-08T22:19:52","modified_gmt":"2026-05-08T19:19:52","slug":"bettr-proteiinipallot-kaakaotaytteella-luomu-45-g","status":"publish","type":"product","link":"https:\/\/ecoshop.ee\/fi\/proteiinibatoonid\/bettr-proteiinipallid-kakaotaidisega-mahe-45g\/","title":{"rendered":"Bett&#039;r proteiinipallot kaakaot\u00e4ytteell\u00e4, luomu, 45g"},"content":{"rendered":"<p data-start=\"58\" data-end=\"204\">Lataa itsesi luonnollisella energialla! Bett&#039;rin uudet luomuproteiinipallot kaakaot\u00e4ytteell\u00e4 ovat herkullinen ja tietoinen tapa aloittaa p\u00e4iv\u00e4si.<\/p>\n<p data-start=\"206\" data-end=\"510\">N\u00e4m\u00e4 pienet energiapommit sis\u00e4lt\u00e4v\u00e4t:<br data-start=\"245\" data-end=\"248\" \/><strong data-start=\"250\" data-end=\"261\">P\u00e4iv\u00e4m\u00e4\u00e4r\u00e4t<\/strong> \u2013 luonnollinen energian ja kuidun l\u00e4hde<br data-start=\"301\" data-end=\"304\" \/><b>Maap\u00e4hkin\u00e4t<\/b>\u00a0\u2013 t\u00e4ynn\u00e4 hy\u00f6dyllisi\u00e4 rasvoja ja kasviper\u00e4ist\u00e4 proteiinia<br data-start=\"361\" data-end=\"364\" \/><strong data-start=\"366\" data-end=\"394\">Riisi- ja herneproteiini<\/strong> \u2013 korkealaatuista tukea lihaksille ja palautumiselle<br data-start=\"439\" data-end=\"442\" \/><strong data-start=\"444\" data-end=\"460\">Kaakaojauhe<\/strong> \u2013 t\u00e4ytel\u00e4inen maku ja luonnolliset antioksidantit<\/p>\n<ul>\n<li data-start=\"512\" data-end=\"607\">Luomu<\/li>\n<li data-start=\"512\" data-end=\"607\">Vegaani<\/li>\n<li data-start=\"512\" data-end=\"607\">Gluteeniton<\/li>\n<li data-start=\"512\" data-end=\"607\">Ilman puhdistettua sokeria ja keinotekoisia lis\u00e4aineita<\/li>\n<\/ul>\n<p data-start=\"609\" data-end=\"736\" data-is-last-node=\"\" data-is-only-node=\"\">T\u00e4ydellinen v\u00e4lipalaksi ennen tai j\u00e4lkeen treenin, nopeaksi toimistov\u00e4lipalaksi tai tapa aloittaa p\u00e4iv\u00e4. Nauti toinen pallo itsellesi ja jaa toinen!<\/p>","protected":false},"excerpt":{"rendered":"<p>Lae end loodusliku energiaga! Bett\u2019r uued mahep\u00f5llumajandusest p\u00e4rit proteiinipallid kakaot\u00e4idisega on maitsev ja teadlik viis p\u00e4eva k\u00e4ima l\u00fckata. Need v\u00e4ikesed energiapommid sisaldavad:Datleid&hellip;<\/p>","protected":false},"featured_media":106041,"comment_status":"open","ping_status":"closed","template":"","meta":{"wprm-recipe-roundup-name":"","wprm-recipe-roundup-description":""},"product_brand":[11995],"product_cat":[144,160,302],"product_tag":[],"class_list":{"0":"post-106040","1":"product","2":"type-product","3":"status-publish","4":"has-post-thumbnail","6":"product_brand-bettr","7":"product_cat-proteiinibatoonid","8":"product_cat-kommid","9":"product_cat-gluteenivaba","10":"j79_wcxd_expiry_type-expiry-date","12":"first","13":"instock","14":"taxable","15":"shipping-taxable","16":"purchasable","17":"product-type-simple"},"supplier_id":9165,"supplier_sku":"","barcode":"3800233782776","atum_controlled":true,"out_stock_date":null,"out_stock_threshold":null,"inheritable":false,"inbound_stock":0,"stock_on_hold":0,"sold_today":0,"sales_last_days":0,"reserved_stock":0,"customer_returns":0,"warehouse_damage":0,"lost_in_post":0,"other_logs":0,"out_stock_days":18,"lost_sales":12,"has_location":false,"update_date":"2026-05-08T19:19:53","atum_locations":[],"atum_stock_status":"instock","restock_status":false,"low_stock_amount":"","sales_update_date":"2026-04-06T20:01:11","calc_backorders":null,"aioseo_notices":[],"_links":{"self":[{"href":"https:\/\/ecoshop.ee\/fi\/wp-json\/wp\/v2\/product\/106040","targetHints":{"allow":["GET"]}}],"collection":[{"href":"https:\/\/ecoshop.ee\/fi\/wp-json\/wp\/v2\/product"}],"about":[{"href":"https:\/\/ecoshop.ee\/fi\/wp-json\/wp\/v2\/types\/product"}],"replies":[{"embeddable":true,"href":"https:\/\/ecoshop.ee\/fi\/wp-json\/wp\/v2\/comments?post=106040"}],"version-history":[{"count":2,"href":"https:\/\/ecoshop.ee\/fi\/wp-json\/wp\/v2\/product\/106040\/revisions"}],"predecessor-version":[{"id":396159,"href":"https:\/\/ecoshop.ee\/fi\/wp-json\/wp\/v2\/product\/106040\/revisions\/396159"}],"wp:featuredmedia":[{"embeddable":true,"href":"https:\/\/ecoshop.ee\/fi\/wp-json\/wp\/v2\/media\/106041"}],"wp:attachment":[{"href":"https:\/\/ecoshop.ee\/fi\/wp-json\/wp\/v2\/media?parent=106040"}],"wp:term":[{"taxonomy":"product_brand","embeddable":true,"href":"https:\/\/ecoshop.ee\/fi\/wp-json\/wp\/v2\/product_brand?post=106040"},{"taxonomy":"product_cat","embeddable":true,"href":"https:\/\/ecoshop.ee\/fi\/wp-json\/wp\/v2\/product_cat?post=106040"},{"taxonomy":"product_tag","embeddable":true,"href":"https:\/\/ecoshop.ee\/fi\/wp-json\/wp\/v2\/product_tag?post=106040"}],"curies":[{"name":"wp","href":"https:\/\/api.w.org\/{rel}","templated":true}]}}