{"id":194196,"date":"2025-07-28T20:19:53","date_gmt":"2025-07-28T17:19:53","guid":{"rendered":"https:\/\/ecoshop.ee\/?post_type=product&#038;p=194196"},"modified":"2026-05-14T08:32:14","modified_gmt":"2026-05-14T05:32:14","slug":"kalsium-d3-vitamiini-purutabletit","status":"publish","type":"product","link":"https:\/\/ecoshop.ee\/fi\/vegan-toidulisandid\/kaltsium-d3-vitamiin-narimistabletid\/","title":{"rendered":"Kalsium + D3-vitamiini purutabletit"},"content":{"rendered":"<p data-start=\"52\" data-end=\"169\"><strong>Vahvat luut, terveet hampaat ja lihakset!<\/strong><br data-start=\"128\" data-end=\"131\" \/>Yksi tabletti sis\u00e4lt\u00e4\u00e4 400 mg kalsiumia + 200 IU D3-vitamiinia.<\/p>\n<p data-start=\"171\" data-end=\"407\">Kalsiumin ja D3-vitamiinin yhdistelm\u00e4 tukee vahvoja luita, edist\u00e4\u00e4 lihasten toimintaa ja varmistaa p\u00e4ivitt\u00e4isen hyvinvoinnin. Pureskeltavat tabletit ovat k\u00e4yt\u00e4nn\u00f6llisi\u00e4 p\u00e4ivitt\u00e4iseen k\u00e4ytt\u00f6\u00f6n \u2013 erityisesti niille, jotka haluavat pureskella.<\/p>\n<p data-start=\"409\" data-end=\"455\"><strong data-start=\"409\" data-end=\"455\">Miksi valita Vegetology Calcium + D3 -purutabletit?<\/strong><\/p>\n<ul data-start=\"456\" data-end=\"689\">\n<li data-start=\"456\" data-end=\"482\">\n<p data-start=\"458\" data-end=\"482\">Vahvistaa luita ja hampaita<\/p>\n<\/li>\n<li data-start=\"483\" data-end=\"528\">\n<p data-start=\"485\" data-end=\"528\">Tukee lihasten toimintaa ja energia-aineenvaihduntaa<\/p>\n<\/li>\n<li data-start=\"529\" data-end=\"569\">\n<p data-start=\"531\" data-end=\"569\">Edist\u00e4\u00e4 kalsiumin parempaa imeytymist\u00e4<\/p>\n<\/li>\n<li data-start=\"570\" data-end=\"601\">\n<p data-start=\"572\" data-end=\"601\">K\u00e4tev\u00e4 pureskeltava tabletti<\/p>\n<\/li>\n<li data-start=\"602\" data-end=\"689\">\n<p data-start=\"604\" data-end=\"689\">Ei sis\u00e4ll\u00e4 kalaa, merenel\u00e4vi\u00e4 tai el\u00e4inper\u00e4isi\u00e4 ainesosia \u2013 sopii allergikoille ja vegaaneille<\/p>\n<\/li>\n<\/ul>\n<p data-start=\"691\" data-end=\"714\"><strong data-start=\"691\" data-end=\"712\">T\u00e4rkeimm\u00e4t edut:<\/strong><\/p>\n<ul data-start=\"715\" data-end=\"905\">\n<li data-start=\"715\" data-end=\"805\">\n<p data-start=\"717\" data-end=\"805\"><strong data-start=\"717\" data-end=\"730\">Kalsium:<\/strong> Yll\u00e4pit\u00e4\u00e4 luiden ja hampaiden vahvuutta, tukee lihasten toimintaa ja hermostoa.<\/p>\n<\/li>\n<li data-start=\"806\" data-end=\"905\">\n<p data-start=\"808\" data-end=\"905\"><strong data-start=\"808\" data-end=\"824\">D3-vitamiini:<\/strong> Parantaa kalsiumin imeytymist\u00e4 ja auttaa yll\u00e4pit\u00e4m\u00e4\u00e4n veren normaalia kalsiumtasoa.<\/p>\n<\/li>\n<\/ul>\n<p data-start=\"1028\" data-end=\"1055\"><strong data-start=\"1028\" data-end=\"1053\">Sopii kaikkiin el\u00e4m\u00e4nvaiheisiin:<\/strong><\/p>\n<ul data-start=\"1056\" data-end=\"1201\">\n<li data-start=\"1056\" data-end=\"1089\">\n<p data-start=\"1058\" data-end=\"1089\"><strong data-start=\"1058\" data-end=\"1070\">Nuorille<\/strong> \u2013 luuston kehitykseen<\/p>\n<\/li>\n<li data-start=\"1090\" data-end=\"1145\">\n<p data-start=\"1092\" data-end=\"1145\"><strong data-start=\"1092\" data-end=\"1111\">Aikuisille<\/strong> \u2013 aktiivisen el\u00e4m\u00e4ntavan tukemiseksi<\/p>\n<\/li>\n<li data-start=\"1146\" data-end=\"1201\">\n<p data-start=\"1148\" data-end=\"1201\"><strong data-start=\"1148\" data-end=\"1160\">Ik\u00e4\u00e4ntyneille<\/strong> \u2013 yll\u00e4pit\u00e4m\u00e4\u00e4n luuntiheytt\u00e4 ja liikkuvuutta<\/p>\n<\/li>\n<\/ul>\n<p>&nbsp;<\/p>\n<p data-start=\"1051\" data-end=\"1168\"><strong data-start=\"797\" data-end=\"843\">Miksi ottaa kalsiumia ja D3-vitamiinia yhdess\u00e4?<\/strong><br data-start=\"843\" data-end=\"846\" \/>D3-vitamiini parantaa kalsiumin imeytymist\u00e4 ja hy\u00f6dynt\u00e4mist\u00e4 elimist\u00f6ss\u00e4, mik\u00e4 auttaa sinua saamaan kaiken irti lis\u00e4ravinteestasi. Se tukee veren normaaleja kalsiumtasoja ja auttaa yll\u00e4pit\u00e4m\u00e4\u00e4n terveit\u00e4 luita ja hampaita. Ilman riitt\u00e4v\u00e4\u00e4 D3-vitamiinia edes kalsiumia sis\u00e4lt\u00e4v\u00e4 ruokavalio ei v\u00e4ltt\u00e4m\u00e4tt\u00e4 riit\u00e4 varmistamaan luuston terveytt\u00e4.<\/p>","protected":false},"excerpt":{"rendered":"<p>Tugevad luud, terved hambad ja lihased!1 tablett sisaldab 400mg kaltsiumi + 200 IU D3-vitamiini. Kaltsiumi ja D3-vitamiini kombinatsioon toetab tugevaid luid, aitab&hellip;<\/p>","protected":false},"featured_media":194199,"comment_status":"open","ping_status":"closed","template":"","meta":{"wprm-recipe-roundup-name":"","wprm-recipe-roundup-description":""},"product_brand":[12063],"product_cat":[318],"product_tag":[7025,320,342],"class_list":{"0":"post-194196","1":"product","2":"type-product","3":"status-publish","4":"has-post-thumbnail","6":"product_brand-vegetology","7":"product_cat-vegan-toidulisandid","8":"product_tag-kaltsium","9":"product_tag-toidulisand","10":"product_tag-vitamiin-d3","11":"j79_wcxd_expiry_type-best-before","13":"first","14":"instock","15":"taxable","16":"shipping-taxable","17":"purchasable","18":"product-type-simple"},"supplier_id":9147,"supplier_sku":"","barcode":"5060351380805","atum_controlled":true,"out_stock_date":null,"out_stock_threshold":null,"inheritable":false,"inbound_stock":0,"stock_on_hold":0,"sold_today":0,"sales_last_days":1,"reserved_stock":0,"customer_returns":0,"warehouse_damage":0,"lost_in_post":0,"other_logs":0,"out_stock_days":0,"lost_sales":0,"has_location":false,"update_date":"2026-05-16T15:42:17","atum_locations":[],"atum_stock_status":"instock","restock_status":false,"low_stock_amount":"","sales_update_date":"2026-05-16T15:42:17","calc_backorders":null,"aioseo_notices":[],"_links":{"self":[{"href":"https:\/\/ecoshop.ee\/fi\/wp-json\/wp\/v2\/product\/194196","targetHints":{"allow":["GET"]}}],"collection":[{"href":"https:\/\/ecoshop.ee\/fi\/wp-json\/wp\/v2\/product"}],"about":[{"href":"https:\/\/ecoshop.ee\/fi\/wp-json\/wp\/v2\/types\/product"}],"replies":[{"embeddable":true,"href":"https:\/\/ecoshop.ee\/fi\/wp-json\/wp\/v2\/comments?post=194196"}],"version-history":[{"count":0,"href":"https:\/\/ecoshop.ee\/fi\/wp-json\/wp\/v2\/product\/194196\/revisions"}],"wp:featuredmedia":[{"embeddable":true,"href":"https:\/\/ecoshop.ee\/fi\/wp-json\/wp\/v2\/media\/194199"}],"wp:attachment":[{"href":"https:\/\/ecoshop.ee\/fi\/wp-json\/wp\/v2\/media?parent=194196"}],"wp:term":[{"taxonomy":"product_brand","embeddable":true,"href":"https:\/\/ecoshop.ee\/fi\/wp-json\/wp\/v2\/product_brand?post=194196"},{"taxonomy":"product_cat","embeddable":true,"href":"https:\/\/ecoshop.ee\/fi\/wp-json\/wp\/v2\/product_cat?post=194196"},{"taxonomy":"product_tag","embeddable":true,"href":"https:\/\/ecoshop.ee\/fi\/wp-json\/wp\/v2\/product_tag?post=194196"}],"curies":[{"name":"wp","href":"https:\/\/api.w.org\/{rel}","templated":true}]}}