{"id":245460,"date":"2025-08-30T13:10:48","date_gmt":"2025-08-30T10:10:48","guid":{"rendered":"https:\/\/ecoshop.ee\/?post_type=product&#038;p=245460"},"modified":"2026-04-07T10:26:07","modified_gmt":"2026-04-07T07:26:07","slug":"magnesiumkompleksi-ravintolisa","status":"publish","type":"product","link":"https:\/\/ecoshop.ee\/fi\/vegan-toidulisandid\/magneesiumikompleks-toidulisand\/","title":{"rendered":"Magnesiumkompleksiravintolis\u00e4, N60"},"content":{"rendered":"<p data-start=\"170\" data-end=\"214\"><strong data-start=\"170\" data-end=\"212\">Energia-, lihas- ja hermostotuki<\/strong><\/p>\n<p data-start=\"216\" data-end=\"496\">Magnesiumkompleksi yhdist\u00e4\u00e4 helposti imeytyv\u00e4n magnesiumsitraatin, magnesiumoksidin ja B6-vitamiinin tukemaan p\u00e4ivitt\u00e4ist\u00e4 energiatasoa, lihastoimintaa ja luuston vahvuutta. Yhdess\u00e4 ne auttavat v\u00e4hent\u00e4m\u00e4\u00e4n v\u00e4symyst\u00e4, tukemaan hermoston tasapainoa ja edist\u00e4m\u00e4\u00e4n normaalia aineenvaihduntaa.<\/p>\n<ul data-start=\"498\" data-end=\"688\">\n<li data-start=\"498\" data-end=\"552\">\n<p data-start=\"500\" data-end=\"552\">Auttaa v\u00e4hent\u00e4m\u00e4\u00e4n v\u00e4symyst\u00e4 ja tukee energia-aineenvaihduntaa<\/p>\n<\/li>\n<li data-start=\"553\" data-end=\"606\">\n<p data-start=\"555\" data-end=\"606\">Edist\u00e4\u00e4 normaalia lihasten ja hermojen toimintaa<\/p>\n<\/li>\n<li data-start=\"607\" data-end=\"639\">\n<p data-start=\"609\" data-end=\"639\">Pit\u00e4\u00e4 luut ja hampaat vahvoina<\/p>\n<\/li>\n<li data-start=\"640\" data-end=\"688\">\n<p data-start=\"642\" data-end=\"688\">Tukee psyykkist\u00e4 hyvinvointia ja parempaa unta<\/p>\n<\/li>\n<\/ul>\n<p data-start=\"690\" data-end=\"936\">Magnesium on v\u00e4ltt\u00e4m\u00e4t\u00f6n mineraali yli 300 kemiallisessa prosessissa energiantuotannosta lihasten supistumiseen ja hermoston s\u00e4\u00e4telyyn. Yhdess\u00e4 B6-vitamiinin kanssa magnesiumin imeytyminen ja vaikutus tehostuvat, mik\u00e4 varmistaa tehokkaat tulokset.<\/p>","protected":false},"excerpt":{"rendered":"<p>Energia, lihaste ja n\u00e4rvis\u00fcsteemi tugi Magneesiumikompleks \u00fchendab kergesti omastatava magneesiumtsitraadi, magneesiumoksiidi ja B6-vitamiini, et toetada igap\u00e4evast energiataset, lihaste t\u00f6\u00f6d ja luude tugevust.&hellip;<\/p>","protected":false},"featured_media":245461,"comment_status":"open","ping_status":"closed","template":"","meta":{"wprm-recipe-roundup-name":"","wprm-recipe-roundup-description":""},"product_brand":[12063],"product_cat":[318],"product_tag":[7989,320,301],"class_list":{"0":"post-245460","1":"product","2":"type-product","3":"status-publish","4":"has-post-thumbnail","6":"product_brand-vegetology","7":"product_cat-vegan-toidulisandid","8":"product_tag-magneesium","9":"product_tag-toidulisand","10":"product_tag-vegan","11":"j79_wcxd_expiry_type-best-before","13":"first","14":"instock","15":"taxable","16":"shipping-taxable","17":"purchasable","18":"product-type-simple"},"supplier_id":9147,"supplier_sku":"","barcode":"5060351380782","atum_controlled":true,"out_stock_date":null,"out_stock_threshold":null,"inheritable":false,"inbound_stock":0,"stock_on_hold":0,"sold_today":0,"sales_last_days":1,"reserved_stock":0,"customer_returns":0,"warehouse_damage":0,"lost_in_post":0,"other_logs":0,"out_stock_days":0,"lost_sales":0,"has_location":false,"update_date":"2026-04-12T11:22:43","atum_locations":[],"atum_stock_status":"instock","restock_status":false,"low_stock_amount":"","sales_update_date":"2026-04-12T11:22:43","calc_backorders":null,"aioseo_notices":[],"_links":{"self":[{"href":"https:\/\/ecoshop.ee\/fi\/wp-json\/wp\/v2\/product\/245460","targetHints":{"allow":["GET"]}}],"collection":[{"href":"https:\/\/ecoshop.ee\/fi\/wp-json\/wp\/v2\/product"}],"about":[{"href":"https:\/\/ecoshop.ee\/fi\/wp-json\/wp\/v2\/types\/product"}],"replies":[{"embeddable":true,"href":"https:\/\/ecoshop.ee\/fi\/wp-json\/wp\/v2\/comments?post=245460"}],"version-history":[{"count":0,"href":"https:\/\/ecoshop.ee\/fi\/wp-json\/wp\/v2\/product\/245460\/revisions"}],"wp:featuredmedia":[{"embeddable":true,"href":"https:\/\/ecoshop.ee\/fi\/wp-json\/wp\/v2\/media\/245461"}],"wp:attachment":[{"href":"https:\/\/ecoshop.ee\/fi\/wp-json\/wp\/v2\/media?parent=245460"}],"wp:term":[{"taxonomy":"product_brand","embeddable":true,"href":"https:\/\/ecoshop.ee\/fi\/wp-json\/wp\/v2\/product_brand?post=245460"},{"taxonomy":"product_cat","embeddable":true,"href":"https:\/\/ecoshop.ee\/fi\/wp-json\/wp\/v2\/product_cat?post=245460"},{"taxonomy":"product_tag","embeddable":true,"href":"https:\/\/ecoshop.ee\/fi\/wp-json\/wp\/v2\/product_tag?post=245460"}],"curies":[{"name":"wp","href":"https:\/\/api.w.org\/{rel}","templated":true}]}}