{"id":245699,"date":"2025-10-05T13:36:52","date_gmt":"2025-10-05T10:36:52","guid":{"rendered":"https:\/\/ecoshop.ee\/?post_type=product&#038;p=245699"},"modified":"2026-05-14T23:24:11","modified_gmt":"2026-05-14T20:24:11","slug":"vegaaninen-nutella-350-g","status":"publish","type":"product","link":"https:\/\/ecoshop.ee\/fi\/piimad-ja-maarded\/vegan-nutella-350g\/","title":{"rendered":"Vegaaninen Nutella, 350 g"},"content":{"rendered":"<p data-start=\"27\" data-end=\"305\">Nauti maailman kuuluisimmasta levitteest\u00e4 uudessa kasvipohjaisessa muodossa! Nutella Plant-Based tarjoaa saman tutun, pehme\u00e4n hasselp\u00e4hkin\u00e4n ja kaakaon maun, mutta nyt kokonaan kasvipohjaisista ainesosista valmistettuna. Se on kermainen, t\u00e4ytel\u00e4inen ja vastustamattoman herkullinen \u2013 aivan kuten alkuper\u00e4inen, mutta ilman maitotuotteita.<\/p>\n<p data-start=\"307\" data-end=\"413\">Vegaaninen Nutella sopii t\u00e4ydellisesti paahtoleiv\u00e4n, pannukakkujen tai hedelmien kanssa \u2013 jokainen lusikallinen tuo hymyn huulille.<\/p>\n<p data-start=\"415\" data-end=\"622\" data-is-last-node=\"\" data-is-only-node=\"\"><strong data-start=\"415\" data-end=\"420\">\u2022<\/strong> Yrttikoostumus, sama ikoninen maku<br data-start=\"459\" data-end=\"462\" \/><strong data-start=\"462\" data-end=\"467\">\u2022<\/strong> Sis\u00e4lt\u00e4\u00e4 korkealaatuisia ainesosia, kuten kaakaota ja hasselp\u00e4hkin\u00f6it\u00e4<br data-start=\"530\" data-end=\"533\" data-is-only-node=\"\" \/><strong data-start=\"533\" data-end=\"538\">\u2022<\/strong> Kermainen ja helposti levittyv\u00e4 koostumus<br data-start=\"577\" data-end=\"580\" \/><strong data-start=\"580\" data-end=\"585\">\u2022<\/strong> Vegaaninen herkku mihin tahansa tilaisuuteen<\/p>","protected":false},"excerpt":{"rendered":"<p>Naudi maailma tuntuimat m\u00e4\u00e4ret uuel taimsel kujul! Nutella Plant-Based pakub sama tuttavat mahedat sarapuup\u00e4hkli ja kakao maitset, kuid n\u00fc\u00fcd t\u00e4ielikult taimsetest koostisosadest.&hellip;<\/p>","protected":false},"featured_media":245700,"comment_status":"open","ping_status":"closed","template":"","meta":{"wprm-recipe-roundup-name":"","wprm-recipe-roundup-description":""},"product_brand":[],"product_cat":[325,141,160],"product_tag":[7995,7994,301],"class_list":{"0":"post-245699","1":"product","2":"type-product","3":"status-publish","4":"has-post-thumbnail","6":"product_cat-piimad-ja-maarded","7":"product_cat-sokolaadid","8":"product_cat-kommid","9":"product_tag-maarded","10":"product_tag-nutella","11":"product_tag-vegan","12":"j79_wcxd_expiry_type-best-before","14":"first","15":"instock","16":"taxable","17":"shipping-taxable","18":"purchasable","19":"product-type-simple"},"supplier_id":9158,"supplier_sku":"","barcode":"8000500426494","atum_controlled":true,"out_stock_date":null,"out_stock_threshold":null,"inheritable":false,"inbound_stock":0,"stock_on_hold":0,"sold_today":0,"sales_last_days":0,"reserved_stock":0,"customer_returns":0,"warehouse_damage":0,"lost_in_post":0,"other_logs":0,"out_stock_days":76,"lost_sales":86,"has_location":false,"update_date":"2026-05-14T20:24:16","atum_locations":[],"atum_stock_status":"instock","restock_status":false,"low_stock_amount":"","sales_update_date":"2026-03-23T16:05:57","calc_backorders":null,"aioseo_notices":[],"_links":{"self":[{"href":"https:\/\/ecoshop.ee\/fi\/wp-json\/wp\/v2\/product\/245699","targetHints":{"allow":["GET"]}}],"collection":[{"href":"https:\/\/ecoshop.ee\/fi\/wp-json\/wp\/v2\/product"}],"about":[{"href":"https:\/\/ecoshop.ee\/fi\/wp-json\/wp\/v2\/types\/product"}],"replies":[{"embeddable":true,"href":"https:\/\/ecoshop.ee\/fi\/wp-json\/wp\/v2\/comments?post=245699"}],"version-history":[{"count":1,"href":"https:\/\/ecoshop.ee\/fi\/wp-json\/wp\/v2\/product\/245699\/revisions"}],"predecessor-version":[{"id":396266,"href":"https:\/\/ecoshop.ee\/fi\/wp-json\/wp\/v2\/product\/245699\/revisions\/396266"}],"wp:featuredmedia":[{"embeddable":true,"href":"https:\/\/ecoshop.ee\/fi\/wp-json\/wp\/v2\/media\/245700"}],"wp:attachment":[{"href":"https:\/\/ecoshop.ee\/fi\/wp-json\/wp\/v2\/media?parent=245699"}],"wp:term":[{"taxonomy":"product_brand","embeddable":true,"href":"https:\/\/ecoshop.ee\/fi\/wp-json\/wp\/v2\/product_brand?post=245699"},{"taxonomy":"product_cat","embeddable":true,"href":"https:\/\/ecoshop.ee\/fi\/wp-json\/wp\/v2\/product_cat?post=245699"},{"taxonomy":"product_tag","embeddable":true,"href":"https:\/\/ecoshop.ee\/fi\/wp-json\/wp\/v2\/product_tag?post=245699"}],"curies":[{"name":"wp","href":"https:\/\/api.w.org\/{rel}","templated":true}]}}