{"id":245757,"date":"2025-10-08T22:23:43","date_gmt":"2025-10-08T19:23:43","guid":{"rendered":"https:\/\/ecoshop.ee\/?post_type=product&#038;p=245757"},"modified":"2026-05-08T20:31:03","modified_gmt":"2026-05-08T17:31:03","slug":"naughty-nuts-suolatun-karamellin-taytetyt-maapahkinavoikupit-39g","status":"publish","type":"product","link":"https:\/\/ecoshop.ee\/fi\/kommid\/naughty-nuts-soolakaramelli-taidisega-pahklivoikausid-39g\/","title":{"rendered":"Naughty Nuts suolatulla karamellilla t\u00e4ytetyt maap\u00e4hkin\u00e4voikupit, 39g"},"content":{"rendered":"<p data-start=\"56\" data-end=\"242\">Todellinen herkku \u2013 pehme\u00e4 ja kermainen maap\u00e4hkin\u00e4voikarkki, jonka suussa sulava suolakinuskit\u00e4yte tuo esiin makean ja suolaisen t\u00e4ydellisen harmonian. Jokainen puraisu on kuin pieni autuuden hetki.<\/p>\n<p data-start=\"244\" data-end=\"460\">Valmistettu vain parhaista ainesosista \u2013 ei palmu\u00f6ljy\u00e4, ei teollista sokeria ja t\u00e4ysin vegaaninen. <strong data-start=\"352\" data-end=\"373\">44% v\u00e4hemm\u00e4n sokeria<\/strong> kuin tavallisissa maap\u00e4hkin\u00e4voikarkeissa, mutta maku on viel\u00e4kin rikkaampi ja nautinnollisempi.<\/p>\n<p data-start=\"462\" data-end=\"569\" data-is-last-node=\"\" data-is-only-node=\"\">Naughty Nuts tuo sinulle karamellimaisen kermaisen unelman, joka saa sinut hymyilem\u00e4\u00e4n joka kerta, kun avaat paketin.<\/p>","protected":false},"excerpt":{"rendered":"<p>T\u00f5eline nauding \u2013 pehme ja kreemine soolakaramellit\u00e4idisega maap\u00e4hkliv\u00f5ikomm, mis sulab suus ja toob esile magusa ning soolase t\u00e4iusliku harmoonia. Iga amps on&hellip;<\/p>","protected":false},"featured_media":245758,"comment_status":"open","ping_status":"closed","template":"","meta":{"wprm-recipe-roundup-name":"","wprm-recipe-roundup-description":""},"product_brand":[12000],"product_cat":[160],"product_tag":[288],"class_list":{"0":"post-245757","1":"product","2":"type-product","3":"status-publish","4":"has-post-thumbnail","6":"product_brand-naughty-nuts","7":"product_cat-kommid","8":"product_tag-pahklivoikausid","9":"j79_wcxd_expiry_type-expiry-date","11":"first","12":"instock","13":"taxable","14":"shipping-taxable","15":"purchasable","16":"product-type-simple"},"supplier_id":9165,"supplier_sku":"","barcode":"4260737541627","atum_controlled":true,"out_stock_date":null,"out_stock_threshold":null,"inheritable":false,"inbound_stock":0,"stock_on_hold":0,"sold_today":0,"sales_last_days":0,"reserved_stock":0,"customer_returns":0,"warehouse_damage":0,"lost_in_post":0,"other_logs":0,"out_stock_days":170,"lost_sales":798,"has_location":false,"update_date":"2026-05-08T17:31:04","atum_locations":[],"atum_stock_status":"instock","restock_status":false,"low_stock_amount":"","sales_update_date":"2026-04-06T20:01:11","calc_backorders":null,"aioseo_notices":[],"_links":{"self":[{"href":"https:\/\/ecoshop.ee\/fi\/wp-json\/wp\/v2\/product\/245757","targetHints":{"allow":["GET"]}}],"collection":[{"href":"https:\/\/ecoshop.ee\/fi\/wp-json\/wp\/v2\/product"}],"about":[{"href":"https:\/\/ecoshop.ee\/fi\/wp-json\/wp\/v2\/types\/product"}],"replies":[{"embeddable":true,"href":"https:\/\/ecoshop.ee\/fi\/wp-json\/wp\/v2\/comments?post=245757"}],"version-history":[{"count":1,"href":"https:\/\/ecoshop.ee\/fi\/wp-json\/wp\/v2\/product\/245757\/revisions"}],"predecessor-version":[{"id":396131,"href":"https:\/\/ecoshop.ee\/fi\/wp-json\/wp\/v2\/product\/245757\/revisions\/396131"}],"wp:featuredmedia":[{"embeddable":true,"href":"https:\/\/ecoshop.ee\/fi\/wp-json\/wp\/v2\/media\/245758"}],"wp:attachment":[{"href":"https:\/\/ecoshop.ee\/fi\/wp-json\/wp\/v2\/media?parent=245757"}],"wp:term":[{"taxonomy":"product_brand","embeddable":true,"href":"https:\/\/ecoshop.ee\/fi\/wp-json\/wp\/v2\/product_brand?post=245757"},{"taxonomy":"product_cat","embeddable":true,"href":"https:\/\/ecoshop.ee\/fi\/wp-json\/wp\/v2\/product_cat?post=245757"},{"taxonomy":"product_tag","embeddable":true,"href":"https:\/\/ecoshop.ee\/fi\/wp-json\/wp\/v2\/product_tag?post=245757"}],"curies":[{"name":"wp","href":"https:\/\/api.w.org\/{rel}","templated":true}]}}