{"id":245761,"date":"2025-10-08T22:37:45","date_gmt":"2025-10-08T19:37:45","guid":{"rendered":"https:\/\/ecoshop.ee\/?post_type=product&#038;p=245761"},"modified":"2026-05-08T20:29:31","modified_gmt":"2026-05-08T17:29:31","slug":"bettr-pistaasipahkinataytteiset-saksanpahkinavoikulhot-39g","status":"publish","type":"product","link":"https:\/\/ecoshop.ee\/fi\/kommid\/bettr-pistaatsia-taidisega-pahklivoikausid-39g\/","title":{"rendered":"Bett&#039;r pistaasip\u00e4hkin\u00e4t\u00e4ytteiset p\u00e4hkin\u00e4voikulhot, 39 g"},"content":{"rendered":"<p data-start=\"58\" data-end=\"271\">Bett&#039;rin pistaasip\u00e4hkin\u00e4t\u00e4ytteiset p\u00e4hkin\u00e4voikulhot ovat ylellinen herkku, joka saa sinut unohtamaan kaikki muut suklaat! Pehme\u00e4 suolattu pistaasivoit\u00e4yte sulaa suussasi ja luo vastustamattoman kermaisen makuel\u00e4myksen, jossa t\u00e4ytel\u00e4inen suklaa ja hieman suolainen pistaasip\u00e4hkin\u00e4 kohtaavat.<\/p>\n<p data-start=\"273\" data-end=\"444\" data-is-last-node=\"\" data-is-only-node=\"\">Valmistettu ilman palmu\u00f6ljy\u00e4, ilman teollista sokeria ja t\u00e4ysin vegaaninen - puhdasta nautintoa joka puraisulla. Naughty Nuts tuo pistaasirakkauden herkullisimpaan muotoonsa.<\/p>","protected":false},"excerpt":{"rendered":"<p>Bett&#8217;r pistaatsia t\u00e4idisega p\u00e4hkliv\u00f5ikausid on luksuslik maius, mis paneb unustama k\u00f5ik muud \u0161okolaadid! Pehme soolapistaatsiav\u00f5i t\u00e4idis sulab suus ja loob vastupandamatult kreemise&hellip;<\/p>","protected":false},"featured_media":245762,"comment_status":"open","ping_status":"closed","template":"","meta":{"wprm-recipe-roundup-name":"","wprm-recipe-roundup-description":""},"product_brand":[11995],"product_cat":[160],"product_tag":[288],"class_list":{"0":"post-245761","1":"product","2":"type-product","3":"status-publish","4":"has-post-thumbnail","6":"product_brand-bettr","7":"product_cat-kommid","8":"product_tag-pahklivoikausid","9":"j79_wcxd_expiry_type-expiry-date","11":"first","12":"instock","13":"taxable","14":"shipping-taxable","15":"purchasable","16":"product-type-simple"},"supplier_id":9165,"supplier_sku":"","barcode":"3800233782936","atum_controlled":true,"out_stock_date":null,"out_stock_threshold":null,"inheritable":false,"inbound_stock":0,"stock_on_hold":0,"sold_today":0,"sales_last_days":0,"reserved_stock":0,"customer_returns":0,"warehouse_damage":0,"lost_in_post":0,"other_logs":0,"out_stock_days":0,"lost_sales":0,"has_location":false,"update_date":"2026-05-08T17:29:33","atum_locations":[],"atum_stock_status":"instock","restock_status":false,"low_stock_amount":"","sales_update_date":"2026-04-06T20:01:11","calc_backorders":null,"aioseo_notices":[],"_links":{"self":[{"href":"https:\/\/ecoshop.ee\/fi\/wp-json\/wp\/v2\/product\/245761","targetHints":{"allow":["GET"]}}],"collection":[{"href":"https:\/\/ecoshop.ee\/fi\/wp-json\/wp\/v2\/product"}],"about":[{"href":"https:\/\/ecoshop.ee\/fi\/wp-json\/wp\/v2\/types\/product"}],"replies":[{"embeddable":true,"href":"https:\/\/ecoshop.ee\/fi\/wp-json\/wp\/v2\/comments?post=245761"}],"version-history":[{"count":1,"href":"https:\/\/ecoshop.ee\/fi\/wp-json\/wp\/v2\/product\/245761\/revisions"}],"predecessor-version":[{"id":396130,"href":"https:\/\/ecoshop.ee\/fi\/wp-json\/wp\/v2\/product\/245761\/revisions\/396130"}],"wp:featuredmedia":[{"embeddable":true,"href":"https:\/\/ecoshop.ee\/fi\/wp-json\/wp\/v2\/media\/245762"}],"wp:attachment":[{"href":"https:\/\/ecoshop.ee\/fi\/wp-json\/wp\/v2\/media?parent=245761"}],"wp:term":[{"taxonomy":"product_brand","embeddable":true,"href":"https:\/\/ecoshop.ee\/fi\/wp-json\/wp\/v2\/product_brand?post=245761"},{"taxonomy":"product_cat","embeddable":true,"href":"https:\/\/ecoshop.ee\/fi\/wp-json\/wp\/v2\/product_cat?post=245761"},{"taxonomy":"product_tag","embeddable":true,"href":"https:\/\/ecoshop.ee\/fi\/wp-json\/wp\/v2\/product_tag?post=245761"}],"curies":[{"name":"wp","href":"https:\/\/api.w.org\/{rel}","templated":true}]}}